{"id":4136,"date":"2025-05-17T20:04:37","date_gmt":"2025-05-18T01:04:37","guid":{"rendered":"https:\/\/tiendasamor.com\/?post_type=product&#038;p=4136"},"modified":"2025-05-17T20:05:33","modified_gmt":"2025-05-18T01:05:33","slug":"arnes-funda-extensora-de-pene-vito","status":"publish","type":"product","link":"https:\/\/tiendasamor.com\/index.php\/producto\/arnes-funda-extensora-de-pene-vito\/","title":{"rendered":"ARNES + FUNDA EXTENSORA DE PENE &#8211; VITO"},"content":{"rendered":"<p>Lleva tus juegos de penetraci\u00f3n al siguiente nivel y disfruta de una sesi\u00f3n con nuestro fabuloso arn\u00e9s de placer. El delicioso eje de este consolador con arn\u00e9s es veteado y su cabeza, perfectamente dise\u00f1ada, te proporciona m\u00e1xima estimulaci\u00f3n y penetraci\u00f3n. Incluye un consolador con arn\u00e9s, un arn\u00e9s el\u00e1stico grueso, c\u00f3modo y ajustable, y un vibrador potente pero silencioso. Un consolador con arn\u00e9s favorito que ofrece una relaci\u00f3n calidad-precio incre\u00edble y satisfacci\u00f3n plena.<\/p>\n<pre>LARGO TOTAL: 17.3 CM\r\n\u2022 INSERTABLE: 16.8 CM\r\n\u2022 GROSOR: 4.1 CM\r\n\u2022 VIBRACI\u00d3N \u2013 MULTIPLES NIVELES\r\n\u2022 CORREA AJUSTABLE\r\n\u2022 MATERIAL: SILICONA ABS, GOMA\r\n\u2022 3 BATER\u00cdAS AAA<\/pre>\n","protected":false},"excerpt":{"rendered":"<p>Lleva tus juegos de penetraci\u00f3n al siguiente nivel y disfruta de una sesi\u00f3n con nuestro fabuloso arn\u00e9s de placer. El delicioso eje de este consolador con arn\u00e9s es veteado y su cabeza, perfectamente dise\u00f1ada, te proporciona m\u00e1xima estimulaci\u00f3n y penetraci\u00f3n. Incluye un consolador con arn\u00e9s, un arn\u00e9s el\u00e1stico grueso, c\u00f3modo y ajustable, y un vibrador [&hellip;]<\/p>\n","protected":false},"featured_media":4144,"comment_status":"open","ping_status":"closed","template":"","meta":[],"product_brand":[],"product_cat":[45,46],"product_tag":[],"class_list":{"0":"post-4136","1":"product","2":"type-product","3":"status-publish","4":"has-post-thumbnail","6":"product_cat-fundas-extensoras","7":"product_cat-protesis","9":"first","10":"instock","11":"shipping-taxable","12":"purchasable","13":"product-type-simple"},"_links":{"self":[{"href":"https:\/\/tiendasamor.com\/index.php\/wp-json\/wp\/v2\/product\/4136","targetHints":{"allow":["GET"]}}],"collection":[{"href":"https:\/\/tiendasamor.com\/index.php\/wp-json\/wp\/v2\/product"}],"about":[{"href":"https:\/\/tiendasamor.com\/index.php\/wp-json\/wp\/v2\/types\/product"}],"replies":[{"embeddable":true,"href":"https:\/\/tiendasamor.com\/index.php\/wp-json\/wp\/v2\/comments?post=4136"}],"wp:featuredmedia":[{"embeddable":true,"href":"https:\/\/tiendasamor.com\/index.php\/wp-json\/wp\/v2\/media\/4144"}],"wp:attachment":[{"href":"https:\/\/tiendasamor.com\/index.php\/wp-json\/wp\/v2\/media?parent=4136"}],"wp:term":[{"taxonomy":"product_brand","embeddable":true,"href":"https:\/\/tiendasamor.com\/index.php\/wp-json\/wp\/v2\/product_brand?post=4136"},{"taxonomy":"product_cat","embeddable":true,"href":"https:\/\/tiendasamor.com\/index.php\/wp-json\/wp\/v2\/product_cat?post=4136"},{"taxonomy":"product_tag","embeddable":true,"href":"https:\/\/tiendasamor.com\/index.php\/wp-json\/wp\/v2\/product_tag?post=4136"}],"curies":[{"name":"wp","href":"https:\/\/api.w.org\/{rel}","templated":true}]}}