{"id":4127,"date":"2025-05-17T19:47:10","date_gmt":"2025-05-18T00:47:10","guid":{"rendered":"https:\/\/tiendasamor.com\/?post_type=product&#038;p=4127"},"modified":"2025-05-17T19:47:10","modified_gmt":"2025-05-18T00:47:10","slug":"varita-magica-federer","status":"publish","type":"product","link":"https:\/\/tiendasamor.com\/index.php\/producto\/varita-magica-federer\/","title":{"rendered":"VARITA M\u00c1GICA \u2013 FEDERER"},"content":{"rendered":"<ul>\n<li><strong>VIBRADOR VARITA M\u00c1GICA \u2013 FEDERER<\/strong>\u00a0tiene una cuenta con una forma de<strong>\u00a0espiral<\/strong>\u00a0que sirve para estimular con sus\u00a0<strong>12 potentes niveles de vibraci\u00f3n<\/strong>\u00a0tus paredes vaginales,\u00a0<strong>Punto G<\/strong>,\u00a0<strong>cl\u00edtoris<\/strong>, y\u00a0<strong>ano<\/strong>\u00a0para llevarte al\u00a0<strong>orgasmo<\/strong>\u00a0que siempre so\u00f1aste.<\/li>\n<li>Por su innovadora forma en espiral tambi\u00e9n puede ayudarte con la dilataci\u00f3n de tu ano, pues con cada parte de la espiral estar\u00e1s dilat\u00e1ndolo hasta llegar al punto de m\u00e1ximo placer deseado.<\/li>\n<li>Te asegura\u00a0<strong>orgasmos espectaculares<\/strong>\u00a0ya que cuenta con\u00a0<strong>12 diferentes niveles de intensidad de vibraci\u00f3n<\/strong>\u00a0que estimularan directamente tus principales zonas er\u00f3genas.<\/li>\n<li>Es recomendable utilizarla con un\u00a0<strong>lubricante en base a agua<\/strong>.<\/li>\n<\/ul>\n<h2><strong>\u00bfQu\u00e9 zonas te estimula?<\/strong><\/h2>\n<ul>\n<li><strong>VIBRADOR VARITA M\u00c1GICA \u2013 FEDERER<\/strong>\u00a0estimula principalmente tu\u00a0<strong>Vagina<\/strong>\u00a0que contiene millones de terminaciones nerviosas que te llevan a\u00a0<strong>orgasmos alucinantes<\/strong>.<\/li>\n<li>Otras zonas er\u00f3genas que puede estimularte es el\u00a0<strong>ano<\/strong>.<\/li>\n<\/ul>\n<h2><strong>Instrucciones de Uso<\/strong><\/h2>\n<ul>\n<li>Para\u00a0<strong>encender a<\/strong>\u00a0<strong>VIBRADOR VARITA M\u00c1GICA \u2013 FEDERER<\/strong>: Presiona el\u00a0<strong>bot\u00f3n de encendido<\/strong>\u00a0durante\u00a0<strong>3 segundos<\/strong>. Para\u00a0<strong>apagarla\u00a0<\/strong>presiona el\u00a0<strong>mismo bot\u00f3n<\/strong>\u00a0durante\u00a0<strong>3 segundos<\/strong>.<\/li>\n<li>Para utilizar la\u00a0<strong>vibraci\u00f3n<\/strong>\u00a0presiona el\u00a0<strong>bot\u00f3n ubicado debajo del bot\u00f3n de encendido<\/strong>\u00a0y navega a trav\u00e9s de los\u00a0<strong>12 diferentes niveles de vibraci\u00f3n<\/strong>.<\/li>\n<li>Es recomendable utilizarla con un\u00a0<strong>lubricante en base a agua<\/strong>.<\/li>\n<\/ul>\n<h2><strong>Caracter\u00edsticas<\/strong><\/h2>\n<ul>\n<li><strong>VIBRADOR VARITA M\u00c1GICA \u2013 FEDERER<\/strong>\u00a0cuenta con la\u00a0<strong>garant\u00eda\u00a0<\/strong>y<strong>\u00a0excelente<\/strong>\u00a0<strong>calidad\u00a0<\/strong>de\u00a0<strong>PRETTY LOVE.<\/strong><\/li>\n<li>Cuenta con 12 niveles de vibraci\u00f3n.<\/li>\n<li>Es recargable mediante cable USB.<\/li>\n<li>Es 100% lavable.<\/li>\n<\/ul>\n","protected":false},"excerpt":{"rendered":"<p>VIBRADOR VARITA M\u00c1GICA \u2013 FEDERER\u00a0tiene una cuenta con una forma de\u00a0espiral\u00a0que sirve para estimular con sus\u00a012 potentes niveles de vibraci\u00f3n\u00a0tus paredes vaginales,\u00a0Punto G,\u00a0cl\u00edtoris, y\u00a0ano\u00a0para llevarte al\u00a0orgasmo\u00a0que siempre so\u00f1aste. Por su innovadora forma en espiral tambi\u00e9n puede ayudarte con la dilataci\u00f3n de tu ano, pues con cada parte de la espiral estar\u00e1s dilat\u00e1ndolo hasta llegar al [&hellip;]<\/p>\n","protected":false},"featured_media":4131,"comment_status":"open","ping_status":"closed","template":"","meta":[],"product_brand":[],"product_cat":[35,27],"product_tag":[],"class_list":{"0":"post-4127","1":"product","2":"type-product","3":"status-publish","4":"has-post-thumbnail","6":"product_cat-anales","7":"product_cat-vibradores","9":"first","10":"instock","11":"shipping-taxable","12":"purchasable","13":"product-type-simple"},"_links":{"self":[{"href":"https:\/\/tiendasamor.com\/index.php\/wp-json\/wp\/v2\/product\/4127","targetHints":{"allow":["GET"]}}],"collection":[{"href":"https:\/\/tiendasamor.com\/index.php\/wp-json\/wp\/v2\/product"}],"about":[{"href":"https:\/\/tiendasamor.com\/index.php\/wp-json\/wp\/v2\/types\/product"}],"replies":[{"embeddable":true,"href":"https:\/\/tiendasamor.com\/index.php\/wp-json\/wp\/v2\/comments?post=4127"}],"wp:featuredmedia":[{"embeddable":true,"href":"https:\/\/tiendasamor.com\/index.php\/wp-json\/wp\/v2\/media\/4131"}],"wp:attachment":[{"href":"https:\/\/tiendasamor.com\/index.php\/wp-json\/wp\/v2\/media?parent=4127"}],"wp:term":[{"taxonomy":"product_brand","embeddable":true,"href":"https:\/\/tiendasamor.com\/index.php\/wp-json\/wp\/v2\/product_brand?post=4127"},{"taxonomy":"product_cat","embeddable":true,"href":"https:\/\/tiendasamor.com\/index.php\/wp-json\/wp\/v2\/product_cat?post=4127"},{"taxonomy":"product_tag","embeddable":true,"href":"https:\/\/tiendasamor.com\/index.php\/wp-json\/wp\/v2\/product_tag?post=4127"}],"curies":[{"name":"wp","href":"https:\/\/api.w.org\/{rel}","templated":true}]}}