{"id":4118,"date":"2025-05-17T19:39:01","date_gmt":"2025-05-18T00:39:01","guid":{"rendered":"https:\/\/tiendasamor.com\/?post_type=product&#038;p=4118"},"modified":"2025-05-17T19:39:02","modified_gmt":"2025-05-18T00:39:02","slug":"butt-riders","status":"publish","type":"product","link":"https:\/\/tiendasamor.com\/index.php\/producto\/butt-riders\/","title":{"rendered":"BUTT RIDERS"},"content":{"rendered":"<p><span>Un tap\u00f3n anal s\u00f3lido con un cuerpo redondeado para una estimulaci\u00f3n m\u00e1xima. Este exclusivo tap\u00f3n anal redondeado es suave y liso, ofreciendo el m\u00e1ximo placer. Su cuerpo redondeado y graduado proporciona una estimulaci\u00f3n anal absolutamente alucinante. Si a\u00fan no has explorado los placeres de la estimulaci\u00f3n anal, es hora de probarlo. Con la llegada de este nuevo tap\u00f3n anal, el list\u00f3n de los juguetes sexuales anales ha subido al siguiente nivel. \u00a1Muy recomendable<\/span><\/p>\n<p>&nbsp;<\/p>\n","protected":false},"excerpt":{"rendered":"<p>Un tap\u00f3n anal s\u00f3lido con un cuerpo redondeado para una estimulaci\u00f3n m\u00e1xima. Este exclusivo tap\u00f3n anal redondeado es suave y liso, ofreciendo el m\u00e1ximo placer. Su cuerpo redondeado y graduado proporciona una estimulaci\u00f3n anal absolutamente alucinante. Si a\u00fan no has explorado los placeres de la estimulaci\u00f3n anal, es hora de probarlo. Con la llegada de [&hellip;]<\/p>\n","protected":false},"featured_media":4126,"comment_status":"open","ping_status":"closed","template":"","meta":[],"product_brand":[],"product_cat":[35,40],"product_tag":[],"class_list":{"0":"post-4118","1":"product","2":"type-product","3":"status-publish","4":"has-post-thumbnail","6":"product_cat-anales","7":"product_cat-bolas-chinas","9":"first","10":"instock","11":"shipping-taxable","12":"purchasable","13":"product-type-simple"},"_links":{"self":[{"href":"https:\/\/tiendasamor.com\/index.php\/wp-json\/wp\/v2\/product\/4118","targetHints":{"allow":["GET"]}}],"collection":[{"href":"https:\/\/tiendasamor.com\/index.php\/wp-json\/wp\/v2\/product"}],"about":[{"href":"https:\/\/tiendasamor.com\/index.php\/wp-json\/wp\/v2\/types\/product"}],"replies":[{"embeddable":true,"href":"https:\/\/tiendasamor.com\/index.php\/wp-json\/wp\/v2\/comments?post=4118"}],"wp:featuredmedia":[{"embeddable":true,"href":"https:\/\/tiendasamor.com\/index.php\/wp-json\/wp\/v2\/media\/4126"}],"wp:attachment":[{"href":"https:\/\/tiendasamor.com\/index.php\/wp-json\/wp\/v2\/media?parent=4118"}],"wp:term":[{"taxonomy":"product_brand","embeddable":true,"href":"https:\/\/tiendasamor.com\/index.php\/wp-json\/wp\/v2\/product_brand?post=4118"},{"taxonomy":"product_cat","embeddable":true,"href":"https:\/\/tiendasamor.com\/index.php\/wp-json\/wp\/v2\/product_cat?post=4118"},{"taxonomy":"product_tag","embeddable":true,"href":"https:\/\/tiendasamor.com\/index.php\/wp-json\/wp\/v2\/product_tag?post=4118"}],"curies":[{"name":"wp","href":"https:\/\/api.w.org\/{rel}","templated":true}]}}