{"id":4101,"date":"2025-05-17T19:22:42","date_gmt":"2025-05-18T00:22:42","guid":{"rendered":"https:\/\/tiendasamor.com\/?post_type=product&#038;p=4101"},"modified":"2025-05-17T19:22:42","modified_gmt":"2025-05-18T00:22:42","slug":"vibrador-dong","status":"publish","type":"product","link":"https:\/\/tiendasamor.com\/index.php\/producto\/vibrador-dong\/","title":{"rendered":"Vibrador Dong"},"content":{"rendered":"<p>De la punta a la base, este consolador de exquisita elaboraci\u00f3n te satisfar\u00e1 por completo. Sus test\u00edculos tienen el peso perfecto para que se sientan como si fueran de verdad. Con venas en toda su extensi\u00f3n, este pene realista cuenta con una ventosa en la base para ofrecerte la experiencia definitiva sin usar las manos. El control remoto controla la vibraci\u00f3n y la rotaci\u00f3n a varias velocidades.<\/p>\n<table border=\"0\" width=\"100%\" cellspacing=\"1\" cellpadding=\"3\" bgcolor=\"#dddddd\">\n<tbody>\n<tr>\n<td align=\"left\" width=\"30%\">Funci\u00f3n<\/td>\n<td align=\"left\" width=\"70%\">Vibraci\u00f3n<\/td>\n<\/tr>\n<tr>\n<td align=\"left\" width=\"30%\">Material<\/td>\n<td align=\"left\" width=\"70%\">TPR<\/td>\n<\/tr>\n<tr>\n<td align=\"left\" width=\"30%\">Fuerza<\/td>\n<td align=\"left\" width=\"70%\">2 pilas AA<\/td>\n<\/tr>\n<\/tbody>\n<\/table>\n","protected":false},"excerpt":{"rendered":"<p>De la punta a la base, este consolador de exquisita elaboraci\u00f3n te satisfar\u00e1 por completo. Sus test\u00edculos tienen el peso perfecto para que se sientan como si fueran de verdad. Con venas en toda su extensi\u00f3n, este pene realista cuenta con una ventosa en la base para ofrecerte la experiencia definitiva sin usar las manos. [&hellip;]<\/p>\n","protected":false},"featured_media":4107,"comment_status":"open","ping_status":"closed","template":"","meta":[],"product_brand":[],"product_cat":[27],"product_tag":[],"class_list":{"0":"post-4101","1":"product","2":"type-product","3":"status-publish","4":"has-post-thumbnail","6":"product_cat-vibradores","8":"first","9":"instock","10":"shipping-taxable","11":"purchasable","12":"product-type-simple"},"_links":{"self":[{"href":"https:\/\/tiendasamor.com\/index.php\/wp-json\/wp\/v2\/product\/4101","targetHints":{"allow":["GET"]}}],"collection":[{"href":"https:\/\/tiendasamor.com\/index.php\/wp-json\/wp\/v2\/product"}],"about":[{"href":"https:\/\/tiendasamor.com\/index.php\/wp-json\/wp\/v2\/types\/product"}],"replies":[{"embeddable":true,"href":"https:\/\/tiendasamor.com\/index.php\/wp-json\/wp\/v2\/comments?post=4101"}],"wp:featuredmedia":[{"embeddable":true,"href":"https:\/\/tiendasamor.com\/index.php\/wp-json\/wp\/v2\/media\/4107"}],"wp:attachment":[{"href":"https:\/\/tiendasamor.com\/index.php\/wp-json\/wp\/v2\/media?parent=4101"}],"wp:term":[{"taxonomy":"product_brand","embeddable":true,"href":"https:\/\/tiendasamor.com\/index.php\/wp-json\/wp\/v2\/product_brand?post=4101"},{"taxonomy":"product_cat","embeddable":true,"href":"https:\/\/tiendasamor.com\/index.php\/wp-json\/wp\/v2\/product_cat?post=4101"},{"taxonomy":"product_tag","embeddable":true,"href":"https:\/\/tiendasamor.com\/index.php\/wp-json\/wp\/v2\/product_tag?post=4101"}],"curies":[{"name":"wp","href":"https:\/\/api.w.org\/{rel}","templated":true}]}}