{"id":4091,"date":"2025-05-17T19:15:52","date_gmt":"2025-05-18T00:15:52","guid":{"rendered":"https:\/\/tiendasamor.com\/?post_type=product&#038;p=4091"},"modified":"2025-05-17T19:15:52","modified_gmt":"2025-05-18T00:15:52","slug":"anillo-vibrador-doble-penetracion-hercules","status":"publish","type":"product","link":"https:\/\/tiendasamor.com\/index.php\/producto\/anillo-vibrador-doble-penetracion-hercules\/","title":{"rendered":"Anillo Vibrador Doble Penetraci\u00f3n H\u00e9rcules"},"content":{"rendered":"<p>Este anillo vibrador para el pene con 10 funciones proporciona erecciones asistidas m\u00e1s largas y firmes, adem\u00e1s de retrasar la eyaculaci\u00f3n para una satisfacci\u00f3n prolongada. Dise\u00f1ado con todas las caracter\u00edsticas de un anillo para el pene, restringiendo el flujo sangu\u00edneo para mantenerlo congestionado, tambi\u00e9n cuenta con una robusta plataforma vibratoria. Su magn\u00edfico acabado de silicona te proporcionar\u00e1 una sensaci\u00f3n incre\u00edble durante largas sesiones de sexo, ya que te mantendr\u00e1 excitado por m\u00e1s tiempo. Sus diez funciones de vibraci\u00f3n te permiten experimentar con pulsos y velocidades, cada una capaz de llevarte a un cl\u00edmax alucinante.<\/p>\n<table border=\"0\" width=\"100%\" cellspacing=\"1\" cellpadding=\"3\" bgcolor=\"#dddddd\">\n<tbody>\n<tr>\n<td align=\"left\" width=\"30%\">Funci\u00f3n<\/td>\n<td align=\"left\" width=\"70%\">10 funciones de vibraci\u00f3n<\/td>\n<\/tr>\n<tr>\n<td align=\"left\" width=\"30%\">Material<\/td>\n<td align=\"left\" width=\"70%\">Silicona<\/td>\n<\/tr>\n<tr>\n<td align=\"left\" width=\"30%\">Fuerza<\/td>\n<td align=\"left\" width=\"70%\">1 pila AAA<\/td>\n<\/tr>\n<\/tbody>\n<\/table>\n","protected":false},"excerpt":{"rendered":"<p>Este anillo vibrador para el pene con 10 funciones proporciona erecciones asistidas m\u00e1s largas y firmes, adem\u00e1s de retrasar la eyaculaci\u00f3n para una satisfacci\u00f3n prolongada. Dise\u00f1ado con todas las caracter\u00edsticas de un anillo para el pene, restringiendo el flujo sangu\u00edneo para mantenerlo congestionado, tambi\u00e9n cuenta con una robusta plataforma vibratoria. Su magn\u00edfico acabado de silicona [&hellip;]<\/p>\n","protected":false},"featured_media":4092,"comment_status":"open","ping_status":"closed","template":"","meta":[],"product_brand":[],"product_cat":[35,36,44],"product_tag":[],"class_list":{"0":"post-4091","1":"product","2":"type-product","3":"status-publish","4":"has-post-thumbnail","6":"product_cat-anales","7":"product_cat-anillos","8":"product_cat-clitorales","10":"first","11":"instock","12":"shipping-taxable","13":"purchasable","14":"product-type-simple"},"_links":{"self":[{"href":"https:\/\/tiendasamor.com\/index.php\/wp-json\/wp\/v2\/product\/4091","targetHints":{"allow":["GET"]}}],"collection":[{"href":"https:\/\/tiendasamor.com\/index.php\/wp-json\/wp\/v2\/product"}],"about":[{"href":"https:\/\/tiendasamor.com\/index.php\/wp-json\/wp\/v2\/types\/product"}],"replies":[{"embeddable":true,"href":"https:\/\/tiendasamor.com\/index.php\/wp-json\/wp\/v2\/comments?post=4091"}],"wp:featuredmedia":[{"embeddable":true,"href":"https:\/\/tiendasamor.com\/index.php\/wp-json\/wp\/v2\/media\/4092"}],"wp:attachment":[{"href":"https:\/\/tiendasamor.com\/index.php\/wp-json\/wp\/v2\/media?parent=4091"}],"wp:term":[{"taxonomy":"product_brand","embeddable":true,"href":"https:\/\/tiendasamor.com\/index.php\/wp-json\/wp\/v2\/product_brand?post=4091"},{"taxonomy":"product_cat","embeddable":true,"href":"https:\/\/tiendasamor.com\/index.php\/wp-json\/wp\/v2\/product_cat?post=4091"},{"taxonomy":"product_tag","embeddable":true,"href":"https:\/\/tiendasamor.com\/index.php\/wp-json\/wp\/v2\/product_tag?post=4091"}],"curies":[{"name":"wp","href":"https:\/\/api.w.org\/{rel}","templated":true}]}}