{"id":4078,"date":"2025-05-17T17:46:19","date_gmt":"2025-05-17T22:46:19","guid":{"rendered":"https:\/\/tiendasamor.com\/?post_type=product&#038;p=4078"},"modified":"2025-05-17T18:16:24","modified_gmt":"2025-05-17T23:16:24","slug":"9-the-ultra-soft-dude","status":"publish","type":"product","link":"https:\/\/tiendasamor.com\/index.php\/producto\/9-the-ultra-soft-dude\/","title":{"rendered":"9 The Ultra Soft Dude"},"content":{"rendered":"<p>THE ULTRA SOFT DUDE es una colecci\u00f3n de lujosa gama de consoladores dise\u00f1ada por expertos por Love toy Explora cada ench de The ultra Soft dude dildo Satisfacerte con cada vena, curva y protuberancia de esta r\u00e9plica exacta que se ve y se siente como si tus fantas\u00edas cobraran vida Este consolador es lo m\u00e1s cerca que se puede llegar a una sesi\u00f3n vaporosa con la piel real m\u00e1s ultra suave. El material es totalmente similar a la piel, especialmente si se calienta en agua tibia de antemano, y significa que se le garantiza una experiencia de llenado sensacional Este juguete tiene una base de ventosa que puede unir a cualquier superficie dura lisa para el paseo manos libres de sus sue\u00f1os.<\/p>\n<ul>\n<li>MATERIAL: TPE<\/li>\n<li>ALTO: 22CM<\/li>\n<li>INSERTABLE: 19CM<\/li>\n<li>ANCHO: 4.5CM<\/li>\n<\/ul>\n","protected":false},"excerpt":{"rendered":"<p>THE ULTRA SOFT DUDE es una colecci\u00f3n de lujosa gama de consoladores dise\u00f1ada por expertos por Love toy Explora cada ench de The ultra Soft dude dildo Satisfacerte con cada vena, curva y protuberancia de esta r\u00e9plica exacta que se ve y se siente como si tus fantas\u00edas cobraran vida Este consolador es lo m\u00e1s [&hellip;]<\/p>\n","protected":false},"featured_media":4079,"comment_status":"open","ping_status":"closed","template":"","meta":[],"product_brand":[],"product_cat":[29],"product_tag":[],"class_list":{"0":"post-4078","1":"product","2":"type-product","3":"status-publish","4":"has-post-thumbnail","6":"product_cat-consoladores-y-dildos","8":"first","9":"instock","10":"shipping-taxable","11":"purchasable","12":"product-type-simple"},"_links":{"self":[{"href":"https:\/\/tiendasamor.com\/index.php\/wp-json\/wp\/v2\/product\/4078","targetHints":{"allow":["GET"]}}],"collection":[{"href":"https:\/\/tiendasamor.com\/index.php\/wp-json\/wp\/v2\/product"}],"about":[{"href":"https:\/\/tiendasamor.com\/index.php\/wp-json\/wp\/v2\/types\/product"}],"replies":[{"embeddable":true,"href":"https:\/\/tiendasamor.com\/index.php\/wp-json\/wp\/v2\/comments?post=4078"}],"wp:featuredmedia":[{"embeddable":true,"href":"https:\/\/tiendasamor.com\/index.php\/wp-json\/wp\/v2\/media\/4079"}],"wp:attachment":[{"href":"https:\/\/tiendasamor.com\/index.php\/wp-json\/wp\/v2\/media?parent=4078"}],"wp:term":[{"taxonomy":"product_brand","embeddable":true,"href":"https:\/\/tiendasamor.com\/index.php\/wp-json\/wp\/v2\/product_brand?post=4078"},{"taxonomy":"product_cat","embeddable":true,"href":"https:\/\/tiendasamor.com\/index.php\/wp-json\/wp\/v2\/product_cat?post=4078"},{"taxonomy":"product_tag","embeddable":true,"href":"https:\/\/tiendasamor.com\/index.php\/wp-json\/wp\/v2\/product_tag?post=4078"}],"curies":[{"name":"wp","href":"https:\/\/api.w.org\/{rel}","templated":true}]}}