{"id":4073,"date":"2025-05-17T17:39:11","date_gmt":"2025-05-17T22:39:11","guid":{"rendered":"https:\/\/tiendasamor.com\/?post_type=product&#038;p=4073"},"modified":"2025-05-17T17:39:11","modified_gmt":"2025-05-17T22:39:11","slug":"7-5-the-ultra-soft-dude","status":"publish","type":"product","link":"https:\/\/tiendasamor.com\/index.php\/producto\/7-5-the-ultra-soft-dude\/","title":{"rendered":"7.5 The Ultra Soft Dude"},"content":{"rendered":"<p>THE ULTRA SOFT DUDE es una colecci\u00f3n de lujosos consoladores dise\u00f1ados por Love Toy.<br \/>\nExplora cada cent\u00edmetro del consolador ultra suave. Satisfacete con cada vena, curva y bulto de esta r\u00e9plica exacta que se ve y se siente como si tus fantas\u00edas se hicieran realidad.<br \/>\nEste consolador est\u00e1 lo m\u00e1s cerca posible de una sesi\u00f3n de vapor con la piel real m\u00e1s suave. El material es totalmente similar a la piel, especialmente si se calienta en agua tibia de antemano, y significa que tiene garantizada una experiencia sensacionalmente abundante.<br \/>\nEste juguete tiene una base de ventosa que puedes unir a cualquier superficie dura lisa para el viaje sin manos de tus sue\u00f1os. Solo cubre su longitud con lubricante a base de agua y desl\u00edzate sobre \u00e9l, inclinando para estimular tus zonas er\u00f3genas para un placer incre\u00edble.<\/p>\n<ul>\n<li>Cyberskin 100% suave<\/li>\n<li>Material: TPE<\/li>\n<li>Base de ventosa para manos libres y uso de arn\u00e9s<\/li>\n<li>Largo total 18 cm \u2013 insertable 15 cm \u2013 Ancho 4.5 cm<\/li>\n<\/ul>\n","protected":false},"excerpt":{"rendered":"<p>THE ULTRA SOFT DUDE es una colecci\u00f3n de lujosos consoladores dise\u00f1ados por Love Toy. Explora cada cent\u00edmetro del consolador ultra suave. Satisfacete con cada vena, curva y bulto de esta r\u00e9plica exacta que se ve y se siente como si tus fantas\u00edas se hicieran realidad. Este consolador est\u00e1 lo m\u00e1s cerca posible de una sesi\u00f3n [&hellip;]<\/p>\n","protected":false},"featured_media":4074,"comment_status":"open","ping_status":"closed","template":"","meta":[],"product_brand":[],"product_cat":[29],"product_tag":[],"class_list":{"0":"post-4073","1":"product","2":"type-product","3":"status-publish","4":"has-post-thumbnail","6":"product_cat-consoladores-y-dildos","8":"first","9":"instock","10":"shipping-taxable","11":"purchasable","12":"product-type-simple"},"_links":{"self":[{"href":"https:\/\/tiendasamor.com\/index.php\/wp-json\/wp\/v2\/product\/4073","targetHints":{"allow":["GET"]}}],"collection":[{"href":"https:\/\/tiendasamor.com\/index.php\/wp-json\/wp\/v2\/product"}],"about":[{"href":"https:\/\/tiendasamor.com\/index.php\/wp-json\/wp\/v2\/types\/product"}],"replies":[{"embeddable":true,"href":"https:\/\/tiendasamor.com\/index.php\/wp-json\/wp\/v2\/comments?post=4073"}],"wp:featuredmedia":[{"embeddable":true,"href":"https:\/\/tiendasamor.com\/index.php\/wp-json\/wp\/v2\/media\/4074"}],"wp:attachment":[{"href":"https:\/\/tiendasamor.com\/index.php\/wp-json\/wp\/v2\/media?parent=4073"}],"wp:term":[{"taxonomy":"product_brand","embeddable":true,"href":"https:\/\/tiendasamor.com\/index.php\/wp-json\/wp\/v2\/product_brand?post=4073"},{"taxonomy":"product_cat","embeddable":true,"href":"https:\/\/tiendasamor.com\/index.php\/wp-json\/wp\/v2\/product_cat?post=4073"},{"taxonomy":"product_tag","embeddable":true,"href":"https:\/\/tiendasamor.com\/index.php\/wp-json\/wp\/v2\/product_tag?post=4073"}],"curies":[{"name":"wp","href":"https:\/\/api.w.org\/{rel}","templated":true}]}}