{"id":4064,"date":"2025-05-17T17:29:21","date_gmt":"2025-05-17T22:29:21","guid":{"rendered":"https:\/\/tiendasamor.com\/?post_type=product&#038;p=4064"},"modified":"2025-05-17T17:29:21","modified_gmt":"2025-05-17T22:29:21","slug":"funda-realista-gerd","status":"publish","type":"product","link":"https:\/\/tiendasamor.com\/index.php\/producto\/funda-realista-gerd\/","title":{"rendered":"Funda Realista Gerd"},"content":{"rendered":"<p>Este tap\u00f3n para el pene ha sido dise\u00f1ado para deslizarse f\u00e1cilmente sobre tu miembro, lo que te proporciona el efecto deseado.<\/p>\n<p>Parece un pene real, lo que a\u00f1ade autenticidad a la experiencia. Te proporcionar\u00e1 una longitud adicional que sin duda te beneficiar\u00e1 a ti y a tu pareja.<\/p>\n<p>El lazo que rodea tus test\u00edculos te permitir\u00e1 prolongar la eyaculaci\u00f3n, lo que te proporcionar\u00e1 las sensaciones m\u00e1s explosivas que jam\u00e1s hayas imaginado.<\/p>\n<ul>\n<li>Material: TPR<\/li>\n<li>Impermeable<\/li>\n<li>Anillo para mejor agarre<\/li>\n<li>Largo total: 19.5 cm \u2013 Ancho: 4 cm<\/li>\n<li>Largo interno: 11.9 cm \u2013 Ancho: 2.3 cm<\/li>\n<\/ul>\n","protected":false},"excerpt":{"rendered":"<p>Este tap\u00f3n para el pene ha sido dise\u00f1ado para deslizarse f\u00e1cilmente sobre tu miembro, lo que te proporciona el efecto deseado. Parece un pene real, lo que a\u00f1ade autenticidad a la experiencia. Te proporcionar\u00e1 una longitud adicional que sin duda te beneficiar\u00e1 a ti y a tu pareja. El lazo que rodea tus test\u00edculos te [&hellip;]<\/p>\n","protected":false},"featured_media":4072,"comment_status":"open","ping_status":"closed","template":"","meta":[],"product_brand":[],"product_cat":[45,46],"product_tag":[],"class_list":{"0":"post-4064","1":"product","2":"type-product","3":"status-publish","4":"has-post-thumbnail","6":"product_cat-fundas-extensoras","7":"product_cat-protesis","9":"first","10":"instock","11":"shipping-taxable","12":"purchasable","13":"product-type-simple"},"_links":{"self":[{"href":"https:\/\/tiendasamor.com\/index.php\/wp-json\/wp\/v2\/product\/4064","targetHints":{"allow":["GET"]}}],"collection":[{"href":"https:\/\/tiendasamor.com\/index.php\/wp-json\/wp\/v2\/product"}],"about":[{"href":"https:\/\/tiendasamor.com\/index.php\/wp-json\/wp\/v2\/types\/product"}],"replies":[{"embeddable":true,"href":"https:\/\/tiendasamor.com\/index.php\/wp-json\/wp\/v2\/comments?post=4064"}],"wp:featuredmedia":[{"embeddable":true,"href":"https:\/\/tiendasamor.com\/index.php\/wp-json\/wp\/v2\/media\/4072"}],"wp:attachment":[{"href":"https:\/\/tiendasamor.com\/index.php\/wp-json\/wp\/v2\/media?parent=4064"}],"wp:term":[{"taxonomy":"product_brand","embeddable":true,"href":"https:\/\/tiendasamor.com\/index.php\/wp-json\/wp\/v2\/product_brand?post=4064"},{"taxonomy":"product_cat","embeddable":true,"href":"https:\/\/tiendasamor.com\/index.php\/wp-json\/wp\/v2\/product_cat?post=4064"},{"taxonomy":"product_tag","embeddable":true,"href":"https:\/\/tiendasamor.com\/index.php\/wp-json\/wp\/v2\/product_tag?post=4064"}],"curies":[{"name":"wp","href":"https:\/\/api.w.org\/{rel}","templated":true}]}}