{"id":4059,"date":"2025-05-17T17:21:16","date_gmt":"2025-05-17T22:21:16","guid":{"rendered":"https:\/\/tiendasamor.com\/?post_type=product&#038;p=4059"},"modified":"2025-05-17T17:21:36","modified_gmt":"2025-05-17T22:21:36","slug":"mr-right-now-purple","status":"publish","type":"product","link":"https:\/\/tiendasamor.com\/index.php\/producto\/mr-right-now-purple\/","title":{"rendered":"Mr. Right Now \u2013 Purple"},"content":{"rendered":"<p>Buscando al Sr. Perfecto\u2026 \u00bfQu\u00e9 tal el Sr. Justo Ahora? Divi\u00e9rtete buscando.\u00a0Por ahora, Mr. Right Now funcionar\u00e1 bien.\u00a0Seguro que no es el m\u00e1s grande que jam\u00e1s hayas tenido, pero a veces no quieres algo demasiado grande o demasiado peque\u00f1o.\u00a0Quieres que tenga el tama\u00f1o perfecto.<\/p>\n<p>Para una sensaci\u00f3n real, Naturally Yours Mr. Right Now tiene como objetivo complacer. Experimente las vibraciones de m\u00faltiples velocidades, controladas a trav\u00e9s de un sencillo dial de giro y la tecnolog\u00eda Flexi Shaft\u2122, un eje flexible y realista que se dobla con su cuerpo. Mr. Right Now tiene un motor colocado cerca de la punta para sensaciones profundas y satisfactorias. Impermeable para jugar en la ducha o el ba\u00f1o. Hecho de TPE, este juguete no contiene fragancias, ftalatos, parafinas, l\u00e1tex ni otros compuestos peligrosos.<\/p>\n<p>Requiere 2 pilas AAA\u00a0<strong>no incluidas.<\/strong><\/p>\n<ul>\n<li>Vibraciones ajustables de varias velocidades<\/li>\n<li>Dise\u00f1o FLEXISHAFT 2.0.<\/li>\n<li>Eje suave, erecto pero flexible<\/li>\n<li>IPX7 sumergible a prueba de agua<\/li>\n<li>Hecho de TPE.<\/li>\n<li>No contiene fragancias, ftalatos, parafinas ni l\u00e1tex.<\/li>\n<li>6.5\u2033 Largo x 5.7\u2033 Insertable<\/li>\n<li>Garant\u00eda de 90 d\u00edas<\/li>\n<li>Material:\u00a0ABS, TPE<\/li>\n<\/ul>\n","protected":false},"excerpt":{"rendered":"<p>Buscando al Sr. Perfecto\u2026 \u00bfQu\u00e9 tal el Sr. Justo Ahora? Divi\u00e9rtete buscando.\u00a0Por ahora, Mr. Right Now funcionar\u00e1 bien.\u00a0Seguro que no es el m\u00e1s grande que jam\u00e1s hayas tenido, pero a veces no quieres algo demasiado grande o demasiado peque\u00f1o.\u00a0Quieres que tenga el tama\u00f1o perfecto. Para una sensaci\u00f3n real, Naturally Yours Mr. Right Now tiene como [&hellip;]<\/p>\n","protected":false},"featured_media":4060,"comment_status":"open","ping_status":"closed","template":"","meta":[],"product_brand":[],"product_cat":[27],"product_tag":[],"class_list":{"0":"post-4059","1":"product","2":"type-product","3":"status-publish","4":"has-post-thumbnail","6":"product_cat-vibradores","8":"first","9":"instock","10":"shipping-taxable","11":"purchasable","12":"product-type-simple"},"_links":{"self":[{"href":"https:\/\/tiendasamor.com\/index.php\/wp-json\/wp\/v2\/product\/4059","targetHints":{"allow":["GET"]}}],"collection":[{"href":"https:\/\/tiendasamor.com\/index.php\/wp-json\/wp\/v2\/product"}],"about":[{"href":"https:\/\/tiendasamor.com\/index.php\/wp-json\/wp\/v2\/types\/product"}],"replies":[{"embeddable":true,"href":"https:\/\/tiendasamor.com\/index.php\/wp-json\/wp\/v2\/comments?post=4059"}],"wp:featuredmedia":[{"embeddable":true,"href":"https:\/\/tiendasamor.com\/index.php\/wp-json\/wp\/v2\/media\/4060"}],"wp:attachment":[{"href":"https:\/\/tiendasamor.com\/index.php\/wp-json\/wp\/v2\/media?parent=4059"}],"wp:term":[{"taxonomy":"product_brand","embeddable":true,"href":"https:\/\/tiendasamor.com\/index.php\/wp-json\/wp\/v2\/product_brand?post=4059"},{"taxonomy":"product_cat","embeddable":true,"href":"https:\/\/tiendasamor.com\/index.php\/wp-json\/wp\/v2\/product_cat?post=4059"},{"taxonomy":"product_tag","embeddable":true,"href":"https:\/\/tiendasamor.com\/index.php\/wp-json\/wp\/v2\/product_tag?post=4059"}],"curies":[{"name":"wp","href":"https:\/\/api.w.org\/{rel}","templated":true}]}}