{"id":4052,"date":"2025-05-17T17:07:32","date_gmt":"2025-05-17T22:07:32","guid":{"rendered":"https:\/\/tiendasamor.com\/?post_type=product&#038;p=4052"},"modified":"2025-05-17T17:07:32","modified_gmt":"2025-05-17T22:07:32","slug":"funda-pretty-love-hani","status":"publish","type":"product","link":"https:\/\/tiendasamor.com\/index.php\/producto\/funda-pretty-love-hani\/","title":{"rendered":"Funda Pretty Love Hani"},"content":{"rendered":"<p>Este tap\u00f3n fabricado en material TPR convertir\u00e1 tu pene en una aut\u00e9ntica m\u00e1quina sexual. Con un eje flexible, proporciona una mayor estimulaci\u00f3n interna, a\u00f1adiendo un 35% m\u00e1s de textura.<\/p>\n<p>Dise\u00f1ado para parecer natural, cuenta con un anillo testicular que rodea la base de los test\u00edculos, manteniendo el tap\u00f3n en su lugar y ayudando a prolongar las erecciones.<\/p>\n<p>Es la elecci\u00f3n perfecta para cualquiera que busque aumentar la intensidad y el placer durante los momentos \u00edntimos.<\/p>\n<ul>\n<li>Material: TPR<\/li>\n<li>Impermeable<\/li>\n<li>Anillo para mejor agarre<\/li>\n<li>Largo total: 18 cm \u2013 Ancho: 3.9 cm<\/li>\n<li>Largo interno: 13 cm \u2013 Ancho: 2.3 cm<\/li>\n<\/ul>\n","protected":false},"excerpt":{"rendered":"<p>Este tap\u00f3n fabricado en material TPR convertir\u00e1 tu pene en una aut\u00e9ntica m\u00e1quina sexual. Con un eje flexible, proporciona una mayor estimulaci\u00f3n interna, a\u00f1adiendo un 35% m\u00e1s de textura. Dise\u00f1ado para parecer natural, cuenta con un anillo testicular que rodea la base de los test\u00edculos, manteniendo el tap\u00f3n en su lugar y ayudando a prolongar [&hellip;]<\/p>\n","protected":false},"featured_media":4057,"comment_status":"open","ping_status":"closed","template":"","meta":[],"product_brand":[],"product_cat":[45,46],"product_tag":[],"class_list":{"0":"post-4052","1":"product","2":"type-product","3":"status-publish","4":"has-post-thumbnail","6":"product_cat-fundas-extensoras","7":"product_cat-protesis","9":"first","10":"instock","11":"shipping-taxable","12":"purchasable","13":"product-type-simple"},"_links":{"self":[{"href":"https:\/\/tiendasamor.com\/index.php\/wp-json\/wp\/v2\/product\/4052","targetHints":{"allow":["GET"]}}],"collection":[{"href":"https:\/\/tiendasamor.com\/index.php\/wp-json\/wp\/v2\/product"}],"about":[{"href":"https:\/\/tiendasamor.com\/index.php\/wp-json\/wp\/v2\/types\/product"}],"replies":[{"embeddable":true,"href":"https:\/\/tiendasamor.com\/index.php\/wp-json\/wp\/v2\/comments?post=4052"}],"wp:featuredmedia":[{"embeddable":true,"href":"https:\/\/tiendasamor.com\/index.php\/wp-json\/wp\/v2\/media\/4057"}],"wp:attachment":[{"href":"https:\/\/tiendasamor.com\/index.php\/wp-json\/wp\/v2\/media?parent=4052"}],"wp:term":[{"taxonomy":"product_brand","embeddable":true,"href":"https:\/\/tiendasamor.com\/index.php\/wp-json\/wp\/v2\/product_brand?post=4052"},{"taxonomy":"product_cat","embeddable":true,"href":"https:\/\/tiendasamor.com\/index.php\/wp-json\/wp\/v2\/product_cat?post=4052"},{"taxonomy":"product_tag","embeddable":true,"href":"https:\/\/tiendasamor.com\/index.php\/wp-json\/wp\/v2\/product_tag?post=4052"}],"curies":[{"name":"wp","href":"https:\/\/api.w.org\/{rel}","templated":true}]}}