{"id":4046,"date":"2025-05-17T16:48:44","date_gmt":"2025-05-17T21:48:44","guid":{"rendered":"https:\/\/tiendasamor.com\/?post_type=product&#038;p=4046"},"modified":"2025-05-17T16:48:44","modified_gmt":"2025-05-17T21:48:44","slug":"training-master-double-side-stroker-mouth-and-pussy","status":"publish","type":"product","link":"https:\/\/tiendasamor.com\/index.php\/producto\/training-master-double-side-stroker-mouth-and-pussy\/","title":{"rendered":"Training Master Double Side Stroker Mouth and PUSSY"},"content":{"rendered":"<p>Masturbador de sensaci\u00f3n el\u00e1stica y realista hecha de TPE, sin ftalatos, sin l\u00e1tex. Las texturas acanaladas internas crean una intensa sensaci\u00f3n.<\/p>\n<ul>\n<li>Training Master Masturbador de doble sensaci\u00f3n real Boca + Vagina<\/li>\n<li>Sensaci\u00f3n el\u00e1stica y realista hecha de TPE, sin ftalatos, sin l\u00e1tex Las texturas acanaladas internas realistas brindan sensaciones intensas<\/li>\n<li>Usar solo con lubricante a base de agua<\/li>\n<li>Limpiar antes y despu\u00e9s de su uso con agua jabonosa.<\/li>\n<\/ul>\n<p>ADVERTENCIA: No utilice aceite mineral o productos a base de aceite como lubricantes, ya que pueden deteriorar el juguete.\u00a0Use lubricante a base de agua antes. Despu\u00e9s de su uso, limpie inmediatamente, limpie y luego toque suavemente con talco para beb\u00e9s en la superficie de la piel y almacene en un lugar seco.<\/p>\n","protected":false},"excerpt":{"rendered":"<p>Masturbador de sensaci\u00f3n el\u00e1stica y realista hecha de TPE, sin ftalatos, sin l\u00e1tex. Las texturas acanaladas internas crean una intensa sensaci\u00f3n. Training Master Masturbador de doble sensaci\u00f3n real Boca + Vagina Sensaci\u00f3n el\u00e1stica y realista hecha de TPE, sin ftalatos, sin l\u00e1tex Las texturas acanaladas internas realistas brindan sensaciones intensas Usar solo con lubricante a [&hellip;]<\/p>\n","protected":false},"featured_media":4048,"comment_status":"open","ping_status":"closed","template":"","meta":[],"product_brand":[],"product_cat":[30,47],"product_tag":[],"class_list":{"0":"post-4046","1":"product","2":"type-product","3":"status-publish","4":"has-post-thumbnail","6":"product_cat-masturbadores","7":"product_cat-munecas","9":"first","10":"instock","11":"shipping-taxable","12":"purchasable","13":"product-type-simple"},"_links":{"self":[{"href":"https:\/\/tiendasamor.com\/index.php\/wp-json\/wp\/v2\/product\/4046","targetHints":{"allow":["GET"]}}],"collection":[{"href":"https:\/\/tiendasamor.com\/index.php\/wp-json\/wp\/v2\/product"}],"about":[{"href":"https:\/\/tiendasamor.com\/index.php\/wp-json\/wp\/v2\/types\/product"}],"replies":[{"embeddable":true,"href":"https:\/\/tiendasamor.com\/index.php\/wp-json\/wp\/v2\/comments?post=4046"}],"wp:featuredmedia":[{"embeddable":true,"href":"https:\/\/tiendasamor.com\/index.php\/wp-json\/wp\/v2\/media\/4048"}],"wp:attachment":[{"href":"https:\/\/tiendasamor.com\/index.php\/wp-json\/wp\/v2\/media?parent=4046"}],"wp:term":[{"taxonomy":"product_brand","embeddable":true,"href":"https:\/\/tiendasamor.com\/index.php\/wp-json\/wp\/v2\/product_brand?post=4046"},{"taxonomy":"product_cat","embeddable":true,"href":"https:\/\/tiendasamor.com\/index.php\/wp-json\/wp\/v2\/product_cat?post=4046"},{"taxonomy":"product_tag","embeddable":true,"href":"https:\/\/tiendasamor.com\/index.php\/wp-json\/wp\/v2\/product_tag?post=4046"}],"curies":[{"name":"wp","href":"https:\/\/api.w.org\/{rel}","templated":true}]}}