{"id":4041,"date":"2025-05-17T16:45:15","date_gmt":"2025-05-17T21:45:15","guid":{"rendered":"https:\/\/tiendasamor.com\/?post_type=product&#038;p=4041"},"modified":"2025-05-17T16:45:15","modified_gmt":"2025-05-17T21:45:15","slug":"traning-master-double-side-stroker-pussy-and-anus","status":"publish","type":"product","link":"https:\/\/tiendasamor.com\/index.php\/producto\/traning-master-double-side-stroker-pussy-and-anus\/","title":{"rendered":"Traning Master Double Side Stroker-Pussy and Anus"},"content":{"rendered":"<p>Masturbador de sensaci\u00f3n real de doble punta Sensaci\u00f3n el\u00e1stica y realista hecha de TPE, sin ftalatos, sin l\u00e1tex. Las texturas acanaladas internas realistas brindan sensaciones intensas. Use solo con lubricante a base de agua. Limpiar antes y despu\u00e9s de su uso con agua jabonosa.<\/p>\n<p><strong>Caracter\u00edsticas:<\/strong><\/p>\n<p>* Training Master Masturbador de sensaci\u00f3n real de doble punta Ano+Vagina<br \/>\n* Sensaci\u00f3n el\u00e1stica y realista hecha de TPE, sin ftalatos, sin l\u00e1tex Las texturas acanaladas internas realistas brindan sensaciones intensas<br \/>\n* Use solo con lubricante a base de agua<br \/>\n* Limpiar antes y despu\u00e9s de su uso con agua jabonosa.<\/p>\n<p><strong>ADVERTENCIA:<\/strong><\/p>\n<p>No utilice aceite mineral o productos a base de aceite como lubricantes, ya que pueden deteriorar el juguete. Use lubricante a base de agua antes. Despu\u00e9s del uso, limpie inmediatamente, limpie y luego golpee suavemente con talco para beb\u00e9s en la superficie de la piel y gu\u00e1rdelo en un lugar seco.<\/p>\n","protected":false},"excerpt":{"rendered":"<p>Masturbador de sensaci\u00f3n real de doble punta Sensaci\u00f3n el\u00e1stica y realista hecha de TPE, sin ftalatos, sin l\u00e1tex. Las texturas acanaladas internas realistas brindan sensaciones intensas. Use solo con lubricante a base de agua. Limpiar antes y despu\u00e9s de su uso con agua jabonosa. Caracter\u00edsticas: * Training Master Masturbador de sensaci\u00f3n real de doble punta [&hellip;]<\/p>\n","protected":false},"featured_media":4044,"comment_status":"open","ping_status":"closed","template":"","meta":[],"product_brand":[],"product_cat":[30,47],"product_tag":[],"class_list":{"0":"post-4041","1":"product","2":"type-product","3":"status-publish","4":"has-post-thumbnail","6":"product_cat-masturbadores","7":"product_cat-munecas","9":"first","10":"instock","11":"shipping-taxable","12":"purchasable","13":"product-type-simple"},"_links":{"self":[{"href":"https:\/\/tiendasamor.com\/index.php\/wp-json\/wp\/v2\/product\/4041","targetHints":{"allow":["GET"]}}],"collection":[{"href":"https:\/\/tiendasamor.com\/index.php\/wp-json\/wp\/v2\/product"}],"about":[{"href":"https:\/\/tiendasamor.com\/index.php\/wp-json\/wp\/v2\/types\/product"}],"replies":[{"embeddable":true,"href":"https:\/\/tiendasamor.com\/index.php\/wp-json\/wp\/v2\/comments?post=4041"}],"wp:featuredmedia":[{"embeddable":true,"href":"https:\/\/tiendasamor.com\/index.php\/wp-json\/wp\/v2\/media\/4044"}],"wp:attachment":[{"href":"https:\/\/tiendasamor.com\/index.php\/wp-json\/wp\/v2\/media?parent=4041"}],"wp:term":[{"taxonomy":"product_brand","embeddable":true,"href":"https:\/\/tiendasamor.com\/index.php\/wp-json\/wp\/v2\/product_brand?post=4041"},{"taxonomy":"product_cat","embeddable":true,"href":"https:\/\/tiendasamor.com\/index.php\/wp-json\/wp\/v2\/product_cat?post=4041"},{"taxonomy":"product_tag","embeddable":true,"href":"https:\/\/tiendasamor.com\/index.php\/wp-json\/wp\/v2\/product_tag?post=4041"}],"curies":[{"name":"wp","href":"https:\/\/api.w.org\/{rel}","templated":true}]}}