{"id":4030,"date":"2025-05-17T16:41:15","date_gmt":"2025-05-17T21:41:15","guid":{"rendered":"https:\/\/tiendasamor.com\/?post_type=product&#038;p=4030"},"modified":"2025-05-17T16:41:15","modified_gmt":"2025-05-17T21:41:15","slug":"masturbador-pink-pussy","status":"publish","type":"product","link":"https:\/\/tiendasamor.com\/index.php\/producto\/masturbador-pink-pussy\/","title":{"rendered":"Masturbador Pink Pussy"},"content":{"rendered":"<p>Ponte travieso con esta funda realista de piel sint\u00e9tica. Experimentar\u00e1s un placer sexual que te dejar\u00e1 sin aliento gracias a las m\u00faltiples velocidades de este masturbador masculino. Un masturbador perfecto para quienes aman lo atrevido y lo alocado.<\/p>\n<table border=\"0\" width=\"100%\" cellspacing=\"1\" cellpadding=\"3\" bgcolor=\"#dddddd\">\n<tbody>\n<tr>\n<td align=\"left\" width=\"30%\">Funci\u00f3n<\/td>\n<td align=\"left\" width=\"70%\">Vibraci\u00f3n<\/td>\n<\/tr>\n<tr>\n<td align=\"left\" width=\"30%\">Material<\/td>\n<td align=\"left\" width=\"70%\">TPR<\/td>\n<\/tr>\n<tr>\n<td align=\"left\" width=\"30%\">Fuerza<\/td>\n<td align=\"left\" width=\"70%\">3 pilas AAA<\/td>\n<\/tr>\n<\/tbody>\n<\/table>\n","protected":false},"excerpt":{"rendered":"<p>Ponte travieso con esta funda realista de piel sint\u00e9tica. Experimentar\u00e1s un placer sexual que te dejar\u00e1 sin aliento gracias a las m\u00faltiples velocidades de este masturbador masculino. Un masturbador perfecto para quienes aman lo atrevido y lo alocado. Funci\u00f3n Vibraci\u00f3n Material TPR Fuerza 3 pilas AAA<\/p>\n","protected":false},"featured_media":4033,"comment_status":"open","ping_status":"closed","template":"","meta":[],"product_brand":[],"product_cat":[30,47],"product_tag":[],"class_list":{"0":"post-4030","1":"product","2":"type-product","3":"status-publish","4":"has-post-thumbnail","6":"product_cat-masturbadores","7":"product_cat-munecas","9":"first","10":"instock","11":"shipping-taxable","12":"purchasable","13":"product-type-simple"},"_links":{"self":[{"href":"https:\/\/tiendasamor.com\/index.php\/wp-json\/wp\/v2\/product\/4030","targetHints":{"allow":["GET"]}}],"collection":[{"href":"https:\/\/tiendasamor.com\/index.php\/wp-json\/wp\/v2\/product"}],"about":[{"href":"https:\/\/tiendasamor.com\/index.php\/wp-json\/wp\/v2\/types\/product"}],"replies":[{"embeddable":true,"href":"https:\/\/tiendasamor.com\/index.php\/wp-json\/wp\/v2\/comments?post=4030"}],"wp:featuredmedia":[{"embeddable":true,"href":"https:\/\/tiendasamor.com\/index.php\/wp-json\/wp\/v2\/media\/4033"}],"wp:attachment":[{"href":"https:\/\/tiendasamor.com\/index.php\/wp-json\/wp\/v2\/media?parent=4030"}],"wp:term":[{"taxonomy":"product_brand","embeddable":true,"href":"https:\/\/tiendasamor.com\/index.php\/wp-json\/wp\/v2\/product_brand?post=4030"},{"taxonomy":"product_cat","embeddable":true,"href":"https:\/\/tiendasamor.com\/index.php\/wp-json\/wp\/v2\/product_cat?post=4030"},{"taxonomy":"product_tag","embeddable":true,"href":"https:\/\/tiendasamor.com\/index.php\/wp-json\/wp\/v2\/product_tag?post=4030"}],"curies":[{"name":"wp","href":"https:\/\/api.w.org\/{rel}","templated":true}]}}