{"id":4022,"date":"2025-05-17T16:34:55","date_gmt":"2025-05-17T21:34:55","guid":{"rendered":"https:\/\/tiendasamor.com\/?post_type=product&#038;p=4022"},"modified":"2025-05-17T16:34:55","modified_gmt":"2025-05-17T21:34:55","slug":"anillo-recargable-master-ring-stratus","status":"publish","type":"product","link":"https:\/\/tiendasamor.com\/index.php\/producto\/anillo-recargable-master-ring-stratus\/","title":{"rendered":"Anillo Recargable Master Ring Stratus"},"content":{"rendered":"<p>Mejora tu rendimiento al instante con nuestro anillo de silicona recargable para el pene. Este anillo se ajusta a la base del pene y restringe el flujo sangu\u00edneo, permiti\u00e9ndote lograr una erecci\u00f3n m\u00e1s fuerte y duradera que tambi\u00e9n puede resultar en orgasmos m\u00e1s intensos. Ideal para estimular a tu pareja, el estimulador de conejito frontal est\u00e1 perfectamente posicionado para el placer del cl\u00edtoris durante el sexo, mientras que sus 7 funciones de vibraci\u00f3n los satisfacen a ambos.<\/p>\n<table border=\"0\" width=\"100%\" cellspacing=\"1\" cellpadding=\"3\" bgcolor=\"#dddddd\">\n<tbody>\n<tr>\n<td align=\"left\" width=\"30%\">Funci\u00f3n<\/td>\n<td align=\"left\" width=\"70%\">7 funciones de vibraci\u00f3n<\/td>\n<\/tr>\n<tr>\n<td align=\"left\" width=\"30%\">Material<\/td>\n<td align=\"left\" width=\"70%\">Silicona<\/td>\n<\/tr>\n<tr>\n<td align=\"left\" width=\"30%\">Fuerza<\/td>\n<td align=\"left\" width=\"70%\">recargable por USB<\/td>\n<\/tr>\n<\/tbody>\n<\/table>\n","protected":false},"excerpt":{"rendered":"<p>Mejora tu rendimiento al instante con nuestro anillo de silicona recargable para el pene. Este anillo se ajusta a la base del pene y restringe el flujo sangu\u00edneo, permiti\u00e9ndote lograr una erecci\u00f3n m\u00e1s fuerte y duradera que tambi\u00e9n puede resultar en orgasmos m\u00e1s intensos. Ideal para estimular a tu pareja, el estimulador de conejito frontal [&hellip;]<\/p>\n","protected":false},"featured_media":4023,"comment_status":"open","ping_status":"closed","template":"","meta":[],"product_brand":[],"product_cat":[36,44],"product_tag":[],"class_list":{"0":"post-4022","1":"product","2":"type-product","3":"status-publish","4":"has-post-thumbnail","6":"product_cat-anillos","7":"product_cat-clitorales","9":"first","10":"instock","11":"shipping-taxable","12":"purchasable","13":"product-type-simple"},"_links":{"self":[{"href":"https:\/\/tiendasamor.com\/index.php\/wp-json\/wp\/v2\/product\/4022","targetHints":{"allow":["GET"]}}],"collection":[{"href":"https:\/\/tiendasamor.com\/index.php\/wp-json\/wp\/v2\/product"}],"about":[{"href":"https:\/\/tiendasamor.com\/index.php\/wp-json\/wp\/v2\/types\/product"}],"replies":[{"embeddable":true,"href":"https:\/\/tiendasamor.com\/index.php\/wp-json\/wp\/v2\/comments?post=4022"}],"wp:featuredmedia":[{"embeddable":true,"href":"https:\/\/tiendasamor.com\/index.php\/wp-json\/wp\/v2\/media\/4023"}],"wp:attachment":[{"href":"https:\/\/tiendasamor.com\/index.php\/wp-json\/wp\/v2\/media?parent=4022"}],"wp:term":[{"taxonomy":"product_brand","embeddable":true,"href":"https:\/\/tiendasamor.com\/index.php\/wp-json\/wp\/v2\/product_brand?post=4022"},{"taxonomy":"product_cat","embeddable":true,"href":"https:\/\/tiendasamor.com\/index.php\/wp-json\/wp\/v2\/product_cat?post=4022"},{"taxonomy":"product_tag","embeddable":true,"href":"https:\/\/tiendasamor.com\/index.php\/wp-json\/wp\/v2\/product_tag?post=4022"}],"curies":[{"name":"wp","href":"https:\/\/api.w.org\/{rel}","templated":true}]}}