{"id":4013,"date":"2025-05-17T15:58:01","date_gmt":"2025-05-17T20:58:01","guid":{"rendered":"https:\/\/tiendasamor.com\/?post_type=product&#038;p=4013"},"modified":"2025-05-17T15:58:01","modified_gmt":"2025-05-17T20:58:01","slug":"pretty-love-master-ring-heloise","status":"publish","type":"product","link":"https:\/\/tiendasamor.com\/index.php\/producto\/pretty-love-master-ring-heloise\/","title":{"rendered":"Pretty Love Master Ring Heloise"},"content":{"rendered":"<p>S\u00fabete a la ola de estimulaci\u00f3n con el Anillo Vibrador Recargable de Silicona con 7 Funciones. Con su dise\u00f1o de silicona, este anillo se ajusta perfectamente a la base del pene, fortaleciendo la erecci\u00f3n y prolongando el placer. El amplio brazo se extiende hacia afuera, ofreci\u00e9ndote m\u00faltiples opciones de juego. \u00dasalo hacia arriba para estimular el cl\u00edtoris de tu pareja o hacia abajo para el perineo o los test\u00edculos. Con un motor ubicado en el interior del brazo, las vibraciones se activan justo donde las necesitas. Explora siete modos de vibraci\u00f3n con solo presionar un bot\u00f3n y lleva tus juegos al siguiente nivel, ya sea en la habitaci\u00f3n, la ducha o la ba\u00f1era, gracias a su dise\u00f1o resistente al agua. Cuando termine la diversi\u00f3n, recarga tu anillo con la bater\u00eda f\u00e1cilmente recargable.<\/p>\n<table border=\"0\" width=\"100%\" cellspacing=\"1\" cellpadding=\"3\" bgcolor=\"#dddddd\">\n<tbody>\n<tr>\n<td align=\"left\" width=\"30%\">Funci\u00f3n<\/td>\n<td align=\"left\" width=\"70%\">7 funciones de vibraci\u00f3n Funci\u00f3n de memoria<\/td>\n<\/tr>\n<tr>\n<td align=\"left\" width=\"30%\">Material<\/td>\n<td align=\"left\" width=\"70%\">Silicona<\/td>\n<\/tr>\n<tr>\n<td align=\"left\" width=\"30%\">Fuerza<\/td>\n<td align=\"left\" width=\"70%\">recargable por USB<\/td>\n<\/tr>\n<\/tbody>\n<\/table>\n","protected":false},"excerpt":{"rendered":"<p>S\u00fabete a la ola de estimulaci\u00f3n con el Anillo Vibrador Recargable de Silicona con 7 Funciones. Con su dise\u00f1o de silicona, este anillo se ajusta perfectamente a la base del pene, fortaleciendo la erecci\u00f3n y prolongando el placer. El amplio brazo se extiende hacia afuera, ofreci\u00e9ndote m\u00faltiples opciones de juego. \u00dasalo hacia arriba para estimular [&hellip;]<\/p>\n","protected":false},"featured_media":4019,"comment_status":"open","ping_status":"closed","template":"","meta":[],"product_brand":[],"product_cat":[36,44],"product_tag":[],"class_list":{"0":"post-4013","1":"product","2":"type-product","3":"status-publish","4":"has-post-thumbnail","6":"product_cat-anillos","7":"product_cat-clitorales","9":"first","10":"instock","11":"shipping-taxable","12":"purchasable","13":"product-type-simple"},"_links":{"self":[{"href":"https:\/\/tiendasamor.com\/index.php\/wp-json\/wp\/v2\/product\/4013","targetHints":{"allow":["GET"]}}],"collection":[{"href":"https:\/\/tiendasamor.com\/index.php\/wp-json\/wp\/v2\/product"}],"about":[{"href":"https:\/\/tiendasamor.com\/index.php\/wp-json\/wp\/v2\/types\/product"}],"replies":[{"embeddable":true,"href":"https:\/\/tiendasamor.com\/index.php\/wp-json\/wp\/v2\/comments?post=4013"}],"wp:featuredmedia":[{"embeddable":true,"href":"https:\/\/tiendasamor.com\/index.php\/wp-json\/wp\/v2\/media\/4019"}],"wp:attachment":[{"href":"https:\/\/tiendasamor.com\/index.php\/wp-json\/wp\/v2\/media?parent=4013"}],"wp:term":[{"taxonomy":"product_brand","embeddable":true,"href":"https:\/\/tiendasamor.com\/index.php\/wp-json\/wp\/v2\/product_brand?post=4013"},{"taxonomy":"product_cat","embeddable":true,"href":"https:\/\/tiendasamor.com\/index.php\/wp-json\/wp\/v2\/product_cat?post=4013"},{"taxonomy":"product_tag","embeddable":true,"href":"https:\/\/tiendasamor.com\/index.php\/wp-json\/wp\/v2\/product_tag?post=4013"}],"curies":[{"name":"wp","href":"https:\/\/api.w.org\/{rel}","templated":true}]}}