{"id":4004,"date":"2025-05-16T20:20:53","date_gmt":"2025-05-17T01:20:53","guid":{"rendered":"https:\/\/tiendasamor.com\/?post_type=product&#038;p=4004"},"modified":"2025-05-16T20:20:53","modified_gmt":"2025-05-17T01:20:53","slug":"pretty-love-taylor","status":"publish","type":"product","link":"https:\/\/tiendasamor.com\/index.php\/producto\/pretty-love-taylor\/","title":{"rendered":"Pretty Love Taylor"},"content":{"rendered":"<p>Tus juegos anales se intensificar\u00e1n con nuestro tap\u00f3n anal vibrador. Este juguete sexual anal rosa y suave est\u00e1 repleto de potencia, listo para llevarte al orgasmo anal. Su forma consta de una pera redonda y llena, un estimulador m\u00e1s peque\u00f1o y un mango redondo para un uso f\u00e1cil. El eje principal te proporcionar\u00e1 una sensaci\u00f3n plena y placentera, mientras que el estimulador m\u00e1s peque\u00f1o intensificar\u00e1 esa sensaci\u00f3n con un ligero masaje perineal. La funci\u00f3n de vibraci\u00f3n te llenar\u00e1 de placer hasta el punto de que desear\u00e1s este placer anal noche tras noche.<\/p>\n<table border=\"0\" width=\"100%\" cellspacing=\"1\" cellpadding=\"3\" bgcolor=\"#dddddd\">\n<tbody>\n<tr>\n<td align=\"left\" width=\"30%\">Funci\u00f3n<\/td>\n<td align=\"left\" width=\"70%\">10 funciones de vibraci\u00f3n<\/td>\n<\/tr>\n<tr>\n<td align=\"left\" width=\"30%\">Material<\/td>\n<td align=\"left\" width=\"70%\">Silicona<\/td>\n<\/tr>\n<tr>\n<td align=\"left\" width=\"30%\">Fuerza<\/td>\n<td align=\"left\" width=\"70%\">1 pila AAA<\/td>\n<\/tr>\n<\/tbody>\n<\/table>\n","protected":false},"excerpt":{"rendered":"<p>Tus juegos anales se intensificar\u00e1n con nuestro tap\u00f3n anal vibrador. Este juguete sexual anal rosa y suave est\u00e1 repleto de potencia, listo para llevarte al orgasmo anal. Su forma consta de una pera redonda y llena, un estimulador m\u00e1s peque\u00f1o y un mango redondo para un uso f\u00e1cil. El eje principal te proporcionar\u00e1 una sensaci\u00f3n [&hellip;]<\/p>\n","protected":false},"featured_media":4000,"comment_status":"open","ping_status":"closed","template":"","meta":[],"product_brand":[],"product_cat":[35],"product_tag":[],"class_list":{"0":"post-4004","1":"product","2":"type-product","3":"status-publish","4":"has-post-thumbnail","6":"product_cat-anales","8":"first","9":"instock","10":"shipping-taxable","11":"purchasable","12":"product-type-simple"},"_links":{"self":[{"href":"https:\/\/tiendasamor.com\/index.php\/wp-json\/wp\/v2\/product\/4004","targetHints":{"allow":["GET"]}}],"collection":[{"href":"https:\/\/tiendasamor.com\/index.php\/wp-json\/wp\/v2\/product"}],"about":[{"href":"https:\/\/tiendasamor.com\/index.php\/wp-json\/wp\/v2\/types\/product"}],"replies":[{"embeddable":true,"href":"https:\/\/tiendasamor.com\/index.php\/wp-json\/wp\/v2\/comments?post=4004"}],"wp:featuredmedia":[{"embeddable":true,"href":"https:\/\/tiendasamor.com\/index.php\/wp-json\/wp\/v2\/media\/4000"}],"wp:attachment":[{"href":"https:\/\/tiendasamor.com\/index.php\/wp-json\/wp\/v2\/media?parent=4004"}],"wp:term":[{"taxonomy":"product_brand","embeddable":true,"href":"https:\/\/tiendasamor.com\/index.php\/wp-json\/wp\/v2\/product_brand?post=4004"},{"taxonomy":"product_cat","embeddable":true,"href":"https:\/\/tiendasamor.com\/index.php\/wp-json\/wp\/v2\/product_cat?post=4004"},{"taxonomy":"product_tag","embeddable":true,"href":"https:\/\/tiendasamor.com\/index.php\/wp-json\/wp\/v2\/product_tag?post=4004"}],"curies":[{"name":"wp","href":"https:\/\/api.w.org\/{rel}","templated":true}]}}