{"id":3998,"date":"2025-05-16T20:17:03","date_gmt":"2025-05-17T01:17:03","guid":{"rendered":"https:\/\/tiendasamor.com\/?post_type=product&#038;p=3998"},"modified":"2025-05-16T20:17:03","modified_gmt":"2025-05-17T01:17:03","slug":"plug-anal-vibratorio-fitch","status":"publish","type":"product","link":"https:\/\/tiendasamor.com\/index.php\/producto\/plug-anal-vibratorio-fitch\/","title":{"rendered":"PLUG ANAL VIBRATORIO FITCH"},"content":{"rendered":"<p>A\u00f1\u00e1delo a tu colecci\u00f3n de juguetes anales con este tap\u00f3n anal vibratorio de alta calidad. Este juguete anal tiene forma de eje bulboso para llenarte de estimulaci\u00f3n y tambi\u00e9n cuenta con un masajeador de perineo junto al mango para mejorar tu placer.<br \/>\nEste juguete tambi\u00e9n cuenta con una funci\u00f3n de vibraci\u00f3n para enviar sensaciones lujosas a tus sensibles terminaciones nerviosas.<\/p>\n<table border=\"0\" width=\"100%\" cellspacing=\"1\" cellpadding=\"3\" bgcolor=\"#dddddd\">\n<tbody>\n<tr>\n<td align=\"left\" width=\"30%\">Funci\u00f3n<\/td>\n<td align=\"left\" width=\"70%\">10 funciones de vibraci\u00f3n<\/td>\n<\/tr>\n<tr>\n<td align=\"left\" width=\"30%\">Material<\/td>\n<td align=\"left\" width=\"70%\">Silicona<\/td>\n<\/tr>\n<tr>\n<td align=\"left\" width=\"30%\">Fuerza<\/td>\n<td align=\"left\" width=\"70%\">1 pila AAA<\/td>\n<\/tr>\n<\/tbody>\n<\/table>\n","protected":false},"excerpt":{"rendered":"<p>A\u00f1\u00e1delo a tu colecci\u00f3n de juguetes anales con este tap\u00f3n anal vibratorio de alta calidad. Este juguete anal tiene forma de eje bulboso para llenarte de estimulaci\u00f3n y tambi\u00e9n cuenta con un masajeador de perineo junto al mango para mejorar tu placer. Este juguete tambi\u00e9n cuenta con una funci\u00f3n de vibraci\u00f3n para enviar sensaciones lujosas [&hellip;]<\/p>\n","protected":false},"featured_media":3999,"comment_status":"open","ping_status":"closed","template":"","meta":[],"product_brand":[],"product_cat":[35],"product_tag":[],"class_list":{"0":"post-3998","1":"product","2":"type-product","3":"status-publish","4":"has-post-thumbnail","6":"product_cat-anales","8":"first","9":"instock","10":"shipping-taxable","11":"purchasable","12":"product-type-simple"},"_links":{"self":[{"href":"https:\/\/tiendasamor.com\/index.php\/wp-json\/wp\/v2\/product\/3998","targetHints":{"allow":["GET"]}}],"collection":[{"href":"https:\/\/tiendasamor.com\/index.php\/wp-json\/wp\/v2\/product"}],"about":[{"href":"https:\/\/tiendasamor.com\/index.php\/wp-json\/wp\/v2\/types\/product"}],"replies":[{"embeddable":true,"href":"https:\/\/tiendasamor.com\/index.php\/wp-json\/wp\/v2\/comments?post=3998"}],"wp:featuredmedia":[{"embeddable":true,"href":"https:\/\/tiendasamor.com\/index.php\/wp-json\/wp\/v2\/media\/3999"}],"wp:attachment":[{"href":"https:\/\/tiendasamor.com\/index.php\/wp-json\/wp\/v2\/media?parent=3998"}],"wp:term":[{"taxonomy":"product_brand","embeddable":true,"href":"https:\/\/tiendasamor.com\/index.php\/wp-json\/wp\/v2\/product_brand?post=3998"},{"taxonomy":"product_cat","embeddable":true,"href":"https:\/\/tiendasamor.com\/index.php\/wp-json\/wp\/v2\/product_cat?post=3998"},{"taxonomy":"product_tag","embeddable":true,"href":"https:\/\/tiendasamor.com\/index.php\/wp-json\/wp\/v2\/product_tag?post=3998"}],"curies":[{"name":"wp","href":"https:\/\/api.w.org\/{rel}","templated":true}]}}