{"id":3992,"date":"2025-05-16T20:13:47","date_gmt":"2025-05-17T01:13:47","guid":{"rendered":"https:\/\/tiendasamor.com\/?post_type=product&#038;p=3992"},"modified":"2025-05-16T20:13:47","modified_gmt":"2025-05-17T01:13:47","slug":"special-anal-stimulation-silicone-anal-balls","status":"publish","type":"product","link":"https:\/\/tiendasamor.com\/index.php\/producto\/special-anal-stimulation-silicone-anal-balls\/","title":{"rendered":"Special Anal Stimulation Silicone Anal balls"},"content":{"rendered":"<p>Dale un toque de ritmo y movimiento a tu vida sexual con este estimulante tap\u00f3n anal de silicona PRETTY LOVE con bolas pesadas. Este peso har\u00e1 que las bolas se sacudan y se agiten, creando una sensaci\u00f3n \u00fanica que, una vez insertadas, har\u00e1 que los m\u00fasculos de quien las lleve se contraigan y respondan a las sensaciones.<\/p>\n<table border=\"0\" width=\"100%\" cellspacing=\"1\" cellpadding=\"3\" bgcolor=\"#dddddd\">\n<tbody>\n<tr>\n<td align=\"left\" width=\"30%\">Material<\/td>\n<td align=\"left\" width=\"70%\">Silicona<\/td>\n<\/tr>\n<tr>\n<td align=\"left\" width=\"30%\">Impermeable<\/td>\n<td align=\"left\" width=\"70%\">Impermeable<\/td>\n<\/tr>\n<\/tbody>\n<\/table>\n","protected":false},"excerpt":{"rendered":"<p>Dale un toque de ritmo y movimiento a tu vida sexual con este estimulante tap\u00f3n anal de silicona PRETTY LOVE con bolas pesadas. Este peso har\u00e1 que las bolas se sacudan y se agiten, creando una sensaci\u00f3n \u00fanica que, una vez insertadas, har\u00e1 que los m\u00fasculos de quien las lleve se contraigan y respondan a [&hellip;]<\/p>\n","protected":false},"featured_media":3993,"comment_status":"open","ping_status":"closed","template":"","meta":[],"product_brand":[],"product_cat":[35,40],"product_tag":[],"class_list":{"0":"post-3992","1":"product","2":"type-product","3":"status-publish","4":"has-post-thumbnail","6":"product_cat-anales","7":"product_cat-bolas-chinas","9":"first","10":"instock","11":"shipping-taxable","12":"purchasable","13":"product-type-simple"},"_links":{"self":[{"href":"https:\/\/tiendasamor.com\/index.php\/wp-json\/wp\/v2\/product\/3992","targetHints":{"allow":["GET"]}}],"collection":[{"href":"https:\/\/tiendasamor.com\/index.php\/wp-json\/wp\/v2\/product"}],"about":[{"href":"https:\/\/tiendasamor.com\/index.php\/wp-json\/wp\/v2\/types\/product"}],"replies":[{"embeddable":true,"href":"https:\/\/tiendasamor.com\/index.php\/wp-json\/wp\/v2\/comments?post=3992"}],"wp:featuredmedia":[{"embeddable":true,"href":"https:\/\/tiendasamor.com\/index.php\/wp-json\/wp\/v2\/media\/3993"}],"wp:attachment":[{"href":"https:\/\/tiendasamor.com\/index.php\/wp-json\/wp\/v2\/media?parent=3992"}],"wp:term":[{"taxonomy":"product_brand","embeddable":true,"href":"https:\/\/tiendasamor.com\/index.php\/wp-json\/wp\/v2\/product_brand?post=3992"},{"taxonomy":"product_cat","embeddable":true,"href":"https:\/\/tiendasamor.com\/index.php\/wp-json\/wp\/v2\/product_cat?post=3992"},{"taxonomy":"product_tag","embeddable":true,"href":"https:\/\/tiendasamor.com\/index.php\/wp-json\/wp\/v2\/product_tag?post=3992"}],"curies":[{"name":"wp","href":"https:\/\/api.w.org\/{rel}","templated":true}]}}