{"id":3988,"date":"2025-05-16T20:10:11","date_gmt":"2025-05-17T01:10:11","guid":{"rendered":"https:\/\/tiendasamor.com\/?post_type=product&#038;p=3988"},"modified":"2025-05-16T20:10:11","modified_gmt":"2025-05-17T01:10:11","slug":"pretty-love-special-anal-stimulation-butt-plug","status":"publish","type":"product","link":"https:\/\/tiendasamor.com\/index.php\/producto\/pretty-love-special-anal-stimulation-butt-plug\/","title":{"rendered":"Pretty Love Special Anal Stimulation Butt Plug"},"content":{"rendered":"<p>Este tap\u00f3n anal de silicona y terciopelo negro es un magn\u00edfico juguete anal, perfecto para a\u00f1adir una discreta estimulaci\u00f3n anal a tu vida sexual y para quienes se inician en el mundo del juego anal. Este juguete anal est\u00e1 hecho de silicona aterciopelada que se deslizar\u00e1 perfectamente sobre tu piel. Con un grosor estrecho y una punta c\u00f3nica y redondeada, este juguete est\u00e1 dise\u00f1ado para principiantes y a\u00f1ade un sutil placer anal a tu masturbaci\u00f3n, juegos previos y sexo.<\/p>\n<table border=\"0\" width=\"100%\" cellspacing=\"1\" cellpadding=\"3\" bgcolor=\"#dddddd\">\n<tbody>\n<tr>\n<td align=\"left\" width=\"30%\">Material<\/td>\n<td align=\"left\" width=\"70%\">Silicona<\/td>\n<\/tr>\n<tr>\n<td align=\"left\" width=\"30%\">Impermeable<\/td>\n<td align=\"left\" width=\"70%\">Impermeable<\/td>\n<\/tr>\n<\/tbody>\n<\/table>\n","protected":false},"excerpt":{"rendered":"<p>Este tap\u00f3n anal de silicona y terciopelo negro es un magn\u00edfico juguete anal, perfecto para a\u00f1adir una discreta estimulaci\u00f3n anal a tu vida sexual y para quienes se inician en el mundo del juego anal. Este juguete anal est\u00e1 hecho de silicona aterciopelada que se deslizar\u00e1 perfectamente sobre tu piel. Con un grosor estrecho y [&hellip;]<\/p>\n","protected":false},"featured_media":3989,"comment_status":"open","ping_status":"closed","template":"","meta":[],"product_brand":[],"product_cat":[35],"product_tag":[],"class_list":{"0":"post-3988","1":"product","2":"type-product","3":"status-publish","4":"has-post-thumbnail","6":"product_cat-anales","8":"first","9":"instock","10":"shipping-taxable","11":"purchasable","12":"product-type-simple"},"_links":{"self":[{"href":"https:\/\/tiendasamor.com\/index.php\/wp-json\/wp\/v2\/product\/3988","targetHints":{"allow":["GET"]}}],"collection":[{"href":"https:\/\/tiendasamor.com\/index.php\/wp-json\/wp\/v2\/product"}],"about":[{"href":"https:\/\/tiendasamor.com\/index.php\/wp-json\/wp\/v2\/types\/product"}],"replies":[{"embeddable":true,"href":"https:\/\/tiendasamor.com\/index.php\/wp-json\/wp\/v2\/comments?post=3988"}],"wp:featuredmedia":[{"embeddable":true,"href":"https:\/\/tiendasamor.com\/index.php\/wp-json\/wp\/v2\/media\/3989"}],"wp:attachment":[{"href":"https:\/\/tiendasamor.com\/index.php\/wp-json\/wp\/v2\/media?parent=3988"}],"wp:term":[{"taxonomy":"product_brand","embeddable":true,"href":"https:\/\/tiendasamor.com\/index.php\/wp-json\/wp\/v2\/product_brand?post=3988"},{"taxonomy":"product_cat","embeddable":true,"href":"https:\/\/tiendasamor.com\/index.php\/wp-json\/wp\/v2\/product_cat?post=3988"},{"taxonomy":"product_tag","embeddable":true,"href":"https:\/\/tiendasamor.com\/index.php\/wp-json\/wp\/v2\/product_tag?post=3988"}],"curies":[{"name":"wp","href":"https:\/\/api.w.org\/{rel}","templated":true}]}}