{"id":3976,"date":"2025-05-16T19:55:06","date_gmt":"2025-05-17T00:55:06","guid":{"rendered":"https:\/\/tiendasamor.com\/?post_type=product&#038;p=3976"},"modified":"2025-05-16T19:55:06","modified_gmt":"2025-05-17T00:55:06","slug":"9-the-ultra-soft-dude-vibrating-lovetoy","status":"publish","type":"product","link":"https:\/\/tiendasamor.com\/index.php\/producto\/9-the-ultra-soft-dude-vibrating-lovetoy\/","title":{"rendered":"9 The Ultra Soft Dude Vibrating LoveToy"},"content":{"rendered":"<p><strong>THE ULTRA SOFT DUDE<\/strong>\u00a0es una colecci\u00f3n de lujosos consoladores dise\u00f1ados por expertos por\u00a0<strong><em>LoveToy<\/em><\/strong>.<\/p>\n<p>Explorar todas en CH en el consolador de ultra suave Tipo Satisfacer a ti mismo con todas las venas, la curva y abultamiento de esta exacta r\u00e9plica que tiene la apariencia de sus fantas\u00edas a la Vida.<\/p>\n<p>Este consolador es lo M\u00e1s parecido a una session de vapor con la\u00a0piel real\u00a0m\u00e1s\u00a0ultra suave.\u00a0El material es totalmente similar a la piel, especialmente si se calienta\u00a0en agua tibia de antemano, y significa que tiene garantizada una\u00a0experiencia sensacionalmente llena.<\/p>\n<p>Este juguete tiene una base de Ventosa que puede colocar en cualquier\u00a0superficie\u00a0lisa y dura\u00a0para el viaje con manos libres de sus sue\u00f1os.\u00a0Simplemente cubra su longitud\u00a0con lubricante a base de agua y desl\u00edcelo sobre \u00e9l, inclin\u00e1ndolo para estimular sus\u00a0zonas er\u00f3genas para un placer incre\u00edble.<\/p>\n<p>Para una estimulaci\u00f3n a\u00fan mayor, viene con un\u00a0controlador con\u00a0cable delicado y hermoso\u00a0que brinda 10 patrones de ondas y pulsos.\u00a0Si desea\u00a0volver a la \u00faltima frecuencia durante el uso.\u00a0Presione cada frecuencia 2 veces por\u00a0Segundo, \u00a1tan f\u00e1cil de usar!\u00a0\u00a1Nunca te arrepentir\u00e1s de Tener uno!<\/p>\n<ul>\n<li>Piel cibern\u00e9tica 100% suave.<\/li>\n<li>10 velocidades y patrones de fuertes vibraciones.<\/li>\n<li>Tama\u00f1o: 9 \u201cde largo x 1,6\u201d de ancho.<\/li>\n<li>2 pilas AAA (no incluidas).<\/li>\n<li>Material: TPE.<\/li>\n<li>Funci\u00f3n de retroceso de frecuencia f\u00e1cil de usar.<\/li>\n<li>Presione cada frecuencia 2 veces en un segundo para regresar a la \u00faltima frecuencia<\/li>\n<\/ul>\n","protected":false},"excerpt":{"rendered":"<p>THE ULTRA SOFT DUDE\u00a0es una colecci\u00f3n de lujosos consoladores dise\u00f1ados por expertos por\u00a0LoveToy. Explorar todas en CH en el consolador de ultra suave Tipo Satisfacer a ti mismo con todas las venas, la curva y abultamiento de esta exacta r\u00e9plica que tiene la apariencia de sus fantas\u00edas a la Vida. Este consolador es lo M\u00e1s [&hellip;]<\/p>\n","protected":false},"featured_media":3977,"comment_status":"open","ping_status":"closed","template":"","meta":[],"product_brand":[],"product_cat":[27],"product_tag":[],"class_list":{"0":"post-3976","1":"product","2":"type-product","3":"status-publish","4":"has-post-thumbnail","6":"product_cat-vibradores","8":"first","9":"instock","10":"shipping-taxable","11":"purchasable","12":"product-type-simple"},"_links":{"self":[{"href":"https:\/\/tiendasamor.com\/index.php\/wp-json\/wp\/v2\/product\/3976","targetHints":{"allow":["GET"]}}],"collection":[{"href":"https:\/\/tiendasamor.com\/index.php\/wp-json\/wp\/v2\/product"}],"about":[{"href":"https:\/\/tiendasamor.com\/index.php\/wp-json\/wp\/v2\/types\/product"}],"replies":[{"embeddable":true,"href":"https:\/\/tiendasamor.com\/index.php\/wp-json\/wp\/v2\/comments?post=3976"}],"wp:featuredmedia":[{"embeddable":true,"href":"https:\/\/tiendasamor.com\/index.php\/wp-json\/wp\/v2\/media\/3977"}],"wp:attachment":[{"href":"https:\/\/tiendasamor.com\/index.php\/wp-json\/wp\/v2\/media?parent=3976"}],"wp:term":[{"taxonomy":"product_brand","embeddable":true,"href":"https:\/\/tiendasamor.com\/index.php\/wp-json\/wp\/v2\/product_brand?post=3976"},{"taxonomy":"product_cat","embeddable":true,"href":"https:\/\/tiendasamor.com\/index.php\/wp-json\/wp\/v2\/product_cat?post=3976"},{"taxonomy":"product_tag","embeddable":true,"href":"https:\/\/tiendasamor.com\/index.php\/wp-json\/wp\/v2\/product_tag?post=3976"}],"curies":[{"name":"wp","href":"https:\/\/api.w.org\/{rel}","templated":true}]}}