{"id":3971,"date":"2025-05-16T19:51:21","date_gmt":"2025-05-17T00:51:21","guid":{"rendered":"https:\/\/tiendasamor.com\/?post_type=product&#038;p=3971"},"modified":"2025-05-16T19:51:38","modified_gmt":"2025-05-17T00:51:38","slug":"add-2-pleasure-x-tender-vibrating-penis-sleeve-2","status":"publish","type":"product","link":"https:\/\/tiendasamor.com\/index.php\/producto\/add-2-pleasure-x-tender-vibrating-penis-sleeve-2\/","title":{"rendered":"Add 2 Pleasure X Tender Vibrating Penis Sleeve"},"content":{"rendered":"<p>Incrementa la longitud y el grosor de tu pene con la funda Pleasure X-Treme de LOVETOY, que no solo a\u00f1adir\u00e1 cent\u00edmetros, sino que tambi\u00e9n estimular\u00e1 tanto a ti como a tu pareja con su bala vibradora adicional.<\/p>\n<p>El anillo inferior de la funda te brindar\u00e1 un mejor agarre debajo de los test\u00edculos, permiti\u00e9ndote mayor comodidad en cada penetraci\u00f3n.<\/p>\n<p><strong>Caracter\u00edsticas<\/strong>:<\/p>\n<ul class=\"lte-list\">\n<li>Color: Rosa<\/li>\n<li>Tama\u00f1o:\n<ul class=\"lte-list\">\n<li>Longitud total 16,5 cm<\/li>\n<li>Longitud total insertable 15 cm<\/li>\n<li>Longitud interna 12 cm<\/li>\n<li>Di\u00e1metro Max. \u00a03,8 cm<\/li>\n<\/ul>\n<\/li>\n<li>Funciones de modelo: ]Funda para pene<\/li>\n<li>Material: Silicona + ABS<\/li>\n<li>Carga: Pilas AG13 x3 (No Incluidas)<\/li>\n<li>Frecuencia: 1 modo de vibraci\u00f3n<\/li>\n<\/ul>\n","protected":false},"excerpt":{"rendered":"<p>Incrementa la longitud y el grosor de tu pene con la funda Pleasure X-Treme de LOVETOY, que no solo a\u00f1adir\u00e1 cent\u00edmetros, sino que tambi\u00e9n estimular\u00e1 tanto a ti como a tu pareja con su bala vibradora adicional. El anillo inferior de la funda te brindar\u00e1 un mejor agarre debajo de los test\u00edculos, permiti\u00e9ndote mayor comodidad [&hellip;]<\/p>\n","protected":false},"featured_media":3972,"comment_status":"open","ping_status":"closed","template":"","meta":[],"product_brand":[],"product_cat":[45,46],"product_tag":[],"class_list":{"0":"post-3971","1":"product","2":"type-product","3":"status-publish","4":"has-post-thumbnail","6":"product_cat-fundas-extensoras","7":"product_cat-protesis","9":"first","10":"instock","11":"shipping-taxable","12":"purchasable","13":"product-type-simple"},"_links":{"self":[{"href":"https:\/\/tiendasamor.com\/index.php\/wp-json\/wp\/v2\/product\/3971","targetHints":{"allow":["GET"]}}],"collection":[{"href":"https:\/\/tiendasamor.com\/index.php\/wp-json\/wp\/v2\/product"}],"about":[{"href":"https:\/\/tiendasamor.com\/index.php\/wp-json\/wp\/v2\/types\/product"}],"replies":[{"embeddable":true,"href":"https:\/\/tiendasamor.com\/index.php\/wp-json\/wp\/v2\/comments?post=3971"}],"wp:featuredmedia":[{"embeddable":true,"href":"https:\/\/tiendasamor.com\/index.php\/wp-json\/wp\/v2\/media\/3972"}],"wp:attachment":[{"href":"https:\/\/tiendasamor.com\/index.php\/wp-json\/wp\/v2\/media?parent=3971"}],"wp:term":[{"taxonomy":"product_brand","embeddable":true,"href":"https:\/\/tiendasamor.com\/index.php\/wp-json\/wp\/v2\/product_brand?post=3971"},{"taxonomy":"product_cat","embeddable":true,"href":"https:\/\/tiendasamor.com\/index.php\/wp-json\/wp\/v2\/product_cat?post=3971"},{"taxonomy":"product_tag","embeddable":true,"href":"https:\/\/tiendasamor.com\/index.php\/wp-json\/wp\/v2\/product_tag?post=3971"}],"curies":[{"name":"wp","href":"https:\/\/api.w.org\/{rel}","templated":true}]}}