{"id":3957,"date":"2025-05-16T19:30:15","date_gmt":"2025-05-17T00:30:15","guid":{"rendered":"https:\/\/tiendasamor.com\/?post_type=product&#038;p=3957"},"modified":"2025-05-16T19:30:15","modified_gmt":"2025-05-17T00:30:15","slug":"brave-man-pretty-love","status":"publish","type":"product","link":"https:\/\/tiendasamor.com\/index.php\/producto\/brave-man-pretty-love\/","title":{"rendered":"Brave Man Pretty Love"},"content":{"rendered":"<p>Mejora tu pene con el extensor de pene con detalles realistas y dibuja una sonrisa a\u00fan m\u00e1s grande en el rostro de tu pareja durante el juego. El material te permite ver toda la acci\u00f3n. Con 10 modos de vibraci\u00f3n diferentes para una variedad de sensaciones y estimulaci\u00f3n, este sencillo juguete es la clave para el orgasmo.<\/p>\n<table border=\"0\" width=\"100%\" cellspacing=\"1\" cellpadding=\"3\" bgcolor=\"#dddddd\">\n<tbody>\n<tr>\n<td align=\"left\" width=\"30%\">Funci\u00f3n<\/td>\n<td align=\"left\" width=\"70%\">10 funciones de vibraci\u00f3n<\/td>\n<\/tr>\n<tr>\n<td align=\"left\" width=\"30%\">Material<\/td>\n<td align=\"left\" width=\"70%\">TPR<\/td>\n<\/tr>\n<tr>\n<td align=\"left\" width=\"30%\">Fuerza<\/td>\n<\/tr>\n<\/tbody>\n<\/table>\n","protected":false},"excerpt":{"rendered":"<p>Mejora tu pene con el extensor de pene con detalles realistas y dibuja una sonrisa a\u00fan m\u00e1s grande en el rostro de tu pareja durante el juego. El material te permite ver toda la acci\u00f3n. Con 10 modos de vibraci\u00f3n diferentes para una variedad de sensaciones y estimulaci\u00f3n, este sencillo juguete es la clave para [&hellip;]<\/p>\n","protected":false},"featured_media":3958,"comment_status":"open","ping_status":"closed","template":"","meta":[],"product_brand":[],"product_cat":[45,46],"product_tag":[],"class_list":{"0":"post-3957","1":"product","2":"type-product","3":"status-publish","4":"has-post-thumbnail","6":"product_cat-fundas-extensoras","7":"product_cat-protesis","9":"first","10":"instock","11":"shipping-taxable","12":"purchasable","13":"product-type-simple"},"_links":{"self":[{"href":"https:\/\/tiendasamor.com\/index.php\/wp-json\/wp\/v2\/product\/3957","targetHints":{"allow":["GET"]}}],"collection":[{"href":"https:\/\/tiendasamor.com\/index.php\/wp-json\/wp\/v2\/product"}],"about":[{"href":"https:\/\/tiendasamor.com\/index.php\/wp-json\/wp\/v2\/types\/product"}],"replies":[{"embeddable":true,"href":"https:\/\/tiendasamor.com\/index.php\/wp-json\/wp\/v2\/comments?post=3957"}],"wp:featuredmedia":[{"embeddable":true,"href":"https:\/\/tiendasamor.com\/index.php\/wp-json\/wp\/v2\/media\/3958"}],"wp:attachment":[{"href":"https:\/\/tiendasamor.com\/index.php\/wp-json\/wp\/v2\/media?parent=3957"}],"wp:term":[{"taxonomy":"product_brand","embeddable":true,"href":"https:\/\/tiendasamor.com\/index.php\/wp-json\/wp\/v2\/product_brand?post=3957"},{"taxonomy":"product_cat","embeddable":true,"href":"https:\/\/tiendasamor.com\/index.php\/wp-json\/wp\/v2\/product_cat?post=3957"},{"taxonomy":"product_tag","embeddable":true,"href":"https:\/\/tiendasamor.com\/index.php\/wp-json\/wp\/v2\/product_tag?post=3957"}],"curies":[{"name":"wp","href":"https:\/\/api.w.org\/{rel}","templated":true}]}}