{"id":3933,"date":"2025-05-16T19:09:00","date_gmt":"2025-05-17T00:09:00","guid":{"rendered":"https:\/\/tiendasamor.com\/?post_type=product&#038;p=3933"},"modified":"2025-05-16T19:09:01","modified_gmt":"2025-05-17T00:09:01","slug":"huevo-vibrador-a-control-ridged-missweet","status":"publish","type":"product","link":"https:\/\/tiendasamor.com\/index.php\/producto\/huevo-vibrador-a-control-ridged-missweet\/","title":{"rendered":"Huevo vibrador a control Ridged MisSweet"},"content":{"rendered":"<p>D\u00e9jate seducir por la l\u00ednea de juguetes\u00a0<strong>M-mello<\/strong>\u00a0de\u00a0<strong>CHISA<\/strong>, con materiales de alta calidad y dise\u00f1os delicados.<\/p>\n<p><strong>Ridged<\/strong>\u00a0es un huevo vibrador a control, ideal para tener aventuras con acompa\u00f1antes, ya sea dentro o fuera del dormitorio. Con un alcance de hasta 10 metros, este huevo vibrador te llevar\u00e1 al orgasmo junto a sus 10 velocidades de vibraci\u00f3n.<\/p>\n<p>Su bater\u00eda es recargable y es resistente al agua.<\/p>\n<p><strong>Caracter\u00edsticas<\/strong>:<\/p>\n<ul class=\"lte-list\">\n<li>Color: Rosado<\/li>\n<li>Tama\u00f1o:<\/li>\n<li>Longitud total 19 cm<\/li>\n<li>Longitud total insertable 8 cm<\/li>\n<li>Di\u00e1metro Max. 3,5 cm<\/li>\n<li>Funciones de modelo: Huevo vibrador a control<\/li>\n<li>Material: Silicona + ABS<\/li>\n<li>Carga: Bater\u00eda recargable<\/li>\n<li>Bater\u00eda de litio: Tiempo de carga 90 min, tiempo de uso 60 min<\/li>\n<li>Frecuencia: 10 modo de vibraci\u00f3n<\/li>\n<li>Certificaci\u00f3n: CE<\/li>\n<li>Aprueba de agua: Si<\/li>\n<\/ul>\n","protected":false},"excerpt":{"rendered":"<p>D\u00e9jate seducir por la l\u00ednea de juguetes\u00a0M-mello\u00a0de\u00a0CHISA, con materiales de alta calidad y dise\u00f1os delicados. Ridged\u00a0es un huevo vibrador a control, ideal para tener aventuras con acompa\u00f1antes, ya sea dentro o fuera del dormitorio. Con un alcance de hasta 10 metros, este huevo vibrador te llevar\u00e1 al orgasmo junto a sus 10 velocidades de vibraci\u00f3n. [&hellip;]<\/p>\n","protected":false},"featured_media":3934,"comment_status":"open","ping_status":"closed","template":"","meta":[],"product_brand":[],"product_cat":[40,44,27],"product_tag":[],"class_list":{"0":"post-3933","1":"product","2":"type-product","3":"status-publish","4":"has-post-thumbnail","6":"product_cat-bolas-chinas","7":"product_cat-clitorales","8":"product_cat-vibradores","10":"first","11":"instock","12":"shipping-taxable","13":"purchasable","14":"product-type-simple"},"_links":{"self":[{"href":"https:\/\/tiendasamor.com\/index.php\/wp-json\/wp\/v2\/product\/3933","targetHints":{"allow":["GET"]}}],"collection":[{"href":"https:\/\/tiendasamor.com\/index.php\/wp-json\/wp\/v2\/product"}],"about":[{"href":"https:\/\/tiendasamor.com\/index.php\/wp-json\/wp\/v2\/types\/product"}],"replies":[{"embeddable":true,"href":"https:\/\/tiendasamor.com\/index.php\/wp-json\/wp\/v2\/comments?post=3933"}],"wp:featuredmedia":[{"embeddable":true,"href":"https:\/\/tiendasamor.com\/index.php\/wp-json\/wp\/v2\/media\/3934"}],"wp:attachment":[{"href":"https:\/\/tiendasamor.com\/index.php\/wp-json\/wp\/v2\/media?parent=3933"}],"wp:term":[{"taxonomy":"product_brand","embeddable":true,"href":"https:\/\/tiendasamor.com\/index.php\/wp-json\/wp\/v2\/product_brand?post=3933"},{"taxonomy":"product_cat","embeddable":true,"href":"https:\/\/tiendasamor.com\/index.php\/wp-json\/wp\/v2\/product_cat?post=3933"},{"taxonomy":"product_tag","embeddable":true,"href":"https:\/\/tiendasamor.com\/index.php\/wp-json\/wp\/v2\/product_tag?post=3933"}],"curies":[{"name":"wp","href":"https:\/\/api.w.org\/{rel}","templated":true}]}}