{"id":3927,"date":"2025-05-16T19:02:48","date_gmt":"2025-05-17T00:02:48","guid":{"rendered":"https:\/\/tiendasamor.com\/?post_type=product&#038;p=3927"},"modified":"2025-05-16T19:02:48","modified_gmt":"2025-05-17T00:02:48","slug":"m-mello-vibrador-bala-heart-waves","status":"publish","type":"product","link":"https:\/\/tiendasamor.com\/index.php\/producto\/m-mello-vibrador-bala-heart-waves\/","title":{"rendered":"M-Mello Vibrador bala Heart Waves"},"content":{"rendered":"<p>Heart Waves es un huevo vibrador de dise\u00f1o, pensado para vivir momentos muy er\u00f3ticos y juegos excitantes en pareja. Gracias a los diferentes modos de vibraci\u00f3n, desde el m\u00e1s discreto hasta el m\u00e1s decisivo, ser\u00e1 posible iniciar escenarios calientes cada vez m\u00e1s atractivos y vivirlos de una forma \u00fanica e intensa.<br \/>\nEl \u00f3vulo est\u00e1 fabricado con materiales de alta calidad, tiene forma ovalada, se caracteriza por dos bolas de diferentes di\u00e1metros y una superficie impermeable y suave al tacto que, al insertarse, acaricia suavemente las paredes vaginales. Gracias al peque\u00f1o mando a distancia podr\u00e1s activar el placer de forma remota y ajustar varios programas de vibraci\u00f3n.<br \/>\nEquipado con un cord\u00f3n para una sujeci\u00f3n segura y se carga mediante el cable USB incluido.<\/p>\n<ul>\n<li>Largo: 18.5cm.<\/li>\n<li>Ancho: 3.5cm.<\/li>\n<li>Insertable: 10cm.<\/li>\n<li>Material: Silicona+ABS.<\/li>\n<li>10 modos de vibraci\u00f3n.<\/li>\n<li>Recargable<\/li>\n<li>Color: Rosado.<\/li>\n<\/ul>\n","protected":false},"excerpt":{"rendered":"<p>Heart Waves es un huevo vibrador de dise\u00f1o, pensado para vivir momentos muy er\u00f3ticos y juegos excitantes en pareja. Gracias a los diferentes modos de vibraci\u00f3n, desde el m\u00e1s discreto hasta el m\u00e1s decisivo, ser\u00e1 posible iniciar escenarios calientes cada vez m\u00e1s atractivos y vivirlos de una forma \u00fanica e intensa. El \u00f3vulo est\u00e1 fabricado [&hellip;]<\/p>\n","protected":false},"featured_media":3928,"comment_status":"open","ping_status":"closed","template":"","meta":[],"product_brand":[],"product_cat":[40,44,27],"product_tag":[],"class_list":{"0":"post-3927","1":"product","2":"type-product","3":"status-publish","4":"has-post-thumbnail","6":"product_cat-bolas-chinas","7":"product_cat-clitorales","8":"product_cat-vibradores","10":"first","11":"instock","12":"shipping-taxable","13":"purchasable","14":"product-type-simple"},"_links":{"self":[{"href":"https:\/\/tiendasamor.com\/index.php\/wp-json\/wp\/v2\/product\/3927","targetHints":{"allow":["GET"]}}],"collection":[{"href":"https:\/\/tiendasamor.com\/index.php\/wp-json\/wp\/v2\/product"}],"about":[{"href":"https:\/\/tiendasamor.com\/index.php\/wp-json\/wp\/v2\/types\/product"}],"replies":[{"embeddable":true,"href":"https:\/\/tiendasamor.com\/index.php\/wp-json\/wp\/v2\/comments?post=3927"}],"wp:featuredmedia":[{"embeddable":true,"href":"https:\/\/tiendasamor.com\/index.php\/wp-json\/wp\/v2\/media\/3928"}],"wp:attachment":[{"href":"https:\/\/tiendasamor.com\/index.php\/wp-json\/wp\/v2\/media?parent=3927"}],"wp:term":[{"taxonomy":"product_brand","embeddable":true,"href":"https:\/\/tiendasamor.com\/index.php\/wp-json\/wp\/v2\/product_brand?post=3927"},{"taxonomy":"product_cat","embeddable":true,"href":"https:\/\/tiendasamor.com\/index.php\/wp-json\/wp\/v2\/product_cat?post=3927"},{"taxonomy":"product_tag","embeddable":true,"href":"https:\/\/tiendasamor.com\/index.php\/wp-json\/wp\/v2\/product_tag?post=3927"}],"curies":[{"name":"wp","href":"https:\/\/api.w.org\/{rel}","templated":true}]}}