{"id":3921,"date":"2025-05-16T18:57:39","date_gmt":"2025-05-16T23:57:39","guid":{"rendered":"https:\/\/tiendasamor.com\/?post_type=product&#038;p=3921"},"modified":"2025-05-16T18:57:39","modified_gmt":"2025-05-16T23:57:39","slug":"ridged-vibrating-bullet-purple","status":"publish","type":"product","link":"https:\/\/tiendasamor.com\/index.php\/producto\/ridged-vibrating-bullet-purple\/","title":{"rendered":"Ridged Vibrating Bullet-Purple"},"content":{"rendered":"<p>Huevo vibrador con 10 funciones de vibraci\u00f3n y control remoto inal\u00e1mbrico. Cuenta con una forma especial para una estimulaci\u00f3n perfecta.<\/p>\n<ul>\n<li>10 funciones de vibraci\u00f3n<\/li>\n<li>Con control remoto inal\u00e1mbrico<\/li>\n<li>Recargable por USB<\/li>\n<li>Impermeable IPX6<\/li>\n<li>Silicona + ABS<\/li>\n<li>Libre de ftalatos y l\u00e1tex<\/li>\n<li>Medidas: 19 cm x 3.5 cm<\/li>\n<\/ul>\n","protected":false},"excerpt":{"rendered":"<p>Huevo vibrador con 10 funciones de vibraci\u00f3n y control remoto inal\u00e1mbrico. Cuenta con una forma especial para una estimulaci\u00f3n perfecta. 10 funciones de vibraci\u00f3n Con control remoto inal\u00e1mbrico Recargable por USB Impermeable IPX6 Silicona + ABS Libre de ftalatos y l\u00e1tex Medidas: 19 cm x 3.5 cm<\/p>\n","protected":false},"featured_media":3922,"comment_status":"open","ping_status":"closed","template":"","meta":[],"product_brand":[],"product_cat":[40,44],"product_tag":[],"class_list":{"0":"post-3921","1":"product","2":"type-product","3":"status-publish","4":"has-post-thumbnail","6":"product_cat-bolas-chinas","7":"product_cat-clitorales","9":"first","10":"instock","11":"shipping-taxable","12":"purchasable","13":"product-type-simple"},"_links":{"self":[{"href":"https:\/\/tiendasamor.com\/index.php\/wp-json\/wp\/v2\/product\/3921","targetHints":{"allow":["GET"]}}],"collection":[{"href":"https:\/\/tiendasamor.com\/index.php\/wp-json\/wp\/v2\/product"}],"about":[{"href":"https:\/\/tiendasamor.com\/index.php\/wp-json\/wp\/v2\/types\/product"}],"replies":[{"embeddable":true,"href":"https:\/\/tiendasamor.com\/index.php\/wp-json\/wp\/v2\/comments?post=3921"}],"wp:featuredmedia":[{"embeddable":true,"href":"https:\/\/tiendasamor.com\/index.php\/wp-json\/wp\/v2\/media\/3922"}],"wp:attachment":[{"href":"https:\/\/tiendasamor.com\/index.php\/wp-json\/wp\/v2\/media?parent=3921"}],"wp:term":[{"taxonomy":"product_brand","embeddable":true,"href":"https:\/\/tiendasamor.com\/index.php\/wp-json\/wp\/v2\/product_brand?post=3921"},{"taxonomy":"product_cat","embeddable":true,"href":"https:\/\/tiendasamor.com\/index.php\/wp-json\/wp\/v2\/product_cat?post=3921"},{"taxonomy":"product_tag","embeddable":true,"href":"https:\/\/tiendasamor.com\/index.php\/wp-json\/wp\/v2\/product_tag?post=3921"}],"curies":[{"name":"wp","href":"https:\/\/api.w.org\/{rel}","templated":true}]}}