{"id":3906,"date":"2025-05-16T18:48:43","date_gmt":"2025-05-16T23:48:43","guid":{"rendered":"https:\/\/tiendasamor.com\/?post_type=product&#038;p=3906"},"modified":"2025-05-16T18:48:58","modified_gmt":"2025-05-16T23:48:58","slug":"bala-pretty-love-sebastian","status":"publish","type":"product","link":"https:\/\/tiendasamor.com\/index.php\/producto\/bala-pretty-love-sebastian\/","title":{"rendered":"BALA PRETTY LOVE SEBASTIAN"},"content":{"rendered":"<p>Este vibrador ofrece una estimulaci\u00f3n incre\u00edblemente placentera combinando vibraciones ultraintensas con un dise\u00f1o ingenioso. Hecho de silicona de alta calidad con una base de pl\u00e1stico pulido, este vibrador es suave, sofisticado y cuenta con 12 potentes patrones de vibraci\u00f3n. Es tan adorable que la luz azul est\u00e1 encendida, tan encantador y brillante.<\/p>\n<table border=\"0\" width=\"100%\" cellspacing=\"1\" cellpadding=\"3\" bgcolor=\"#dddddd\">\n<tbody>\n<tr>\n<td align=\"left\" width=\"30%\">Funci\u00f3n<\/td>\n<td align=\"left\" width=\"70%\">12 funciones de vibraci\u00f3n Funci\u00f3n de memoria<\/td>\n<\/tr>\n<tr>\n<td align=\"left\" width=\"30%\">Material<\/td>\n<td align=\"left\" width=\"70%\">Silicona<\/td>\n<\/tr>\n<tr>\n<td align=\"left\" width=\"30%\">Fuerza<\/td>\n<td align=\"left\" width=\"70%\">1 pila AA<\/td>\n<\/tr>\n<\/tbody>\n<\/table>\n","protected":false},"excerpt":{"rendered":"<p>Este vibrador ofrece una estimulaci\u00f3n incre\u00edblemente placentera combinando vibraciones ultraintensas con un dise\u00f1o ingenioso. Hecho de silicona de alta calidad con una base de pl\u00e1stico pulido, este vibrador es suave, sofisticado y cuenta con 12 potentes patrones de vibraci\u00f3n. Es tan adorable que la luz azul est\u00e1 encendida, tan encantador y brillante. Funci\u00f3n 12 funciones [&hellip;]<\/p>\n","protected":false},"featured_media":3907,"comment_status":"open","ping_status":"closed","template":"","meta":[],"product_brand":[],"product_cat":[44,27],"product_tag":[],"class_list":{"0":"post-3906","1":"product","2":"type-product","3":"status-publish","4":"has-post-thumbnail","6":"product_cat-clitorales","7":"product_cat-vibradores","9":"first","10":"instock","11":"shipping-taxable","12":"purchasable","13":"product-type-simple"},"_links":{"self":[{"href":"https:\/\/tiendasamor.com\/index.php\/wp-json\/wp\/v2\/product\/3906","targetHints":{"allow":["GET"]}}],"collection":[{"href":"https:\/\/tiendasamor.com\/index.php\/wp-json\/wp\/v2\/product"}],"about":[{"href":"https:\/\/tiendasamor.com\/index.php\/wp-json\/wp\/v2\/types\/product"}],"replies":[{"embeddable":true,"href":"https:\/\/tiendasamor.com\/index.php\/wp-json\/wp\/v2\/comments?post=3906"}],"wp:featuredmedia":[{"embeddable":true,"href":"https:\/\/tiendasamor.com\/index.php\/wp-json\/wp\/v2\/media\/3907"}],"wp:attachment":[{"href":"https:\/\/tiendasamor.com\/index.php\/wp-json\/wp\/v2\/media?parent=3906"}],"wp:term":[{"taxonomy":"product_brand","embeddable":true,"href":"https:\/\/tiendasamor.com\/index.php\/wp-json\/wp\/v2\/product_brand?post=3906"},{"taxonomy":"product_cat","embeddable":true,"href":"https:\/\/tiendasamor.com\/index.php\/wp-json\/wp\/v2\/product_cat?post=3906"},{"taxonomy":"product_tag","embeddable":true,"href":"https:\/\/tiendasamor.com\/index.php\/wp-json\/wp\/v2\/product_tag?post=3906"}],"curies":[{"name":"wp","href":"https:\/\/api.w.org\/{rel}","templated":true}]}}