{"id":3899,"date":"2025-05-16T18:44:37","date_gmt":"2025-05-16T23:44:37","guid":{"rendered":"https:\/\/tiendasamor.com\/?post_type=product&#038;p=3899"},"modified":"2025-05-16T18:44:37","modified_gmt":"2025-05-16T23:44:37","slug":"vibrador-bala-power-negro","status":"publish","type":"product","link":"https:\/\/tiendasamor.com\/index.php\/producto\/vibrador-bala-power-negro\/","title":{"rendered":"Vibrador Bala Power \u2013 Negro"},"content":{"rendered":"<p>Disfrute de este magn\u00edfica bala vibradora de 12 funciones y d\u00e9jese complacer en cualquier lugar. Este peque\u00f1o juguete es liso con una punta ligeramente c\u00f3nica para una magn\u00edfica estimulaci\u00f3n. Este juguete se puede usar para estimular todos tus puntos m\u00e1s dulces y mantener esa sonrisa satisfactoria en tu rostro durante todo el d\u00eda. Puede saltar a sus favoritos ritmos de vibraci\u00f3n cuando lo desee.<\/p>\n<table border=\"0\" width=\"100%\" cellspacing=\"1\" cellpadding=\"3\" bgcolor=\"#dddddd\">\n<tbody>\n<tr>\n<td align=\"left\" width=\"30%\">Function<\/td>\n<td align=\"left\" width=\"70%\">12 vibration functions Memory function<\/td>\n<\/tr>\n<tr>\n<td align=\"left\" width=\"30%\">Material<\/td>\n<td align=\"left\" width=\"70%\">Silicone<\/td>\n<\/tr>\n<tr>\n<td align=\"left\" width=\"30%\">Power<\/td>\n<td align=\"left\" width=\"70%\">USB rechargeable<\/td>\n<\/tr>\n<\/tbody>\n<\/table>\n","protected":false},"excerpt":{"rendered":"<p>Disfrute de este magn\u00edfica bala vibradora de 12 funciones y d\u00e9jese complacer en cualquier lugar. Este peque\u00f1o juguete es liso con una punta ligeramente c\u00f3nica para una magn\u00edfica estimulaci\u00f3n. Este juguete se puede usar para estimular todos tus puntos m\u00e1s dulces y mantener esa sonrisa satisfactoria en tu rostro durante todo el d\u00eda. Puede saltar [&hellip;]<\/p>\n","protected":false},"featured_media":3900,"comment_status":"open","ping_status":"closed","template":"","meta":[],"product_brand":[],"product_cat":[44,27],"product_tag":[],"class_list":{"0":"post-3899","1":"product","2":"type-product","3":"status-publish","4":"has-post-thumbnail","6":"product_cat-clitorales","7":"product_cat-vibradores","9":"first","10":"instock","11":"shipping-taxable","12":"purchasable","13":"product-type-simple"},"_links":{"self":[{"href":"https:\/\/tiendasamor.com\/index.php\/wp-json\/wp\/v2\/product\/3899","targetHints":{"allow":["GET"]}}],"collection":[{"href":"https:\/\/tiendasamor.com\/index.php\/wp-json\/wp\/v2\/product"}],"about":[{"href":"https:\/\/tiendasamor.com\/index.php\/wp-json\/wp\/v2\/types\/product"}],"replies":[{"embeddable":true,"href":"https:\/\/tiendasamor.com\/index.php\/wp-json\/wp\/v2\/comments?post=3899"}],"wp:featuredmedia":[{"embeddable":true,"href":"https:\/\/tiendasamor.com\/index.php\/wp-json\/wp\/v2\/media\/3900"}],"wp:attachment":[{"href":"https:\/\/tiendasamor.com\/index.php\/wp-json\/wp\/v2\/media?parent=3899"}],"wp:term":[{"taxonomy":"product_brand","embeddable":true,"href":"https:\/\/tiendasamor.com\/index.php\/wp-json\/wp\/v2\/product_brand?post=3899"},{"taxonomy":"product_cat","embeddable":true,"href":"https:\/\/tiendasamor.com\/index.php\/wp-json\/wp\/v2\/product_cat?post=3899"},{"taxonomy":"product_tag","embeddable":true,"href":"https:\/\/tiendasamor.com\/index.php\/wp-json\/wp\/v2\/product_tag?post=3899"}],"curies":[{"name":"wp","href":"https:\/\/api.w.org\/{rel}","templated":true}]}}