{"id":3892,"date":"2025-05-16T18:40:05","date_gmt":"2025-05-16T23:40:05","guid":{"rendered":"https:\/\/tiendasamor.com\/?post_type=product&#038;p=3892"},"modified":"2025-05-16T18:40:05","modified_gmt":"2025-05-16T23:40:05","slug":"pretty-love-debby","status":"publish","type":"product","link":"https:\/\/tiendasamor.com\/index.php\/producto\/pretty-love-debby\/","title":{"rendered":"Pretty Love Debby"},"content":{"rendered":"<p>Con este huevo vibrador con control remoto, compacto y f\u00e1cil de usar, con 12 funciones, puedes a\u00f1adir un toque extra de estimulaci\u00f3n a tu vida sexual. Este huevo vibrador con control remoto tiene contornos maravillosamente redondeados para una textura perfecta en contacto con la piel. Incluye un control remoto inal\u00e1mbrico para que puedas ajustar la intensidad durante el uso. Las vibraciones tienen 12 velocidades variables, lo que te permite experimentar una amplia gama de sensaciones con un solo juguete.<\/p>\n<table border=\"0\" width=\"100%\" cellspacing=\"1\" cellpadding=\"3\" bgcolor=\"#dddddd\">\n<tbody>\n<tr>\n<td align=\"left\" width=\"30%\">Funci\u00f3n<\/td>\n<td align=\"left\" width=\"70%\">12 funciones de vibraci\u00f3n Control remoto inal\u00e1mbrico<\/td>\n<\/tr>\n<tr>\n<td align=\"left\" width=\"30%\">Material<\/td>\n<td align=\"left\" width=\"70%\">Silicona<\/td>\n<\/tr>\n<tr>\n<td align=\"left\" width=\"30%\">Fuerza<\/td>\n<td align=\"left\" width=\"70%\">1 pila AAA + 1 pila AAA<\/td>\n<\/tr>\n<\/tbody>\n<\/table>\n","protected":false},"excerpt":{"rendered":"<p>Con este huevo vibrador con control remoto, compacto y f\u00e1cil de usar, con 12 funciones, puedes a\u00f1adir un toque extra de estimulaci\u00f3n a tu vida sexual. Este huevo vibrador con control remoto tiene contornos maravillosamente redondeados para una textura perfecta en contacto con la piel. Incluye un control remoto inal\u00e1mbrico para que puedas ajustar la [&hellip;]<\/p>\n","protected":false},"featured_media":3893,"comment_status":"open","ping_status":"closed","template":"","meta":[],"product_brand":[],"product_cat":[40,44,27],"product_tag":[],"class_list":{"0":"post-3892","1":"product","2":"type-product","3":"status-publish","4":"has-post-thumbnail","6":"product_cat-bolas-chinas","7":"product_cat-clitorales","8":"product_cat-vibradores","10":"first","11":"instock","12":"shipping-taxable","13":"purchasable","14":"product-type-simple"},"_links":{"self":[{"href":"https:\/\/tiendasamor.com\/index.php\/wp-json\/wp\/v2\/product\/3892","targetHints":{"allow":["GET"]}}],"collection":[{"href":"https:\/\/tiendasamor.com\/index.php\/wp-json\/wp\/v2\/product"}],"about":[{"href":"https:\/\/tiendasamor.com\/index.php\/wp-json\/wp\/v2\/types\/product"}],"replies":[{"embeddable":true,"href":"https:\/\/tiendasamor.com\/index.php\/wp-json\/wp\/v2\/comments?post=3892"}],"wp:featuredmedia":[{"embeddable":true,"href":"https:\/\/tiendasamor.com\/index.php\/wp-json\/wp\/v2\/media\/3893"}],"wp:attachment":[{"href":"https:\/\/tiendasamor.com\/index.php\/wp-json\/wp\/v2\/media?parent=3892"}],"wp:term":[{"taxonomy":"product_brand","embeddable":true,"href":"https:\/\/tiendasamor.com\/index.php\/wp-json\/wp\/v2\/product_brand?post=3892"},{"taxonomy":"product_cat","embeddable":true,"href":"https:\/\/tiendasamor.com\/index.php\/wp-json\/wp\/v2\/product_cat?post=3892"},{"taxonomy":"product_tag","embeddable":true,"href":"https:\/\/tiendasamor.com\/index.php\/wp-json\/wp\/v2\/product_tag?post=3892"}],"curies":[{"name":"wp","href":"https:\/\/api.w.org\/{rel}","templated":true}]}}