{"id":3885,"date":"2025-05-16T18:34:32","date_gmt":"2025-05-16T23:34:32","guid":{"rendered":"https:\/\/tiendasamor.com\/?post_type=product&#038;p=3885"},"modified":"2025-05-16T18:34:33","modified_gmt":"2025-05-16T23:34:33","slug":"pretty-love-elvira-2","status":"publish","type":"product","link":"https:\/\/tiendasamor.com\/index.php\/producto\/pretty-love-elvira-2\/","title":{"rendered":"Pretty Love Elvira"},"content":{"rendered":"<p>Entrena, tonifica y reafirma tu vagina, y divi\u00e9rtete durante d\u00edas haci\u00e9ndolo con las bolas vibratorias Kegel de 12 funciones de Pretty Love. Perm\u00edtase a usted o incluso a su pareja experimentar y controlar las 12 funciones de vibraci\u00f3n que incluyen una variedad de velocidades y patrones para sensaciones internas intensas. Descubra y utilice cualquiera de los 12 modos preestablecidos o cree el suyo propio con la aplicaci\u00f3n gratuita controlada por tel\u00e9fono m\u00f3vil. Dale a tus m\u00fasculos Kegel el entrenamiento y el placer que merecen con bolas Kegel vibratorias intercambiables.<\/p>\n<table border=\"0\" width=\"100%\" cellspacing=\"1\" cellpadding=\"3\" bgcolor=\"#dddddd\">\n<tbody>\n<tr>\n<td align=\"left\" width=\"30%\">Funci\u00f3n<\/td>\n<td align=\"left\" width=\"70%\">12 funciones de vibraci\u00f3n Aplicaci\u00f3n m\u00f3vil Control a larga distancia<\/td>\n<\/tr>\n<tr>\n<td align=\"left\" width=\"30%\">Material<\/td>\n<td align=\"left\" width=\"70%\">Silicona<\/td>\n<\/tr>\n<tr>\n<td align=\"left\" width=\"30%\">Fuerza<\/td>\n<td align=\"left\" width=\"70%\">recargable por USB<\/td>\n<\/tr>\n<\/tbody>\n<\/table>\n","protected":false},"excerpt":{"rendered":"<p>Entrena, tonifica y reafirma tu vagina, y divi\u00e9rtete durante d\u00edas haci\u00e9ndolo con las bolas vibratorias Kegel de 12 funciones de Pretty Love. Perm\u00edtase a usted o incluso a su pareja experimentar y controlar las 12 funciones de vibraci\u00f3n que incluyen una variedad de velocidades y patrones para sensaciones internas intensas. Descubra y utilice cualquiera de [&hellip;]<\/p>\n","protected":false},"featured_media":3886,"comment_status":"open","ping_status":"closed","template":"","meta":[],"product_brand":[],"product_cat":[40,44,27],"product_tag":[],"class_list":{"0":"post-3885","1":"product","2":"type-product","3":"status-publish","4":"has-post-thumbnail","6":"product_cat-bolas-chinas","7":"product_cat-clitorales","8":"product_cat-vibradores","10":"first","11":"instock","12":"shipping-taxable","13":"purchasable","14":"product-type-simple"},"_links":{"self":[{"href":"https:\/\/tiendasamor.com\/index.php\/wp-json\/wp\/v2\/product\/3885","targetHints":{"allow":["GET"]}}],"collection":[{"href":"https:\/\/tiendasamor.com\/index.php\/wp-json\/wp\/v2\/product"}],"about":[{"href":"https:\/\/tiendasamor.com\/index.php\/wp-json\/wp\/v2\/types\/product"}],"replies":[{"embeddable":true,"href":"https:\/\/tiendasamor.com\/index.php\/wp-json\/wp\/v2\/comments?post=3885"}],"wp:featuredmedia":[{"embeddable":true,"href":"https:\/\/tiendasamor.com\/index.php\/wp-json\/wp\/v2\/media\/3886"}],"wp:attachment":[{"href":"https:\/\/tiendasamor.com\/index.php\/wp-json\/wp\/v2\/media?parent=3885"}],"wp:term":[{"taxonomy":"product_brand","embeddable":true,"href":"https:\/\/tiendasamor.com\/index.php\/wp-json\/wp\/v2\/product_brand?post=3885"},{"taxonomy":"product_cat","embeddable":true,"href":"https:\/\/tiendasamor.com\/index.php\/wp-json\/wp\/v2\/product_cat?post=3885"},{"taxonomy":"product_tag","embeddable":true,"href":"https:\/\/tiendasamor.com\/index.php\/wp-json\/wp\/v2\/product_tag?post=3885"}],"curies":[{"name":"wp","href":"https:\/\/api.w.org\/{rel}","templated":true}]}}