{"id":3863,"date":"2025-05-16T18:04:47","date_gmt":"2025-05-16T23:04:47","guid":{"rendered":"https:\/\/tiendasamor.com\/?post_type=product&#038;p=3863"},"modified":"2025-05-16T18:05:04","modified_gmt":"2025-05-16T23:05:04","slug":"pretty-love-brighty-2","status":"publish","type":"product","link":"https:\/\/tiendasamor.com\/index.php\/producto\/pretty-love-brighty-2\/","title":{"rendered":"Pretty Love Brighty"},"content":{"rendered":"<p>combina el placer de la estimulaci\u00f3n del punto G con una potente vibraci\u00f3n del cl\u00edtoris. Su dise\u00f1o \u00fanico se flexiona con el movimiento para mantener el contacto con el cl\u00edtoris. Este estimulador dual vibra como ning\u00fan otro. Los controles f\u00e1ciles de usar te permiten encontrar la sensaci\u00f3n perfecta. Aumenta o disminuye la intensidad o desactiva la vibraci\u00f3n del punto G o del cl\u00edtoris. Prueba nuevas combinaciones. Su potente motor aumenta el placer con 30 funciones de vibraci\u00f3n.<\/p>\n<table border=\"0\" width=\"100%\" cellspacing=\"1\" cellpadding=\"3\" bgcolor=\"#dddddd\">\n<tbody>\n<tr>\n<td align=\"left\" width=\"30%\">Funci\u00f3n<\/td>\n<td align=\"left\" width=\"70%\">30 funciones de vibraci\u00f3n<\/td>\n<\/tr>\n<tr>\n<td align=\"left\" width=\"30%\">Material<\/td>\n<td align=\"left\" width=\"70%\">Silicona<\/td>\n<\/tr>\n<tr>\n<td align=\"left\" width=\"30%\">Fuerza<\/td>\n<td align=\"left\" width=\"70%\">2 pilas AAA<\/td>\n<\/tr>\n<\/tbody>\n<\/table>\n","protected":false},"excerpt":{"rendered":"<p>combina el placer de la estimulaci\u00f3n del punto G con una potente vibraci\u00f3n del cl\u00edtoris. Su dise\u00f1o \u00fanico se flexiona con el movimiento para mantener el contacto con el cl\u00edtoris. Este estimulador dual vibra como ning\u00fan otro. Los controles f\u00e1ciles de usar te permiten encontrar la sensaci\u00f3n perfecta. Aumenta o disminuye la intensidad o desactiva [&hellip;]<\/p>\n","protected":false},"featured_media":3864,"comment_status":"open","ping_status":"closed","template":"","meta":[],"product_brand":[],"product_cat":[44,43,27],"product_tag":[],"class_list":{"0":"post-3863","1":"product","2":"type-product","3":"status-publish","4":"has-post-thumbnail","6":"product_cat-clitorales","7":"product_cat-rabbit","8":"product_cat-vibradores","10":"first","11":"instock","12":"shipping-taxable","13":"purchasable","14":"product-type-simple"},"_links":{"self":[{"href":"https:\/\/tiendasamor.com\/index.php\/wp-json\/wp\/v2\/product\/3863","targetHints":{"allow":["GET"]}}],"collection":[{"href":"https:\/\/tiendasamor.com\/index.php\/wp-json\/wp\/v2\/product"}],"about":[{"href":"https:\/\/tiendasamor.com\/index.php\/wp-json\/wp\/v2\/types\/product"}],"replies":[{"embeddable":true,"href":"https:\/\/tiendasamor.com\/index.php\/wp-json\/wp\/v2\/comments?post=3863"}],"wp:featuredmedia":[{"embeddable":true,"href":"https:\/\/tiendasamor.com\/index.php\/wp-json\/wp\/v2\/media\/3864"}],"wp:attachment":[{"href":"https:\/\/tiendasamor.com\/index.php\/wp-json\/wp\/v2\/media?parent=3863"}],"wp:term":[{"taxonomy":"product_brand","embeddable":true,"href":"https:\/\/tiendasamor.com\/index.php\/wp-json\/wp\/v2\/product_brand?post=3863"},{"taxonomy":"product_cat","embeddable":true,"href":"https:\/\/tiendasamor.com\/index.php\/wp-json\/wp\/v2\/product_cat?post=3863"},{"taxonomy":"product_tag","embeddable":true,"href":"https:\/\/tiendasamor.com\/index.php\/wp-json\/wp\/v2\/product_tag?post=3863"}],"curies":[{"name":"wp","href":"https:\/\/api.w.org\/{rel}","templated":true}]}}