{"id":3849,"date":"2025-05-16T17:53:23","date_gmt":"2025-05-16T22:53:23","guid":{"rendered":"https:\/\/tiendasamor.com\/?post_type=product&#038;p=3849"},"modified":"2025-05-16T17:53:23","modified_gmt":"2025-05-16T22:53:23","slug":"vibrador-pretty-love-bert","status":"publish","type":"product","link":"https:\/\/tiendasamor.com\/index.php\/producto\/vibrador-pretty-love-bert\/","title":{"rendered":"Vibrador PRETTY LOVE Bert"},"content":{"rendered":"<div>Vibrador con estimulador de cl\u00edtoris. Las funciones de vibraci\u00f3n est\u00e1n disponibles en 30 modos. Ajustable mediante el bot\u00f3n en la base del juguete. Material 100% silicona. La longitud total del producto es de 19 cm, la longitud de trabajo es de 10,5 cm, el di\u00e1metro m\u00e1ximo es de 3,3 cm. El estimulador del cl\u00edtoris a\u00f1ade sensaciones durante el uso. Funciona con 2 pilas AAA (no incluidas). Longitud \u2013 5,5 cm, di\u00e1metro m\u00e1ximo \u2013 3 cm. Viene con una bolsa de almacenamiento.<\/div>\n<div class=\"description_props\">\n<ul>\n<li>Fabricante: Baile<\/li>\n<\/ul>\n<\/div>\n<ul>\n<li class=\"_2TxqAVjiup\">Longitud \u2013 18,8 cm<\/li>\n<li class=\"_2TxqAVjiup\">Di\u00e1metro \u2013 3,5 cm<\/li>\n<li class=\"_2TxqAVjiup\">Tipo de fuente de alimentaci\u00f3n: bater\u00edas<\/li>\n<li class=\"_2TxqAVjiup\">Tipo de bater\u00eda: 2 AAA<\/li>\n<li class=\"_2TxqAVjiup\">Modos de funcionamiento \u2013 vibraci\u00f3n<\/li>\n<li class=\"_2TxqAVjiup\">N\u00famero de modos \u2013 30<\/li>\n<\/ul>\n","protected":false},"excerpt":{"rendered":"<p>Vibrador con estimulador de cl\u00edtoris. Las funciones de vibraci\u00f3n est\u00e1n disponibles en 30 modos. Ajustable mediante el bot\u00f3n en la base del juguete. Material 100% silicona. La longitud total del producto es de 19 cm, la longitud de trabajo es de 10,5 cm, el di\u00e1metro m\u00e1ximo es de 3,3 cm. El estimulador del cl\u00edtoris a\u00f1ade [&hellip;]<\/p>\n","protected":false},"featured_media":3850,"comment_status":"open","ping_status":"closed","template":"","meta":[],"product_brand":[],"product_cat":[44,43,27],"product_tag":[],"class_list":{"0":"post-3849","1":"product","2":"type-product","3":"status-publish","4":"has-post-thumbnail","6":"product_cat-clitorales","7":"product_cat-rabbit","8":"product_cat-vibradores","10":"first","11":"instock","12":"shipping-taxable","13":"purchasable","14":"product-type-simple"},"_links":{"self":[{"href":"https:\/\/tiendasamor.com\/index.php\/wp-json\/wp\/v2\/product\/3849","targetHints":{"allow":["GET"]}}],"collection":[{"href":"https:\/\/tiendasamor.com\/index.php\/wp-json\/wp\/v2\/product"}],"about":[{"href":"https:\/\/tiendasamor.com\/index.php\/wp-json\/wp\/v2\/types\/product"}],"replies":[{"embeddable":true,"href":"https:\/\/tiendasamor.com\/index.php\/wp-json\/wp\/v2\/comments?post=3849"}],"wp:featuredmedia":[{"embeddable":true,"href":"https:\/\/tiendasamor.com\/index.php\/wp-json\/wp\/v2\/media\/3850"}],"wp:attachment":[{"href":"https:\/\/tiendasamor.com\/index.php\/wp-json\/wp\/v2\/media?parent=3849"}],"wp:term":[{"taxonomy":"product_brand","embeddable":true,"href":"https:\/\/tiendasamor.com\/index.php\/wp-json\/wp\/v2\/product_brand?post=3849"},{"taxonomy":"product_cat","embeddable":true,"href":"https:\/\/tiendasamor.com\/index.php\/wp-json\/wp\/v2\/product_cat?post=3849"},{"taxonomy":"product_tag","embeddable":true,"href":"https:\/\/tiendasamor.com\/index.php\/wp-json\/wp\/v2\/product_tag?post=3849"}],"curies":[{"name":"wp","href":"https:\/\/api.w.org\/{rel}","templated":true}]}}