{"id":3842,"date":"2025-05-16T17:46:20","date_gmt":"2025-05-16T22:46:20","guid":{"rendered":"https:\/\/tiendasamor.com\/?post_type=product&#038;p=3842"},"modified":"2025-05-16T17:46:20","modified_gmt":"2025-05-16T22:46:20","slug":"vibrador-y-succionador-willow","status":"publish","type":"product","link":"https:\/\/tiendasamor.com\/index.php\/producto\/vibrador-y-succionador-willow\/","title":{"rendered":"VIBRADOR Y SUCCIONADOR WILLOW"},"content":{"rendered":"<p>\u00bfTe gustar\u00eda poder recrear esa incre\u00edble sensaci\u00f3n de recibir sexo oral mientras disfrutas de la penetraci\u00f3n? Tus oraciones son respondidas por el vibrador de conejo con succi\u00f3n de cl\u00edtoris Pretty Love. Este conejo \u00fanico tiene un toque moderno, con un estimulador de succi\u00f3n del cl\u00edtoris y un potente masajeador vibratorio del punto G para el orgasmo trascendental de tus fantas\u00edas. Aprieta el bot\u00f3n para activar 7 modos incre\u00edbles. El estimulador externo succiona tu cl\u00edtoris, mientras te rellenas de silicona sedosa con una punta curva para despertar tu punto G. Los orgasmos mixtos son pan comido con este conejito chupador.<\/p>\n<ul>\n<li>Material: Silicona ABS<\/li>\n<li>7 Funciones de vibraci\u00f3n<\/li>\n<li>4 Funciones de succi\u00f3n<\/li>\n<li>Estimula Punto G y cl\u00edtoris<\/li>\n<li>Motor potente pero silencioso<\/li>\n<li>Requiere 2 pilas AAA (No incluido)<\/li>\n<li>Largo total: 20.4 cm \u2013 Insertable: 10.5 cm \u2013 Ancho: 3.5 cm.<\/li>\n<\/ul>\n","protected":false},"excerpt":{"rendered":"<p>\u00bfTe gustar\u00eda poder recrear esa incre\u00edble sensaci\u00f3n de recibir sexo oral mientras disfrutas de la penetraci\u00f3n? Tus oraciones son respondidas por el vibrador de conejo con succi\u00f3n de cl\u00edtoris Pretty Love. Este conejo \u00fanico tiene un toque moderno, con un estimulador de succi\u00f3n del cl\u00edtoris y un potente masajeador vibratorio del punto G para el [&hellip;]<\/p>\n","protected":false},"featured_media":3843,"comment_status":"open","ping_status":"closed","template":"","meta":[],"product_brand":[],"product_cat":[44,43,27],"product_tag":[],"class_list":{"0":"post-3842","1":"product","2":"type-product","3":"status-publish","4":"has-post-thumbnail","6":"product_cat-clitorales","7":"product_cat-rabbit","8":"product_cat-vibradores","10":"first","11":"instock","12":"shipping-taxable","13":"purchasable","14":"product-type-simple"},"_links":{"self":[{"href":"https:\/\/tiendasamor.com\/index.php\/wp-json\/wp\/v2\/product\/3842","targetHints":{"allow":["GET"]}}],"collection":[{"href":"https:\/\/tiendasamor.com\/index.php\/wp-json\/wp\/v2\/product"}],"about":[{"href":"https:\/\/tiendasamor.com\/index.php\/wp-json\/wp\/v2\/types\/product"}],"replies":[{"embeddable":true,"href":"https:\/\/tiendasamor.com\/index.php\/wp-json\/wp\/v2\/comments?post=3842"}],"wp:featuredmedia":[{"embeddable":true,"href":"https:\/\/tiendasamor.com\/index.php\/wp-json\/wp\/v2\/media\/3843"}],"wp:attachment":[{"href":"https:\/\/tiendasamor.com\/index.php\/wp-json\/wp\/v2\/media?parent=3842"}],"wp:term":[{"taxonomy":"product_brand","embeddable":true,"href":"https:\/\/tiendasamor.com\/index.php\/wp-json\/wp\/v2\/product_brand?post=3842"},{"taxonomy":"product_cat","embeddable":true,"href":"https:\/\/tiendasamor.com\/index.php\/wp-json\/wp\/v2\/product_cat?post=3842"},{"taxonomy":"product_tag","embeddable":true,"href":"https:\/\/tiendasamor.com\/index.php\/wp-json\/wp\/v2\/product_tag?post=3842"}],"curies":[{"name":"wp","href":"https:\/\/api.w.org\/{rel}","templated":true}]}}