{"id":3819,"date":"2025-05-13T19:49:50","date_gmt":"2025-05-14T00:49:50","guid":{"rendered":"https:\/\/tiendasamor.com\/?post_type=product&#038;p=3819"},"modified":"2025-05-13T19:49:50","modified_gmt":"2025-05-14T00:49:50","slug":"pretty-love-lois","status":"publish","type":"product","link":"https:\/\/tiendasamor.com\/index.php\/producto\/pretty-love-lois\/","title":{"rendered":"Pretty Love Lois"},"content":{"rendered":"<ul>\n<li><strong>VARA VIBRADORA CURVADA \u2013 LOIS<\/strong>\u00a0tiene una cuenta con una forma\u00a0<strong>curvada<\/strong>\u00a0que sirve para estimular con sus\u00a0<strong>10 potentes niveles de vibraci\u00f3n<\/strong>\u00a0tu\u00a0<strong>Punto G<\/strong>,\u00a0<strong>cl\u00edtoris<\/strong>,\u00a0<strong>vagina\u00a0<\/strong>y\u00a0<strong>ano<\/strong>\u00a0para llevarte al\u00a0<strong>orgasmo<\/strong>\u00a0que siempre so\u00f1aste.<\/li>\n<li>Adem\u00e1s, en su otra punta, tambi\u00e9n cuenta con una esfera vibradora, la cual es perfecta para estimular de manera externa tu\u00a0<strong>cl\u00edtoris<\/strong>, llev\u00e1ndote as\u00ed en un mundo de fantas\u00eda que culminar\u00e1 en un\u00a0<strong>explosivo orgasmo como siempre lo so\u00f1aste.<\/strong><\/li>\n<li>Te asegura\u00a0<strong>orgasmos espectaculares<\/strong>\u00a0ya que cuenta con\u00a0<strong>12 diferentes niveles de intensidad de vibraci\u00f3n<\/strong>\u00a0que estimularan directamente tus principales zonas er\u00f3genas.<\/li>\n<li>Es recomendable utilizarla con un\u00a0<strong>lubricante en base a agua<\/strong>.<\/li>\n<\/ul>\n<h2><strong>\u00bfQu\u00e9 zonas te estimula?<\/strong><\/h2>\n<ul>\n<li><strong>VARA VIBRADORA CURVADA \u2013 LOIS<\/strong>\u00a0estimula principalmente tu\u00a0<strong>Punto G y Cl\u00edtoris<\/strong>\u00a0que contiene millones de terminaciones nerviosas que te llevan a\u00a0<strong>orgasmos alucinantes<\/strong>.<\/li>\n<li>Otras zonas er\u00f3genas que puede estimularte es el\u00a0<strong>ano<\/strong>.<\/li>\n<\/ul>\n<h2><strong>Instrucciones de Uso<\/strong><\/h2>\n<ul>\n<li>Para\u00a0<strong>encender a<\/strong>\u00a0<strong>VARA VIBRADORA CURVADA \u2013 LOIS<\/strong>: Presiona el\u00a0<strong>bot\u00f3n de encendido<\/strong>\u00a0durante\u00a0<strong>3 segundos<\/strong>. Para\u00a0<strong>apagarla\u00a0<\/strong>presiona el\u00a0<strong>mismo bot\u00f3n<\/strong>\u00a0durante\u00a0<strong>3 segundos<\/strong>.<\/li>\n<li>Para utilizar la\u00a0<strong>vibraci\u00f3n<\/strong>\u00a0presiona el\u00a0<strong>bot\u00f3n ubicado debajo del bot\u00f3n de encendido<\/strong>\u00a0y navega a trav\u00e9s de los\u00a0<strong>10 diferentes niveles de vibraci\u00f3n<\/strong>.<\/li>\n<li>Es recomendable utilizarla con un\u00a0<strong>lubricante en base a agua<\/strong>.<\/li>\n<\/ul>\n<h2><strong>Caracter\u00edsticas<\/strong><\/h2>\n<ul>\n<li><strong>VARA VIBRADORA CURVADA \u2013 LOIS<\/strong>\u00a0cuenta con la\u00a0<strong>garant\u00eda\u00a0<\/strong>y<strong>\u00a0excelente<\/strong>\u00a0<strong>calidad\u00a0<\/strong>de\u00a0<strong>PRETTY LOVE.<\/strong><\/li>\n<li>Cuenta con 10 niveles de vibraci\u00f3n.<\/li>\n<li>Es recargable mediante cable USB.<\/li>\n<li>Es 100% lavable.<\/li>\n<\/ul>\n","protected":false},"excerpt":{"rendered":"<p>VARA VIBRADORA CURVADA \u2013 LOIS\u00a0tiene una cuenta con una forma\u00a0curvada\u00a0que sirve para estimular con sus\u00a010 potentes niveles de vibraci\u00f3n\u00a0tu\u00a0Punto G,\u00a0cl\u00edtoris,\u00a0vagina\u00a0y\u00a0ano\u00a0para llevarte al\u00a0orgasmo\u00a0que siempre so\u00f1aste. Adem\u00e1s, en su otra punta, tambi\u00e9n cuenta con una esfera vibradora, la cual es perfecta para estimular de manera externa tu\u00a0cl\u00edtoris, llev\u00e1ndote as\u00ed en un mundo de fantas\u00eda que culminar\u00e1 en [&hellip;]<\/p>\n","protected":false},"featured_media":3820,"comment_status":"open","ping_status":"closed","template":"","meta":[],"product_brand":[],"product_cat":[44,43,27],"product_tag":[],"class_list":{"0":"post-3819","1":"product","2":"type-product","3":"status-publish","4":"has-post-thumbnail","6":"product_cat-clitorales","7":"product_cat-rabbit","8":"product_cat-vibradores","10":"first","11":"instock","12":"shipping-taxable","13":"purchasable","14":"product-type-simple"},"_links":{"self":[{"href":"https:\/\/tiendasamor.com\/index.php\/wp-json\/wp\/v2\/product\/3819","targetHints":{"allow":["GET"]}}],"collection":[{"href":"https:\/\/tiendasamor.com\/index.php\/wp-json\/wp\/v2\/product"}],"about":[{"href":"https:\/\/tiendasamor.com\/index.php\/wp-json\/wp\/v2\/types\/product"}],"replies":[{"embeddable":true,"href":"https:\/\/tiendasamor.com\/index.php\/wp-json\/wp\/v2\/comments?post=3819"}],"wp:featuredmedia":[{"embeddable":true,"href":"https:\/\/tiendasamor.com\/index.php\/wp-json\/wp\/v2\/media\/3820"}],"wp:attachment":[{"href":"https:\/\/tiendasamor.com\/index.php\/wp-json\/wp\/v2\/media?parent=3819"}],"wp:term":[{"taxonomy":"product_brand","embeddable":true,"href":"https:\/\/tiendasamor.com\/index.php\/wp-json\/wp\/v2\/product_brand?post=3819"},{"taxonomy":"product_cat","embeddable":true,"href":"https:\/\/tiendasamor.com\/index.php\/wp-json\/wp\/v2\/product_cat?post=3819"},{"taxonomy":"product_tag","embeddable":true,"href":"https:\/\/tiendasamor.com\/index.php\/wp-json\/wp\/v2\/product_tag?post=3819"}],"curies":[{"name":"wp","href":"https:\/\/api.w.org\/{rel}","templated":true}]}}