{"id":3811,"date":"2025-05-13T19:01:34","date_gmt":"2025-05-14T00:01:34","guid":{"rendered":"https:\/\/tiendasamor.com\/?post_type=product&#038;p=3811"},"modified":"2025-05-13T19:03:01","modified_gmt":"2025-05-14T00:03:01","slug":"romance-lexie","status":"publish","type":"product","link":"https:\/\/tiendasamor.com\/index.php\/producto\/romance-lexie\/","title":{"rendered":"Romance Lexie"},"content":{"rendered":"<p>Este vibrador de cl\u00edtoris te ofrece una estimulaci\u00f3n dual, cuenta con una boca y una lengua realistas en forma de rosa, lo que permite una experiencia m\u00e1s profunda e \u00edntima al proporcionar una lamida que va m\u00e1s all\u00e1 de lo que puede ofrecer un vibrador de cl\u00edtoris tradicional. El otro lado ofrece 5 configuraciones de movimiento.<\/p>\n<ul>\n<li>Material: Silicona ABS<\/li>\n<li>Funci\u00f3n: 7 funciones de vibraci\u00f3n, 4 configuraciones de movimiento<\/li>\n<li>Alimentaci\u00f3n: Carga USB magn\u00e9tica<\/li>\n<\/ul>\n","protected":false},"excerpt":{"rendered":"<p>Este vibrador de cl\u00edtoris te ofrece una estimulaci\u00f3n dual, cuenta con una boca y una lengua realistas en forma de rosa, lo que permite una experiencia m\u00e1s profunda e \u00edntima al proporcionar una lamida que va m\u00e1s all\u00e1 de lo que puede ofrecer un vibrador de cl\u00edtoris tradicional. El otro lado ofrece 5 configuraciones de [&hellip;]<\/p>\n","protected":false},"featured_media":3812,"comment_status":"open","ping_status":"closed","template":"","meta":[],"product_brand":[],"product_cat":[44,43,27],"product_tag":[],"class_list":{"0":"post-3811","1":"product","2":"type-product","3":"status-publish","4":"has-post-thumbnail","6":"product_cat-clitorales","7":"product_cat-rabbit","8":"product_cat-vibradores","10":"first","11":"instock","12":"shipping-taxable","13":"purchasable","14":"product-type-simple"},"_links":{"self":[{"href":"https:\/\/tiendasamor.com\/index.php\/wp-json\/wp\/v2\/product\/3811","targetHints":{"allow":["GET"]}}],"collection":[{"href":"https:\/\/tiendasamor.com\/index.php\/wp-json\/wp\/v2\/product"}],"about":[{"href":"https:\/\/tiendasamor.com\/index.php\/wp-json\/wp\/v2\/types\/product"}],"replies":[{"embeddable":true,"href":"https:\/\/tiendasamor.com\/index.php\/wp-json\/wp\/v2\/comments?post=3811"}],"wp:featuredmedia":[{"embeddable":true,"href":"https:\/\/tiendasamor.com\/index.php\/wp-json\/wp\/v2\/media\/3812"}],"wp:attachment":[{"href":"https:\/\/tiendasamor.com\/index.php\/wp-json\/wp\/v2\/media?parent=3811"}],"wp:term":[{"taxonomy":"product_brand","embeddable":true,"href":"https:\/\/tiendasamor.com\/index.php\/wp-json\/wp\/v2\/product_brand?post=3811"},{"taxonomy":"product_cat","embeddable":true,"href":"https:\/\/tiendasamor.com\/index.php\/wp-json\/wp\/v2\/product_cat?post=3811"},{"taxonomy":"product_tag","embeddable":true,"href":"https:\/\/tiendasamor.com\/index.php\/wp-json\/wp\/v2\/product_tag?post=3811"}],"curies":[{"name":"wp","href":"https:\/\/api.w.org\/{rel}","templated":true}]}}