{"id":3803,"date":"2025-05-13T18:41:39","date_gmt":"2025-05-13T23:41:39","guid":{"rendered":"https:\/\/tiendasamor.com\/?post_type=product&#038;p=3803"},"modified":"2025-05-13T18:41:39","modified_gmt":"2025-05-13T23:41:39","slug":"pretty-love-stev-2","status":"publish","type":"product","link":"https:\/\/tiendasamor.com\/index.php\/producto\/pretty-love-stev-2\/","title":{"rendered":"Pretty Love Stev"},"content":{"rendered":"<p><span>Este vibrador con forma de pene te lleva a orgasmos m\u00faltiples. Consi\u00e9ntete con una dosis extra de felicidad. \u00a1No te preocupes por la duraci\u00f3n de la bater\u00eda, este vibrador es completamente recargable para horas y horas de diversi\u00f3n! El cabezal del juguete se dirige a tu punto G para brindarte precisi\u00f3n milim\u00e9trica y placer profundo. Adem\u00e1s, es completamente resistente al agua, as\u00ed que puedes chapotear con \u00e9l cuando quieras.<\/span><\/p>\n<table border=\"0\" width=\"100%\" cellspacing=\"1\" cellpadding=\"3\" bgcolor=\"#dddddd\">\n<tbody>\n<tr>\n<td align=\"left\" width=\"30%\"><span>Funci\u00f3n<\/span><\/td>\n<td align=\"left\" width=\"70%\"><span>10 funciones de vibraci\u00f3n<\/span><\/td>\n<\/tr>\n<tr>\n<td align=\"left\" width=\"30%\"><span>Material<\/span><\/td>\n<td align=\"left\" width=\"70%\"><span>Silicona<\/span><\/td>\n<\/tr>\n<tr>\n<td align=\"left\" width=\"30%\"><span>Fuerza<\/span><\/td>\n<td align=\"left\" width=\"70%\"><span>1 pila AAA<\/span><\/td>\n<\/tr>\n<\/tbody>\n<\/table>\n","protected":false},"excerpt":{"rendered":"<p>Este vibrador con forma de pene te lleva a orgasmos m\u00faltiples. Consi\u00e9ntete con una dosis extra de felicidad. \u00a1No te preocupes por la duraci\u00f3n de la bater\u00eda, este vibrador es completamente recargable para horas y horas de diversi\u00f3n! El cabezal del juguete se dirige a tu punto G para brindarte precisi\u00f3n milim\u00e9trica y placer profundo. [&hellip;]<\/p>\n","protected":false},"featured_media":3804,"comment_status":"open","ping_status":"closed","template":"","meta":[],"product_brand":[],"product_cat":[27],"product_tag":[],"class_list":{"0":"post-3803","1":"product","2":"type-product","3":"status-publish","4":"has-post-thumbnail","6":"product_cat-vibradores","8":"first","9":"instock","10":"shipping-taxable","11":"purchasable","12":"product-type-simple"},"_links":{"self":[{"href":"https:\/\/tiendasamor.com\/index.php\/wp-json\/wp\/v2\/product\/3803","targetHints":{"allow":["GET"]}}],"collection":[{"href":"https:\/\/tiendasamor.com\/index.php\/wp-json\/wp\/v2\/product"}],"about":[{"href":"https:\/\/tiendasamor.com\/index.php\/wp-json\/wp\/v2\/types\/product"}],"replies":[{"embeddable":true,"href":"https:\/\/tiendasamor.com\/index.php\/wp-json\/wp\/v2\/comments?post=3803"}],"wp:featuredmedia":[{"embeddable":true,"href":"https:\/\/tiendasamor.com\/index.php\/wp-json\/wp\/v2\/media\/3804"}],"wp:attachment":[{"href":"https:\/\/tiendasamor.com\/index.php\/wp-json\/wp\/v2\/media?parent=3803"}],"wp:term":[{"taxonomy":"product_brand","embeddable":true,"href":"https:\/\/tiendasamor.com\/index.php\/wp-json\/wp\/v2\/product_brand?post=3803"},{"taxonomy":"product_cat","embeddable":true,"href":"https:\/\/tiendasamor.com\/index.php\/wp-json\/wp\/v2\/product_cat?post=3803"},{"taxonomy":"product_tag","embeddable":true,"href":"https:\/\/tiendasamor.com\/index.php\/wp-json\/wp\/v2\/product_tag?post=3803"}],"curies":[{"name":"wp","href":"https:\/\/api.w.org\/{rel}","templated":true}]}}