{"id":3792,"date":"2025-05-13T16:17:56","date_gmt":"2025-05-13T21:17:56","guid":{"rendered":"https:\/\/tiendasamor.com\/?post_type=product&#038;p=3792"},"modified":"2025-05-13T16:17:56","modified_gmt":"2025-05-13T21:17:56","slug":"twinkled-tenderness-retractil-giratorio","status":"publish","type":"product","link":"https:\/\/tiendasamor.com\/index.php\/producto\/twinkled-tenderness-retractil-giratorio\/","title":{"rendered":"Twinkled Tenderness Retractil Giratorio"},"content":{"rendered":"<p>Dise\u00f1ado para el m\u00e1ximo placer, qu\u00e9date en la cama con el vibrador Pretty Love Rabbit.<\/p>\n<p>Con potentes motores dobles, uno ubicado en la punta y el otro en el brazo externo, te prometemos que encontrar\u00e1s la vibraci\u00f3n perfecta con 7 intensidades y ritmos de vibraci\u00f3n que te llevar\u00e1n a un cl\u00edmax intenso y combinado.<\/p>\n<p>Con una sola fila de bolas r\u00edgidas que se mueven hacia arriba y hacia abajo en un emocionante masaje \u00edntimo, disfruta de las tres velocidades mientras roza suavemente tu punto sensible.<\/p>\n<p>Para un placer a\u00fan mayor, presiona el bot\u00f3n Burst Climax para explorar tus incre\u00edbles y emocionantes orgasmos.<\/p>\n","protected":false},"excerpt":{"rendered":"<p>Dise\u00f1ado para el m\u00e1ximo placer, qu\u00e9date en la cama con el vibrador Pretty Love Rabbit. Con potentes motores dobles, uno ubicado en la punta y el otro en el brazo externo, te prometemos que encontrar\u00e1s la vibraci\u00f3n perfecta con 7 intensidades y ritmos de vibraci\u00f3n que te llevar\u00e1n a un cl\u00edmax intenso y combinado. Con [&hellip;]<\/p>\n","protected":false},"featured_media":3793,"comment_status":"open","ping_status":"closed","template":"","meta":[],"product_brand":[],"product_cat":[44,43,27],"product_tag":[],"class_list":{"0":"post-3792","1":"product","2":"type-product","3":"status-publish","4":"has-post-thumbnail","6":"product_cat-clitorales","7":"product_cat-rabbit","8":"product_cat-vibradores","10":"first","11":"instock","12":"shipping-taxable","13":"purchasable","14":"product-type-simple"},"_links":{"self":[{"href":"https:\/\/tiendasamor.com\/index.php\/wp-json\/wp\/v2\/product\/3792","targetHints":{"allow":["GET"]}}],"collection":[{"href":"https:\/\/tiendasamor.com\/index.php\/wp-json\/wp\/v2\/product"}],"about":[{"href":"https:\/\/tiendasamor.com\/index.php\/wp-json\/wp\/v2\/types\/product"}],"replies":[{"embeddable":true,"href":"https:\/\/tiendasamor.com\/index.php\/wp-json\/wp\/v2\/comments?post=3792"}],"wp:featuredmedia":[{"embeddable":true,"href":"https:\/\/tiendasamor.com\/index.php\/wp-json\/wp\/v2\/media\/3793"}],"wp:attachment":[{"href":"https:\/\/tiendasamor.com\/index.php\/wp-json\/wp\/v2\/media?parent=3792"}],"wp:term":[{"taxonomy":"product_brand","embeddable":true,"href":"https:\/\/tiendasamor.com\/index.php\/wp-json\/wp\/v2\/product_brand?post=3792"},{"taxonomy":"product_cat","embeddable":true,"href":"https:\/\/tiendasamor.com\/index.php\/wp-json\/wp\/v2\/product_cat?post=3792"},{"taxonomy":"product_tag","embeddable":true,"href":"https:\/\/tiendasamor.com\/index.php\/wp-json\/wp\/v2\/product_tag?post=3792"}],"curies":[{"name":"wp","href":"https:\/\/api.w.org\/{rel}","templated":true}]}}