{"id":3783,"date":"2025-05-13T16:11:46","date_gmt":"2025-05-13T21:11:46","guid":{"rendered":"https:\/\/tiendasamor.com\/?post_type=product&#038;p=3783"},"modified":"2025-05-13T16:11:46","modified_gmt":"2025-05-13T21:11:46","slug":"pretty-love-prescott","status":"publish","type":"product","link":"https:\/\/tiendasamor.com\/index.php\/producto\/pretty-love-prescott\/","title":{"rendered":"Pretty Love Prescott"},"content":{"rendered":"<p>El\u00a0\u00a0<strong>Vibrador Conejo\u00a0<\/strong><strong>Pretty Love Prescott\u00a0<\/strong>\u00a0\u00a0est\u00e1 hecho de una silicona de doble densidad incre\u00edblemente gruesa, suave y esponjosa al tacto, y se puede doblar en cualquier direcci\u00f3n. Este material suave y cremoso no solo se sentir\u00e1 de maravilla en tu piel, sino que tambi\u00e9n es resistente al agua para facilitar su limpieza y disfrutar en la ducha o el ba\u00f1o. Adem\u00e1s, cuenta con un mango hueco y ergon\u00f3mico que puedes usar para introducir los dedos y disfrutar de un mejor agarre y control al darte placer. Por \u00faltimo, su pr\u00e1ctica recarga USB garantiza que este juguete siempre estar\u00e1 listo para adaptarse a tu voluntad y darte placer exactamente como quieras, cuando quieras.<\/p>\n<ul>\n<li>Masaje profundo del punto G interno y estimulaci\u00f3n externa del cl\u00edtoris.<\/li>\n<li>Forma f\u00e1lica y eje estriado para un mayor placer interno.<\/li>\n<li>La silicona de felpa de doble densidad se dobla para adaptarse a tu cuerpo.<\/li>\n<li>7 patrones de vibraci\u00f3n en motores duales independientes + una funci\u00f3n de memoria para recordar tus favoritos<\/li>\n<li>El mango hueco ofrece un agarre supremo y control de los movimientos del juguete.<\/li>\n<li>Resistente al agua y recargable por USB para un cuidado y mantenimiento convenientes.<\/li>\n<\/ul>\n","protected":false},"excerpt":{"rendered":"<p>El\u00a0\u00a0Vibrador Conejo\u00a0Pretty Love Prescott\u00a0\u00a0\u00a0est\u00e1 hecho de una silicona de doble densidad incre\u00edblemente gruesa, suave y esponjosa al tacto, y se puede doblar en cualquier direcci\u00f3n. Este material suave y cremoso no solo se sentir\u00e1 de maravilla en tu piel, sino que tambi\u00e9n es resistente al agua para facilitar su limpieza y disfrutar en la ducha [&hellip;]<\/p>\n","protected":false},"featured_media":3784,"comment_status":"open","ping_status":"closed","template":"","meta":[],"product_brand":[],"product_cat":[44,43,27],"product_tag":[],"class_list":{"0":"post-3783","1":"product","2":"type-product","3":"status-publish","4":"has-post-thumbnail","6":"product_cat-clitorales","7":"product_cat-rabbit","8":"product_cat-vibradores","10":"first","11":"instock","12":"shipping-taxable","13":"purchasable","14":"product-type-simple"},"_links":{"self":[{"href":"https:\/\/tiendasamor.com\/index.php\/wp-json\/wp\/v2\/product\/3783","targetHints":{"allow":["GET"]}}],"collection":[{"href":"https:\/\/tiendasamor.com\/index.php\/wp-json\/wp\/v2\/product"}],"about":[{"href":"https:\/\/tiendasamor.com\/index.php\/wp-json\/wp\/v2\/types\/product"}],"replies":[{"embeddable":true,"href":"https:\/\/tiendasamor.com\/index.php\/wp-json\/wp\/v2\/comments?post=3783"}],"wp:featuredmedia":[{"embeddable":true,"href":"https:\/\/tiendasamor.com\/index.php\/wp-json\/wp\/v2\/media\/3784"}],"wp:attachment":[{"href":"https:\/\/tiendasamor.com\/index.php\/wp-json\/wp\/v2\/media?parent=3783"}],"wp:term":[{"taxonomy":"product_brand","embeddable":true,"href":"https:\/\/tiendasamor.com\/index.php\/wp-json\/wp\/v2\/product_brand?post=3783"},{"taxonomy":"product_cat","embeddable":true,"href":"https:\/\/tiendasamor.com\/index.php\/wp-json\/wp\/v2\/product_cat?post=3783"},{"taxonomy":"product_tag","embeddable":true,"href":"https:\/\/tiendasamor.com\/index.php\/wp-json\/wp\/v2\/product_tag?post=3783"}],"curies":[{"name":"wp","href":"https:\/\/api.w.org\/{rel}","templated":true}]}}