{"id":3773,"date":"2025-05-13T15:45:13","date_gmt":"2025-05-13T20:45:13","guid":{"rendered":"https:\/\/tiendasamor.com\/?post_type=product&#038;p=3773"},"modified":"2025-05-13T15:45:13","modified_gmt":"2025-05-13T20:45:13","slug":"super-power-unidad","status":"publish","type":"product","link":"https:\/\/tiendasamor.com\/index.php\/producto\/super-power-unidad\/","title":{"rendered":"SUPER POWER UNIDAD"},"content":{"rendered":"<p>PRETTY LOVE<br \/>\nPara la estimulaci\u00f3n internacional o esconderse discretamente, el colorido mini vibrador de 10 funciones mide 3,5 pulgadas, lo que lo hace perfecto para esconderse en su bolso o en el caj\u00f3n de la mesita de noche.\u00a0\u00a1Puede ser peque\u00f1o, pero tiene un golpe placentero!\u00a0Con 10 modos de vibraci\u00f3n para explorar, use el \u00fanico bot\u00f3n en la base para descubrir velocidades y patrones que lo llevar\u00e1n a un cl\u00edmax poderoso y satisfactorio.<\/p>\n<ul>\n<li>Material: Silicona Medica<br \/>\nLargo: 8.8cm<\/li>\n<li>Ancho: 1.5cm<br \/>\n10 niveles de Vibraci\u00f3n<\/li>\n<\/ul>\n","protected":false},"excerpt":{"rendered":"<p>PRETTY LOVE Para la estimulaci\u00f3n internacional o esconderse discretamente, el colorido mini vibrador de 10 funciones mide 3,5 pulgadas, lo que lo hace perfecto para esconderse en su bolso o en el caj\u00f3n de la mesita de noche.\u00a0\u00a1Puede ser peque\u00f1o, pero tiene un golpe placentero!\u00a0Con 10 modos de vibraci\u00f3n para explorar, use el \u00fanico bot\u00f3n [&hellip;]<\/p>\n","protected":false},"featured_media":3774,"comment_status":"open","ping_status":"closed","template":"","meta":[],"product_brand":[],"product_cat":[35,44,27],"product_tag":[],"class_list":{"0":"post-3773","1":"product","2":"type-product","3":"status-publish","4":"has-post-thumbnail","6":"product_cat-anales","7":"product_cat-clitorales","8":"product_cat-vibradores","10":"first","11":"instock","12":"shipping-taxable","13":"purchasable","14":"product-type-simple"},"_links":{"self":[{"href":"https:\/\/tiendasamor.com\/index.php\/wp-json\/wp\/v2\/product\/3773","targetHints":{"allow":["GET"]}}],"collection":[{"href":"https:\/\/tiendasamor.com\/index.php\/wp-json\/wp\/v2\/product"}],"about":[{"href":"https:\/\/tiendasamor.com\/index.php\/wp-json\/wp\/v2\/types\/product"}],"replies":[{"embeddable":true,"href":"https:\/\/tiendasamor.com\/index.php\/wp-json\/wp\/v2\/comments?post=3773"}],"wp:featuredmedia":[{"embeddable":true,"href":"https:\/\/tiendasamor.com\/index.php\/wp-json\/wp\/v2\/media\/3774"}],"wp:attachment":[{"href":"https:\/\/tiendasamor.com\/index.php\/wp-json\/wp\/v2\/media?parent=3773"}],"wp:term":[{"taxonomy":"product_brand","embeddable":true,"href":"https:\/\/tiendasamor.com\/index.php\/wp-json\/wp\/v2\/product_brand?post=3773"},{"taxonomy":"product_cat","embeddable":true,"href":"https:\/\/tiendasamor.com\/index.php\/wp-json\/wp\/v2\/product_cat?post=3773"},{"taxonomy":"product_tag","embeddable":true,"href":"https:\/\/tiendasamor.com\/index.php\/wp-json\/wp\/v2\/product_tag?post=3773"}],"curies":[{"name":"wp","href":"https:\/\/api.w.org\/{rel}","templated":true}]}}