{"id":3770,"date":"2025-05-13T15:16:04","date_gmt":"2025-05-13T20:16:04","guid":{"rendered":"https:\/\/tiendasamor.com\/?post_type=product&#038;p=3770"},"modified":"2025-05-13T15:20:00","modified_gmt":"2025-05-13T20:20:00","slug":"beads-style-vibrating-anal-plug","status":"publish","type":"product","link":"https:\/\/tiendasamor.com\/index.php\/producto\/beads-style-vibrating-anal-plug\/","title":{"rendered":"Beads Style Vibrating Anal Plug"},"content":{"rendered":"<p>Ponga un poco en su fantasia con este vibrador anal multi-velocidad es potente y silencioso. El controlador de mano es intercambiable con otra toma de plug-en los juguetes de m\u00faltiples velocidades. Las peque\u00f1as medidas de 4 cm de largo y viene en rosa, p\u00farpura, blanco y Negro.<\/p>\n<ul>\n<li>Material seguro silicona<\/li>\n<li>10 modos de vibraci\u00f3n<\/li>\n<li>F\u00e1cil uso y Limpieza<\/li>\n<li>Control de mano para mayor comodidad<\/li>\n<li>Aspecto lindo y tacto c\u00f3modo, juguete sexual perfecto para la masturbaci\u00f3n<\/li>\n<li>Vibraci\u00f3n de 10 frecuencias, le brinda placeres diferentes<\/li>\n<li>Seguro , suave y sin olor<\/li>\n<li>Botones claros de identificaci\u00f3n, operaci\u00f3n f\u00e1cil<\/li>\n<li>Largo: 9.5 cm \u2013 Insertable: 8 cm \u2013 Ancho m\u00e1ximo: 2.5 cm<\/li>\n<\/ul>\n","protected":false},"excerpt":{"rendered":"<p>Ponga un poco en su fantasia con este vibrador anal multi-velocidad es potente y silencioso. El controlador de mano es intercambiable con otra toma de plug-en los juguetes de m\u00faltiples velocidades. Las peque\u00f1as medidas de 4 cm de largo y viene en rosa, p\u00farpura, blanco y Negro. Material seguro silicona 10 modos de vibraci\u00f3n F\u00e1cil [&hellip;]<\/p>\n","protected":false},"featured_media":3772,"comment_status":"open","ping_status":"closed","template":"","meta":[],"product_brand":[],"product_cat":[35,40,27],"product_tag":[],"class_list":{"0":"post-3770","1":"product","2":"type-product","3":"status-publish","4":"has-post-thumbnail","6":"product_cat-anales","7":"product_cat-bolas-chinas","8":"product_cat-vibradores","10":"first","11":"instock","12":"shipping-taxable","13":"purchasable","14":"product-type-simple"},"_links":{"self":[{"href":"https:\/\/tiendasamor.com\/index.php\/wp-json\/wp\/v2\/product\/3770","targetHints":{"allow":["GET"]}}],"collection":[{"href":"https:\/\/tiendasamor.com\/index.php\/wp-json\/wp\/v2\/product"}],"about":[{"href":"https:\/\/tiendasamor.com\/index.php\/wp-json\/wp\/v2\/types\/product"}],"replies":[{"embeddable":true,"href":"https:\/\/tiendasamor.com\/index.php\/wp-json\/wp\/v2\/comments?post=3770"}],"wp:featuredmedia":[{"embeddable":true,"href":"https:\/\/tiendasamor.com\/index.php\/wp-json\/wp\/v2\/media\/3772"}],"wp:attachment":[{"href":"https:\/\/tiendasamor.com\/index.php\/wp-json\/wp\/v2\/media?parent=3770"}],"wp:term":[{"taxonomy":"product_brand","embeddable":true,"href":"https:\/\/tiendasamor.com\/index.php\/wp-json\/wp\/v2\/product_brand?post=3770"},{"taxonomy":"product_cat","embeddable":true,"href":"https:\/\/tiendasamor.com\/index.php\/wp-json\/wp\/v2\/product_cat?post=3770"},{"taxonomy":"product_tag","embeddable":true,"href":"https:\/\/tiendasamor.com\/index.php\/wp-json\/wp\/v2\/product_tag?post=3770"}],"curies":[{"name":"wp","href":"https:\/\/api.w.org\/{rel}","templated":true}]}}