{"id":3767,"date":"2025-05-13T15:00:46","date_gmt":"2025-05-13T20:00:46","guid":{"rendered":"https:\/\/tiendasamor.com\/?post_type=product&#038;p=3767"},"modified":"2025-05-13T15:00:46","modified_gmt":"2025-05-13T20:00:46","slug":"balls-style-vibrating-anal-plug","status":"publish","type":"product","link":"https:\/\/tiendasamor.com\/index.php\/producto\/balls-style-vibrating-anal-plug\/","title":{"rendered":"Balls Style Vibrating Anal Plug"},"content":{"rendered":"<p>Su material es silicona medicada, el cual brinda una suavidad inmejorable y no genera ninguna fricci\u00f3n, por lo que se siente suave y terciopelado al momento del roce y la penetraci\u00f3n.<\/p>\n<p>A pesar de su sutil tama\u00f1o, cuenta con un poderoso motor vibrador que te brindar\u00e1 diferentes intensidades de vibraci\u00f3n para que escojas la que mejor se adapte a ti.<\/p>\n<p>Adem\u00e1s, su dise\u00f1o se basa en una esfera con el \u00e1ngulo perfecto que estimular\u00e1 la zona prost\u00e1tica para ayudar a iniciarse y experimentar de la manera m\u00e1s adecuada el juego anal.<\/p>\n<p>Solo conecta el cable del juguete al control, enci\u00e9ndelo y experimenta los diferentes modos de vibraci\u00f3n que otorga. \u00a1El juego anal nunca hab\u00eda sido tan placentero!<\/p>\n<p>Funciona con dos bater\u00edas AAA.<\/p>\n<p>Recuerda usarlo s\u00f3lo con lubricantes a base de agua y limpiarlo antes y despu\u00e9s de cada uso con un limpiador de juguetes<\/p>\n","protected":false},"excerpt":{"rendered":"<p>Su material es silicona medicada, el cual brinda una suavidad inmejorable y no genera ninguna fricci\u00f3n, por lo que se siente suave y terciopelado al momento del roce y la penetraci\u00f3n. A pesar de su sutil tama\u00f1o, cuenta con un poderoso motor vibrador que te brindar\u00e1 diferentes intensidades de vibraci\u00f3n para que escojas la que [&hellip;]<\/p>\n","protected":false},"featured_media":3769,"comment_status":"open","ping_status":"closed","template":"","meta":[],"product_brand":[],"product_cat":[35,40,27],"product_tag":[],"class_list":{"0":"post-3767","1":"product","2":"type-product","3":"status-publish","4":"has-post-thumbnail","6":"product_cat-anales","7":"product_cat-bolas-chinas","8":"product_cat-vibradores","10":"first","11":"instock","12":"shipping-taxable","13":"purchasable","14":"product-type-simple"},"_links":{"self":[{"href":"https:\/\/tiendasamor.com\/index.php\/wp-json\/wp\/v2\/product\/3767","targetHints":{"allow":["GET"]}}],"collection":[{"href":"https:\/\/tiendasamor.com\/index.php\/wp-json\/wp\/v2\/product"}],"about":[{"href":"https:\/\/tiendasamor.com\/index.php\/wp-json\/wp\/v2\/types\/product"}],"replies":[{"embeddable":true,"href":"https:\/\/tiendasamor.com\/index.php\/wp-json\/wp\/v2\/comments?post=3767"}],"wp:featuredmedia":[{"embeddable":true,"href":"https:\/\/tiendasamor.com\/index.php\/wp-json\/wp\/v2\/media\/3769"}],"wp:attachment":[{"href":"https:\/\/tiendasamor.com\/index.php\/wp-json\/wp\/v2\/media?parent=3767"}],"wp:term":[{"taxonomy":"product_brand","embeddable":true,"href":"https:\/\/tiendasamor.com\/index.php\/wp-json\/wp\/v2\/product_brand?post=3767"},{"taxonomy":"product_cat","embeddable":true,"href":"https:\/\/tiendasamor.com\/index.php\/wp-json\/wp\/v2\/product_cat?post=3767"},{"taxonomy":"product_tag","embeddable":true,"href":"https:\/\/tiendasamor.com\/index.php\/wp-json\/wp\/v2\/product_tag?post=3767"}],"curies":[{"name":"wp","href":"https:\/\/api.w.org\/{rel}","templated":true}]}}