{"id":3752,"date":"2025-05-13T12:57:13","date_gmt":"2025-05-13T17:57:13","guid":{"rendered":"https:\/\/tiendasamor.com\/?post_type=product&#038;p=3752"},"modified":"2025-05-13T14:05:35","modified_gmt":"2025-05-13T19:05:35","slug":"temptation-passion-lady","status":"publish","type":"product","link":"https:\/\/tiendasamor.com\/index.php\/producto\/temptation-passion-lady\/","title":{"rendered":"TEMPTATION PASSION LADY"},"content":{"rendered":"<p>Co\u00f1o ardiente. Mejor que la piel real con dos agujeros hambrientos. Un trasero grande y redondo con un culo y co\u00f1o suaves. El agujero del co\u00f1o es peque\u00f1o y estrecho, pero cabe en cualquier pene; el t\u00fanel tiene las estr\u00edas necesarias para una estimulaci\u00f3n real. No olvides el ano, estrecho y listo para follar. Este masturbador incluye huevos vibradores y una voz genial que te llevar\u00e1 al \u00e9xtasis.<\/p>\n<table border=\"0\" width=\"100%\" cellspacing=\"1\" cellpadding=\"3\" bgcolor=\"#dddddd\">\n<tbody>\n<tr>\n<td align=\"left\" width=\"30%\">Funci\u00f3n<\/td>\n<td align=\"left\" width=\"70%\">Vibraci\u00f3n Charla sexual Agujeros dobles<\/td>\n<\/tr>\n<tr>\n<td align=\"left\" width=\"30%\">Material<\/td>\n<td align=\"left\" width=\"70%\">TPR<\/td>\n<\/tr>\n<tr>\n<td align=\"left\" width=\"30%\">Fuerza<\/td>\n<td align=\"left\" width=\"70%\">3 pilas AAA<\/td>\n<\/tr>\n<\/tbody>\n<\/table>\n","protected":false},"excerpt":{"rendered":"<p>Co\u00f1o ardiente. Mejor que la piel real con dos agujeros hambrientos. Un trasero grande y redondo con un culo y co\u00f1o suaves. El agujero del co\u00f1o es peque\u00f1o y estrecho, pero cabe en cualquier pene; el t\u00fanel tiene las estr\u00edas necesarias para una estimulaci\u00f3n real. No olvides el ano, estrecho y listo para follar. Este [&hellip;]<\/p>\n","protected":false},"featured_media":3753,"comment_status":"open","ping_status":"closed","template":"","meta":[],"product_brand":[],"product_cat":[30,47],"product_tag":[],"class_list":{"0":"post-3752","1":"product","2":"type-product","3":"status-publish","4":"has-post-thumbnail","6":"product_cat-masturbadores","7":"product_cat-munecas","9":"first","10":"instock","11":"shipping-taxable","12":"purchasable","13":"product-type-simple"},"_links":{"self":[{"href":"https:\/\/tiendasamor.com\/index.php\/wp-json\/wp\/v2\/product\/3752","targetHints":{"allow":["GET"]}}],"collection":[{"href":"https:\/\/tiendasamor.com\/index.php\/wp-json\/wp\/v2\/product"}],"about":[{"href":"https:\/\/tiendasamor.com\/index.php\/wp-json\/wp\/v2\/types\/product"}],"replies":[{"embeddable":true,"href":"https:\/\/tiendasamor.com\/index.php\/wp-json\/wp\/v2\/comments?post=3752"}],"wp:featuredmedia":[{"embeddable":true,"href":"https:\/\/tiendasamor.com\/index.php\/wp-json\/wp\/v2\/media\/3753"}],"wp:attachment":[{"href":"https:\/\/tiendasamor.com\/index.php\/wp-json\/wp\/v2\/media?parent=3752"}],"wp:term":[{"taxonomy":"product_brand","embeddable":true,"href":"https:\/\/tiendasamor.com\/index.php\/wp-json\/wp\/v2\/product_brand?post=3752"},{"taxonomy":"product_cat","embeddable":true,"href":"https:\/\/tiendasamor.com\/index.php\/wp-json\/wp\/v2\/product_cat?post=3752"},{"taxonomy":"product_tag","embeddable":true,"href":"https:\/\/tiendasamor.com\/index.php\/wp-json\/wp\/v2\/product_tag?post=3752"}],"curies":[{"name":"wp","href":"https:\/\/api.w.org\/{rel}","templated":true}]}}