{"id":3733,"date":"2025-05-13T12:28:23","date_gmt":"2025-05-13T17:28:23","guid":{"rendered":"https:\/\/tiendasamor.com\/?post_type=product&#038;p=3733"},"modified":"2025-05-13T12:28:24","modified_gmt":"2025-05-13T17:28:24","slug":"kit-sexual-30-aniversario-baile","status":"publish","type":"product","link":"https:\/\/tiendasamor.com\/index.php\/producto\/kit-sexual-30-aniversario-baile\/","title":{"rendered":"KIT SEXUAL \u2013 30 ANIVERSARIO BAILE"},"content":{"rendered":"<p>Paquete de regalo cl\u00e1sico, lanzado especialmente para nuestro 30.\u00ba aniversario. Una serie de productos superventas, cuidadosamente seleccionados para nuestros fieles usuarios. Cada pieza fue cuidadosamente seleccionada para honrar tu cuerpo y el de tu pareja. Tiene todo lo que siempre has necesitado y mucho m\u00e1s. Honra tu cuerpo y tu mente con este incre\u00edble kit.<\/p>\n<table border=\"0\" width=\"100%\" cellspacing=\"1\" cellpadding=\"3\" bgcolor=\"#dddddd\">\n<tbody>\n<tr>\n<td align=\"left\" width=\"30%\">Funci\u00f3n<\/td>\n<td align=\"left\" width=\"70%\">12 funciones de vibraci\u00f3n 30 funciones de vibraci\u00f3n Vibraci\u00f3n<\/td>\n<\/tr>\n<tr>\n<td align=\"left\" width=\"30%\">Material<\/td>\n<td align=\"left\" width=\"70%\">Silicona PU<\/td>\n<\/tr>\n<tr>\n<td align=\"left\" width=\"30%\">Fuerza<\/td>\n<td align=\"left\" width=\"70%\">1 pila AA + 2 pilas AAA + 3 pilas AAA<\/td>\n<\/tr>\n<tr>\n<td align=\"left\" width=\"30%\">Embalaje<\/td>\n<td align=\"left\" width=\"70%\">385x265x90(mm)<\/td>\n<\/tr>\n<\/tbody>\n<\/table>\n","protected":false},"excerpt":{"rendered":"<p>Paquete de regalo cl\u00e1sico, lanzado especialmente para nuestro 30.\u00ba aniversario. Una serie de productos superventas, cuidadosamente seleccionados para nuestros fieles usuarios. Cada pieza fue cuidadosamente seleccionada para honrar tu cuerpo y el de tu pareja. Tiene todo lo que siempre has necesitado y mucho m\u00e1s. Honra tu cuerpo y tu mente con este incre\u00edble kit. [&hellip;]<\/p>\n","protected":false},"featured_media":3734,"comment_status":"open","ping_status":"closed","template":"","meta":[],"product_brand":[],"product_cat":[35,40,20,44,59,55,43,62,27],"product_tag":[],"class_list":{"0":"post-3733","1":"product","2":"type-product","3":"status-publish","4":"has-post-thumbnail","6":"product_cat-anales","7":"product_cat-bolas-chinas","8":"product_cat-bondage","9":"product_cat-clitorales","10":"product_cat-kama-sutra","11":"product_cat-latigos","12":"product_cat-rabbit","13":"product_cat-regalos","14":"product_cat-vibradores","16":"first","17":"instock","18":"shipping-taxable","19":"purchasable","20":"product-type-simple"},"_links":{"self":[{"href":"https:\/\/tiendasamor.com\/index.php\/wp-json\/wp\/v2\/product\/3733","targetHints":{"allow":["GET"]}}],"collection":[{"href":"https:\/\/tiendasamor.com\/index.php\/wp-json\/wp\/v2\/product"}],"about":[{"href":"https:\/\/tiendasamor.com\/index.php\/wp-json\/wp\/v2\/types\/product"}],"replies":[{"embeddable":true,"href":"https:\/\/tiendasamor.com\/index.php\/wp-json\/wp\/v2\/comments?post=3733"}],"wp:featuredmedia":[{"embeddable":true,"href":"https:\/\/tiendasamor.com\/index.php\/wp-json\/wp\/v2\/media\/3734"}],"wp:attachment":[{"href":"https:\/\/tiendasamor.com\/index.php\/wp-json\/wp\/v2\/media?parent=3733"}],"wp:term":[{"taxonomy":"product_brand","embeddable":true,"href":"https:\/\/tiendasamor.com\/index.php\/wp-json\/wp\/v2\/product_brand?post=3733"},{"taxonomy":"product_cat","embeddable":true,"href":"https:\/\/tiendasamor.com\/index.php\/wp-json\/wp\/v2\/product_cat?post=3733"},{"taxonomy":"product_tag","embeddable":true,"href":"https:\/\/tiendasamor.com\/index.php\/wp-json\/wp\/v2\/product_tag?post=3733"}],"curies":[{"name":"wp","href":"https:\/\/api.w.org\/{rel}","templated":true}]}}