{"id":3725,"date":"2025-05-12T20:31:05","date_gmt":"2025-05-13T01:31:05","guid":{"rendered":"https:\/\/tiendasamor.com\/?post_type=product&#038;p=3725"},"modified":"2025-05-12T20:31:05","modified_gmt":"2025-05-13T01:31:05","slug":"pretty-love-delphini-dolphin-honey-finger-vibe-2","status":"publish","type":"product","link":"https:\/\/tiendasamor.com\/index.php\/producto\/pretty-love-delphini-dolphin-honey-finger-vibe-2\/","title":{"rendered":"Pretty Love Delphini Dolphin Honey Finger Vibe"},"content":{"rendered":"<p>El juego con los dedos es m\u00e1s satisfactorio con este vibrador de silicona deslizable. Crea tu propio placer desde cero con 10 intensidades y patrones de vibraci\u00f3n. Seguro para el cuerpo y f\u00e1cil de limpiar, alcanza el m\u00e1ximo placer con este vibrador de dedo de silicona con forma de delf\u00edn de 10 funciones de Pretty Love. Disfruta tanto por dentro como por fuera, su funda suave como el terciopelo se desliza para ampliar tu rango de estimulaci\u00f3n con una punta de dedo angulada y texturizada que no solo roza la superficie de tu satisfacci\u00f3n.<\/p>\n","protected":false},"excerpt":{"rendered":"<p>El juego con los dedos es m\u00e1s satisfactorio con este vibrador de silicona deslizable. Crea tu propio placer desde cero con 10 intensidades y patrones de vibraci\u00f3n. Seguro para el cuerpo y f\u00e1cil de limpiar, alcanza el m\u00e1ximo placer con este vibrador de dedo de silicona con forma de delf\u00edn de 10 funciones de Pretty [&hellip;]<\/p>\n","protected":false},"featured_media":3726,"comment_status":"open","ping_status":"closed","template":"","meta":[],"product_brand":[],"product_cat":[44,27],"product_tag":[],"class_list":{"0":"post-3725","1":"product","2":"type-product","3":"status-publish","4":"has-post-thumbnail","6":"product_cat-clitorales","7":"product_cat-vibradores","9":"first","10":"instock","11":"shipping-taxable","12":"purchasable","13":"product-type-simple"},"_links":{"self":[{"href":"https:\/\/tiendasamor.com\/index.php\/wp-json\/wp\/v2\/product\/3725","targetHints":{"allow":["GET"]}}],"collection":[{"href":"https:\/\/tiendasamor.com\/index.php\/wp-json\/wp\/v2\/product"}],"about":[{"href":"https:\/\/tiendasamor.com\/index.php\/wp-json\/wp\/v2\/types\/product"}],"replies":[{"embeddable":true,"href":"https:\/\/tiendasamor.com\/index.php\/wp-json\/wp\/v2\/comments?post=3725"}],"wp:featuredmedia":[{"embeddable":true,"href":"https:\/\/tiendasamor.com\/index.php\/wp-json\/wp\/v2\/media\/3726"}],"wp:attachment":[{"href":"https:\/\/tiendasamor.com\/index.php\/wp-json\/wp\/v2\/media?parent=3725"}],"wp:term":[{"taxonomy":"product_brand","embeddable":true,"href":"https:\/\/tiendasamor.com\/index.php\/wp-json\/wp\/v2\/product_brand?post=3725"},{"taxonomy":"product_cat","embeddable":true,"href":"https:\/\/tiendasamor.com\/index.php\/wp-json\/wp\/v2\/product_cat?post=3725"},{"taxonomy":"product_tag","embeddable":true,"href":"https:\/\/tiendasamor.com\/index.php\/wp-json\/wp\/v2\/product_tag?post=3725"}],"curies":[{"name":"wp","href":"https:\/\/api.w.org\/{rel}","templated":true}]}}