{"id":3690,"date":"2025-05-10T20:01:53","date_gmt":"2025-05-11T01:01:53","guid":{"rendered":"https:\/\/tiendasamor.com\/?post_type=product&#038;p=3690"},"modified":"2025-05-10T20:01:53","modified_gmt":"2025-05-11T01:01:53","slug":"powerful-ring","status":"publish","type":"product","link":"https:\/\/tiendasamor.com\/index.php\/producto\/powerful-ring\/","title":{"rendered":"Powerful Ring"},"content":{"rendered":"<p>Si no puedes resistir el poder de mejorar el sexo de un anillo para el pene, entonces te encantar\u00e1 este anillo para el pene de conejo. El anillo en s\u00ed abrazar\u00e1 la base de su eje y ayudar\u00e1 a mantener su erecci\u00f3n m\u00e1s dura por m\u00e1s tiempo. La silicona sedosa se frotar\u00e1 contra su cl\u00edtoris y enviar\u00e1 vibraciones intensas a su cl\u00edtoris y a lo largo de su eje para una estimulaci\u00f3n incre\u00edble como nunca antes. La bala adjunta cuenta con diez patrones de vibraci\u00f3n diferentes, por lo que puede proporcionar cualquier sensaci\u00f3n que prefiera. Disfruta de este anillo para el pene de silicona de alta calidad a un precio asequible y con una sensaci\u00f3n inigualable<\/p>\n<ul>\n<li>Material: Silicona, ABS<\/li>\n<li>10 Modos de vibraci\u00f3n<\/li>\n<li>1 Pila AAA (No incluido)<\/li>\n<li>Impermeable<\/li>\n<li>Largo total: 11.5 cm \u2013 Ancho: 5.6 cm<\/li>\n<\/ul>\n","protected":false},"excerpt":{"rendered":"<p>Si no puedes resistir el poder de mejorar el sexo de un anillo para el pene, entonces te encantar\u00e1 este anillo para el pene de conejo. El anillo en s\u00ed abrazar\u00e1 la base de su eje y ayudar\u00e1 a mantener su erecci\u00f3n m\u00e1s dura por m\u00e1s tiempo. La silicona sedosa se frotar\u00e1 contra su cl\u00edtoris [&hellip;]<\/p>\n","protected":false},"featured_media":3698,"comment_status":"open","ping_status":"closed","template":"","meta":[],"product_brand":[],"product_cat":[36],"product_tag":[],"class_list":{"0":"post-3690","1":"product","2":"type-product","3":"status-publish","4":"has-post-thumbnail","6":"product_cat-anillos","8":"first","9":"instock","10":"shipping-taxable","11":"purchasable","12":"product-type-simple"},"_links":{"self":[{"href":"https:\/\/tiendasamor.com\/index.php\/wp-json\/wp\/v2\/product\/3690","targetHints":{"allow":["GET"]}}],"collection":[{"href":"https:\/\/tiendasamor.com\/index.php\/wp-json\/wp\/v2\/product"}],"about":[{"href":"https:\/\/tiendasamor.com\/index.php\/wp-json\/wp\/v2\/types\/product"}],"replies":[{"embeddable":true,"href":"https:\/\/tiendasamor.com\/index.php\/wp-json\/wp\/v2\/comments?post=3690"}],"wp:featuredmedia":[{"embeddable":true,"href":"https:\/\/tiendasamor.com\/index.php\/wp-json\/wp\/v2\/media\/3698"}],"wp:attachment":[{"href":"https:\/\/tiendasamor.com\/index.php\/wp-json\/wp\/v2\/media?parent=3690"}],"wp:term":[{"taxonomy":"product_brand","embeddable":true,"href":"https:\/\/tiendasamor.com\/index.php\/wp-json\/wp\/v2\/product_brand?post=3690"},{"taxonomy":"product_cat","embeddable":true,"href":"https:\/\/tiendasamor.com\/index.php\/wp-json\/wp\/v2\/product_cat?post=3690"},{"taxonomy":"product_tag","embeddable":true,"href":"https:\/\/tiendasamor.com\/index.php\/wp-json\/wp\/v2\/product_tag?post=3690"}],"curies":[{"name":"wp","href":"https:\/\/api.w.org\/{rel}","templated":true}]}}