{"id":3683,"date":"2025-05-10T19:32:57","date_gmt":"2025-05-11T00:32:57","guid":{"rendered":"https:\/\/tiendasamor.com\/?post_type=product&#038;p=3683"},"modified":"2025-05-10T19:33:19","modified_gmt":"2025-05-11T00:33:19","slug":"vibrador-anal-stimulation","status":"publish","type":"product","link":"https:\/\/tiendasamor.com\/index.php\/producto\/vibrador-anal-stimulation\/","title":{"rendered":"VIBRADOR ANAL STIMULATION"},"content":{"rendered":"<p>Descubra el enfoque suave para experimentar el juego anal con el plug anal. Sienta c\u00f3mo su cuerpo tiembla de placer al insertar cada burbuja y abrazar la creciente excitaci\u00f3n a medida que su circunferencia se ensancha. Las 12 configuraciones de vibraci\u00f3n de este beb\u00e9 y la silicona ultrasuave est\u00e1n dise\u00f1adas para facilitar cada empuj\u00f3n hacia usted y experimentar la m\u00e1xima excitaci\u00f3n. Para un viaje emocionante hacia el placer anal que aumenta su estimulaci\u00f3n con cada paso.<\/p>\n<ul>\n<li>Material: Silicona ABS<\/li>\n<li>12 velocidades de vibraci\u00f3n<\/li>\n<li>Impermeable<\/li>\n<li>Requiere 2 pilas AAA en el control (No incluido)<\/li>\n<li>Largo: 11,8 cm \u2013 Ancho: 3 cm.<\/li>\n<\/ul>\n","protected":false},"excerpt":{"rendered":"<p>Descubra el enfoque suave para experimentar el juego anal con el plug anal. Sienta c\u00f3mo su cuerpo tiembla de placer al insertar cada burbuja y abrazar la creciente excitaci\u00f3n a medida que su circunferencia se ensancha. Las 12 configuraciones de vibraci\u00f3n de este beb\u00e9 y la silicona ultrasuave est\u00e1n dise\u00f1adas para facilitar cada empuj\u00f3n hacia [&hellip;]<\/p>\n","protected":false},"featured_media":3689,"comment_status":"open","ping_status":"closed","template":"","meta":[],"product_brand":[],"product_cat":[35],"product_tag":[],"class_list":{"0":"post-3683","1":"product","2":"type-product","3":"status-publish","4":"has-post-thumbnail","6":"product_cat-anales","8":"first","9":"instock","10":"shipping-taxable","11":"purchasable","12":"product-type-simple"},"_links":{"self":[{"href":"https:\/\/tiendasamor.com\/index.php\/wp-json\/wp\/v2\/product\/3683","targetHints":{"allow":["GET"]}}],"collection":[{"href":"https:\/\/tiendasamor.com\/index.php\/wp-json\/wp\/v2\/product"}],"about":[{"href":"https:\/\/tiendasamor.com\/index.php\/wp-json\/wp\/v2\/types\/product"}],"replies":[{"embeddable":true,"href":"https:\/\/tiendasamor.com\/index.php\/wp-json\/wp\/v2\/comments?post=3683"}],"wp:featuredmedia":[{"embeddable":true,"href":"https:\/\/tiendasamor.com\/index.php\/wp-json\/wp\/v2\/media\/3689"}],"wp:attachment":[{"href":"https:\/\/tiendasamor.com\/index.php\/wp-json\/wp\/v2\/media?parent=3683"}],"wp:term":[{"taxonomy":"product_brand","embeddable":true,"href":"https:\/\/tiendasamor.com\/index.php\/wp-json\/wp\/v2\/product_brand?post=3683"},{"taxonomy":"product_cat","embeddable":true,"href":"https:\/\/tiendasamor.com\/index.php\/wp-json\/wp\/v2\/product_cat?post=3683"},{"taxonomy":"product_tag","embeddable":true,"href":"https:\/\/tiendasamor.com\/index.php\/wp-json\/wp\/v2\/product_tag?post=3683"}],"curies":[{"name":"wp","href":"https:\/\/api.w.org\/{rel}","templated":true}]}}