{"id":3676,"date":"2025-05-10T19:11:00","date_gmt":"2025-05-11T00:11:00","guid":{"rendered":"https:\/\/tiendasamor.com\/?post_type=product&#038;p=3676"},"modified":"2025-05-10T19:11:00","modified_gmt":"2025-05-11T00:11:00","slug":"vibrador-nathan","status":"publish","type":"product","link":"https:\/\/tiendasamor.com\/index.php\/producto\/vibrador-nathan\/","title":{"rendered":"Vibrador Nathan"},"content":{"rendered":"<p>Una vibraci\u00f3n perfectamente compartible dise\u00f1ada para usarse solo o durante el sexo mientras proporciona estimulaci\u00f3n interna y externa. Este fabuloso vibrador de silicona de 10 funciones es el juguete sexual ideal para aumentar la pasi\u00f3n por ti y tu pareja. Con un control remoto inal\u00e1mbrico con medidor digital, este vibrador es perfecto para emociones en solitario y juegos en pareja. Entr\u00e9gaselo a tu pareja y deja que \u00e9l determine cu\u00e1l de los 10 ajustes de vibraci\u00f3n recibir\u00e1s.<\/p>\n<ul>\n<li>Material, Silicona, ABS<\/li>\n<li>Estimula el punto G y cl\u00edtoris<\/li>\n<li>10 funciones de vibraci\u00f3n<\/li>\n<li>9 Niveles de velocidad<\/li>\n<li>Impermeable<\/li>\n<li>Recargable USB ( Incluido )<\/li>\n<li>Longitud de la parte vaginal (Punto G): 8.2 cm<\/li>\n<li>Di\u00e1metro de la parte vaginal (Punto G): 2.7 cm<\/li>\n<li>Largo del cl\u00edtoris: 9.5 cm<\/li>\n<li>Di\u00e1metro de la parte del cl\u00edtoris: 3.1 cm<\/li>\n<\/ul>\n","protected":false},"excerpt":{"rendered":"<p>Una vibraci\u00f3n perfectamente compartible dise\u00f1ada para usarse solo o durante el sexo mientras proporciona estimulaci\u00f3n interna y externa. Este fabuloso vibrador de silicona de 10 funciones es el juguete sexual ideal para aumentar la pasi\u00f3n por ti y tu pareja. Con un control remoto inal\u00e1mbrico con medidor digital, este vibrador es perfecto para emociones en [&hellip;]<\/p>\n","protected":false},"featured_media":3677,"comment_status":"open","ping_status":"closed","template":"","meta":[],"product_brand":[],"product_cat":[44,27],"product_tag":[],"class_list":{"0":"post-3676","1":"product","2":"type-product","3":"status-publish","4":"has-post-thumbnail","6":"product_cat-clitorales","7":"product_cat-vibradores","9":"first","10":"instock","11":"shipping-taxable","12":"purchasable","13":"product-type-simple"},"_links":{"self":[{"href":"https:\/\/tiendasamor.com\/index.php\/wp-json\/wp\/v2\/product\/3676","targetHints":{"allow":["GET"]}}],"collection":[{"href":"https:\/\/tiendasamor.com\/index.php\/wp-json\/wp\/v2\/product"}],"about":[{"href":"https:\/\/tiendasamor.com\/index.php\/wp-json\/wp\/v2\/types\/product"}],"replies":[{"embeddable":true,"href":"https:\/\/tiendasamor.com\/index.php\/wp-json\/wp\/v2\/comments?post=3676"}],"wp:featuredmedia":[{"embeddable":true,"href":"https:\/\/tiendasamor.com\/index.php\/wp-json\/wp\/v2\/media\/3677"}],"wp:attachment":[{"href":"https:\/\/tiendasamor.com\/index.php\/wp-json\/wp\/v2\/media?parent=3676"}],"wp:term":[{"taxonomy":"product_brand","embeddable":true,"href":"https:\/\/tiendasamor.com\/index.php\/wp-json\/wp\/v2\/product_brand?post=3676"},{"taxonomy":"product_cat","embeddable":true,"href":"https:\/\/tiendasamor.com\/index.php\/wp-json\/wp\/v2\/product_cat?post=3676"},{"taxonomy":"product_tag","embeddable":true,"href":"https:\/\/tiendasamor.com\/index.php\/wp-json\/wp\/v2\/product_tag?post=3676"}],"curies":[{"name":"wp","href":"https:\/\/api.w.org\/{rel}","templated":true}]}}