{"id":3668,"date":"2025-05-10T19:00:31","date_gmt":"2025-05-11T00:00:31","guid":{"rendered":"https:\/\/tiendasamor.com\/?post_type=product&#038;p=3668"},"modified":"2025-05-10T19:00:32","modified_gmt":"2025-05-11T00:00:32","slug":"tanga-vibradora-wild-rabbit","status":"publish","type":"product","link":"https:\/\/tiendasamor.com\/index.php\/producto\/tanga-vibradora-wild-rabbit\/","title":{"rendered":"Tanga Vibradora Wild Rabbit"},"content":{"rendered":"<p>\u00a1Enciende las hogueras del cl\u00edtoris con este peque\u00f1o, elegante y sumamente discreto conejo bailar\u00edn! Es extremadamente suave y agradable para la piel porque est\u00e1 hecho de Elite Silicone. Gracias a su dise\u00f1o estilizado, el vibrador de apoyo se puede llevar discretamente dentro de las bragas. El mando a distancia tambi\u00e9n es muy f\u00e1cil de usar y perfecto para divertirse en pareja. Estimula el cl\u00edtoris con 12 modos de vibraci\u00f3n y se puede cargar mediante un cable de carga USB. \u00a1As\u00ed que deja que el conejo salte salvajemente!<\/p>\n<ul>\n<li><span data-spm-anchor-id=\"a219c.12057483.0.i3.683a54b9MMbSxK\">Material: silicona m\u00e9dica\u00a0<\/span><\/li>\n<li>12 Funciones de vibraci\u00f3n<\/li>\n<li>Vibrador Recargable mediante USB (Incluido)<\/li>\n<li>Control remoto a pila, 1 pila AAA (No incluido)<\/li>\n<li>Tanga (Incluido)<\/li>\n<li>Impermeable<\/li>\n<li>Alto: 10.8 cm \u2013 Ancho: 4 cm<\/li>\n<\/ul>\n","protected":false},"excerpt":{"rendered":"<p>\u00a1Enciende las hogueras del cl\u00edtoris con este peque\u00f1o, elegante y sumamente discreto conejo bailar\u00edn! Es extremadamente suave y agradable para la piel porque est\u00e1 hecho de Elite Silicone. Gracias a su dise\u00f1o estilizado, el vibrador de apoyo se puede llevar discretamente dentro de las bragas. El mando a distancia tambi\u00e9n es muy f\u00e1cil de usar [&hellip;]<\/p>\n","protected":false},"featured_media":3669,"comment_status":"open","ping_status":"closed","template":"","meta":[],"product_brand":[],"product_cat":[20,44,19,27],"product_tag":[],"class_list":{"0":"post-3668","1":"product","2":"type-product","3":"status-publish","4":"has-post-thumbnail","6":"product_cat-bondage","7":"product_cat-clitorales","8":"product_cat-lenceria","9":"product_cat-vibradores","11":"first","12":"instock","13":"shipping-taxable","14":"purchasable","15":"product-type-simple"},"_links":{"self":[{"href":"https:\/\/tiendasamor.com\/index.php\/wp-json\/wp\/v2\/product\/3668","targetHints":{"allow":["GET"]}}],"collection":[{"href":"https:\/\/tiendasamor.com\/index.php\/wp-json\/wp\/v2\/product"}],"about":[{"href":"https:\/\/tiendasamor.com\/index.php\/wp-json\/wp\/v2\/types\/product"}],"replies":[{"embeddable":true,"href":"https:\/\/tiendasamor.com\/index.php\/wp-json\/wp\/v2\/comments?post=3668"}],"wp:featuredmedia":[{"embeddable":true,"href":"https:\/\/tiendasamor.com\/index.php\/wp-json\/wp\/v2\/media\/3669"}],"wp:attachment":[{"href":"https:\/\/tiendasamor.com\/index.php\/wp-json\/wp\/v2\/media?parent=3668"}],"wp:term":[{"taxonomy":"product_brand","embeddable":true,"href":"https:\/\/tiendasamor.com\/index.php\/wp-json\/wp\/v2\/product_brand?post=3668"},{"taxonomy":"product_cat","embeddable":true,"href":"https:\/\/tiendasamor.com\/index.php\/wp-json\/wp\/v2\/product_cat?post=3668"},{"taxonomy":"product_tag","embeddable":true,"href":"https:\/\/tiendasamor.com\/index.php\/wp-json\/wp\/v2\/product_tag?post=3668"}],"curies":[{"name":"wp","href":"https:\/\/api.w.org\/{rel}","templated":true}]}}