{"id":3659,"date":"2025-05-10T18:46:26","date_gmt":"2025-05-10T23:46:26","guid":{"rendered":"https:\/\/tiendasamor.com\/?post_type=product&#038;p=3659"},"modified":"2025-05-10T18:47:30","modified_gmt":"2025-05-10T23:47:30","slug":"pretty-love-electric-shock-vibro-bullets","status":"publish","type":"product","link":"https:\/\/tiendasamor.com\/index.php\/producto\/pretty-love-electric-shock-vibro-bullets\/","title":{"rendered":"Pretty Love Electric Shock Vibro \u2013 Bullets"},"content":{"rendered":"<p>Experimenta un hormigueo placentero en tus pezones y vagina con este huevo vibrador y pinzas para pezones. Totalmente ajustable para pezones de cualquier forma y tama\u00f1o, garantizando la m\u00e1xima comodidad. Cuenta con 7 funciones de vibraci\u00f3n, 1 funci\u00f3n y 3 niveles de intensidad de estimulaci\u00f3n el\u00e9ctrica. Disfruta de sensaciones intensas con este huevo vibrador y pinzas ajustables para pezones. Perfecto para la estimulaci\u00f3n del cl\u00edtoris u otra estimulaci\u00f3n externa, sus potentes funciones de vibraci\u00f3n te brindan grandes sensaciones que te llevar\u00e1n al l\u00edmite y m\u00e1s all\u00e1.<\/p>\n<p><strong>Funci\u00f3n:<\/strong>\u00a07 funciones de vibraci\u00f3n\u00a0<a title=\"\" name=\"22340\"><\/a>3 funciones de descarga el\u00e9ctrica<\/p>\n<p><strong>Alimentaci\u00f3n:<\/strong>\u00a02 pilas AAA<\/p>\n<p><strong>Material:<\/strong>\u00a0silicona\u00a0<a title=\"\" name=\"22343\"><\/a>abdominales<\/p>\n","protected":false},"excerpt":{"rendered":"<p>Experimenta un hormigueo placentero en tus pezones y vagina con este huevo vibrador y pinzas para pezones. Totalmente ajustable para pezones de cualquier forma y tama\u00f1o, garantizando la m\u00e1xima comodidad. Cuenta con 7 funciones de vibraci\u00f3n, 1 funci\u00f3n y 3 niveles de intensidad de estimulaci\u00f3n el\u00e9ctrica. Disfruta de sensaciones intensas con este huevo vibrador y [&hellip;]<\/p>\n","protected":false},"featured_media":3660,"comment_status":"open","ping_status":"closed","template":"","meta":[],"product_brand":[],"product_cat":[20,44,18,19,27],"product_tag":[],"class_list":{"0":"post-3659","1":"product","2":"type-product","3":"status-publish","4":"has-post-thumbnail","6":"product_cat-bondage","7":"product_cat-clitorales","8":"product_cat-juguetes","9":"product_cat-lenceria","10":"product_cat-vibradores","12":"first","13":"instock","14":"shipping-taxable","15":"purchasable","16":"product-type-simple"},"_links":{"self":[{"href":"https:\/\/tiendasamor.com\/index.php\/wp-json\/wp\/v2\/product\/3659","targetHints":{"allow":["GET"]}}],"collection":[{"href":"https:\/\/tiendasamor.com\/index.php\/wp-json\/wp\/v2\/product"}],"about":[{"href":"https:\/\/tiendasamor.com\/index.php\/wp-json\/wp\/v2\/types\/product"}],"replies":[{"embeddable":true,"href":"https:\/\/tiendasamor.com\/index.php\/wp-json\/wp\/v2\/comments?post=3659"}],"wp:featuredmedia":[{"embeddable":true,"href":"https:\/\/tiendasamor.com\/index.php\/wp-json\/wp\/v2\/media\/3660"}],"wp:attachment":[{"href":"https:\/\/tiendasamor.com\/index.php\/wp-json\/wp\/v2\/media?parent=3659"}],"wp:term":[{"taxonomy":"product_brand","embeddable":true,"href":"https:\/\/tiendasamor.com\/index.php\/wp-json\/wp\/v2\/product_brand?post=3659"},{"taxonomy":"product_cat","embeddable":true,"href":"https:\/\/tiendasamor.com\/index.php\/wp-json\/wp\/v2\/product_cat?post=3659"},{"taxonomy":"product_tag","embeddable":true,"href":"https:\/\/tiendasamor.com\/index.php\/wp-json\/wp\/v2\/product_tag?post=3659"}],"curies":[{"name":"wp","href":"https:\/\/api.w.org\/{rel}","templated":true}]}}