{"id":3649,"date":"2025-05-10T18:24:20","date_gmt":"2025-05-10T23:24:20","guid":{"rendered":"https:\/\/tiendasamor.com\/?post_type=product&#038;p=3649"},"modified":"2025-05-10T18:29:19","modified_gmt":"2025-05-10T23:29:19","slug":"nipple-clip-pezoneras-con-electroshop","status":"publish","type":"product","link":"https:\/\/tiendasamor.com\/index.php\/producto\/nipple-clip-pezoneras-con-electroshop\/","title":{"rendered":"Nipple Clip Pezoneras con Electroshop"},"content":{"rendered":"<p>Haz que tus pezones se estremezcan de alegr\u00eda con estas pinzas para pezones con vibraci\u00f3n y electroestimulaci\u00f3n. Disfruta de sensaciones intensas con estas pinzas vibratorias ajustables. Sus potentes funciones multivelocidad te llevar\u00e1n al l\u00edmite y m\u00e1s all\u00e1. Este set de estimulaci\u00f3n te ofrece todo lo necesario para un placer duradero en tus pezones y mucho m\u00e1s. Simplemente conecta la unidad de potencia y las pinzas para pezones y \u00fasalo para enviar diferentes intensidades de cosquilleo y pulsaciones el\u00e9ctricas y vibratorias a tus sensibles terminaciones nerviosas.<\/p>\n<ul>\n<li>Largo: 18 -15 cm<\/li>\n<li>Ancho: 5.3 cm<\/li>\n<li>Material: Silicona ABS Metal<\/li>\n<li>7 vibraciones y 3 choques electricos<\/li>\n<li>Recargable<\/li>\n<\/ul>\n","protected":false},"excerpt":{"rendered":"<p>Haz que tus pezones se estremezcan de alegr\u00eda con estas pinzas para pezones con vibraci\u00f3n y electroestimulaci\u00f3n. Disfruta de sensaciones intensas con estas pinzas vibratorias ajustables. Sus potentes funciones multivelocidad te llevar\u00e1n al l\u00edmite y m\u00e1s all\u00e1. Este set de estimulaci\u00f3n te ofrece todo lo necesario para un placer duradero en tus pezones y mucho [&hellip;]<\/p>\n","protected":false},"featured_media":3650,"comment_status":"open","ping_status":"closed","template":"","meta":[],"product_brand":[],"product_cat":[20,18,19,43,27],"product_tag":[],"class_list":{"0":"post-3649","1":"product","2":"type-product","3":"status-publish","4":"has-post-thumbnail","6":"product_cat-bondage","7":"product_cat-juguetes","8":"product_cat-lenceria","9":"product_cat-rabbit","10":"product_cat-vibradores","12":"first","13":"instock","14":"shipping-taxable","15":"purchasable","16":"product-type-simple"},"_links":{"self":[{"href":"https:\/\/tiendasamor.com\/index.php\/wp-json\/wp\/v2\/product\/3649","targetHints":{"allow":["GET"]}}],"collection":[{"href":"https:\/\/tiendasamor.com\/index.php\/wp-json\/wp\/v2\/product"}],"about":[{"href":"https:\/\/tiendasamor.com\/index.php\/wp-json\/wp\/v2\/types\/product"}],"replies":[{"embeddable":true,"href":"https:\/\/tiendasamor.com\/index.php\/wp-json\/wp\/v2\/comments?post=3649"}],"wp:featuredmedia":[{"embeddable":true,"href":"https:\/\/tiendasamor.com\/index.php\/wp-json\/wp\/v2\/media\/3650"}],"wp:attachment":[{"href":"https:\/\/tiendasamor.com\/index.php\/wp-json\/wp\/v2\/media?parent=3649"}],"wp:term":[{"taxonomy":"product_brand","embeddable":true,"href":"https:\/\/tiendasamor.com\/index.php\/wp-json\/wp\/v2\/product_brand?post=3649"},{"taxonomy":"product_cat","embeddable":true,"href":"https:\/\/tiendasamor.com\/index.php\/wp-json\/wp\/v2\/product_cat?post=3649"},{"taxonomy":"product_tag","embeddable":true,"href":"https:\/\/tiendasamor.com\/index.php\/wp-json\/wp\/v2\/product_tag?post=3649"}],"curies":[{"name":"wp","href":"https:\/\/api.w.org\/{rel}","templated":true}]}}