{"id":3641,"date":"2025-05-10T18:08:48","date_gmt":"2025-05-10T23:08:48","guid":{"rendered":"https:\/\/tiendasamor.com\/?post_type=product&#038;p=3641"},"modified":"2025-05-10T18:08:48","modified_gmt":"2025-05-10T23:08:48","slug":"pretty-love-fun-box-bala-vibrador","status":"publish","type":"product","link":"https:\/\/tiendasamor.com\/index.php\/producto\/pretty-love-fun-box-bala-vibrador\/","title":{"rendered":"Pretty Love Fun Box bala vibrador"},"content":{"rendered":"<p><span>Esta bala vibradora puede parecer peque\u00f1a, pero ten por seguro que ofrece much\u00edsimo placer en su peque\u00f1o tama\u00f1o. Puedes colocarla en tus zonas er\u00f3genas favoritas (como el cl\u00edtoris o los pezones) para estimulaci\u00f3n externa o insertarla para masajear tus paredes internas. Dondequiera que la coloques, esta ingeniosa bala ofrece 12 patrones de vibraci\u00f3n sensuales que te llevar\u00e1n a nuevas cotas de placer. Esta bala vibradora se conecta a su control remoto con cable y a su carcasa, que t\u00fa o tu pareja pod\u00e9is usar para alternar entre los 12 modos de vibraci\u00f3n sin problemas y facilita su extracci\u00f3n. \u00a1Ideal para cambiar f\u00e1cilmente la intensidad y la velocidad de tus sensaciones sin tener que interrumpir la diversi\u00f3n!<\/span><\/p>\n<p>12 funciones de vibraci\u00f3n<\/p>\n<p>recargable por USB<\/p>\n","protected":false},"excerpt":{"rendered":"<p>Esta bala vibradora puede parecer peque\u00f1a, pero ten por seguro que ofrece much\u00edsimo placer en su peque\u00f1o tama\u00f1o. Puedes colocarla en tus zonas er\u00f3genas favoritas (como el cl\u00edtoris o los pezones) para estimulaci\u00f3n externa o insertarla para masajear tus paredes internas. Dondequiera que la coloques, esta ingeniosa bala ofrece 12 patrones de vibraci\u00f3n sensuales que [&hellip;]<\/p>\n","protected":false},"featured_media":3642,"comment_status":"open","ping_status":"closed","template":"","meta":[],"product_brand":[],"product_cat":[40,44,27],"product_tag":[],"class_list":{"0":"post-3641","1":"product","2":"type-product","3":"status-publish","4":"has-post-thumbnail","6":"product_cat-bolas-chinas","7":"product_cat-clitorales","8":"product_cat-vibradores","10":"first","11":"instock","12":"shipping-taxable","13":"purchasable","14":"product-type-simple"},"_links":{"self":[{"href":"https:\/\/tiendasamor.com\/index.php\/wp-json\/wp\/v2\/product\/3641","targetHints":{"allow":["GET"]}}],"collection":[{"href":"https:\/\/tiendasamor.com\/index.php\/wp-json\/wp\/v2\/product"}],"about":[{"href":"https:\/\/tiendasamor.com\/index.php\/wp-json\/wp\/v2\/types\/product"}],"replies":[{"embeddable":true,"href":"https:\/\/tiendasamor.com\/index.php\/wp-json\/wp\/v2\/comments?post=3641"}],"wp:featuredmedia":[{"embeddable":true,"href":"https:\/\/tiendasamor.com\/index.php\/wp-json\/wp\/v2\/media\/3642"}],"wp:attachment":[{"href":"https:\/\/tiendasamor.com\/index.php\/wp-json\/wp\/v2\/media?parent=3641"}],"wp:term":[{"taxonomy":"product_brand","embeddable":true,"href":"https:\/\/tiendasamor.com\/index.php\/wp-json\/wp\/v2\/product_brand?post=3641"},{"taxonomy":"product_cat","embeddable":true,"href":"https:\/\/tiendasamor.com\/index.php\/wp-json\/wp\/v2\/product_cat?post=3641"},{"taxonomy":"product_tag","embeddable":true,"href":"https:\/\/tiendasamor.com\/index.php\/wp-json\/wp\/v2\/product_tag?post=3641"}],"curies":[{"name":"wp","href":"https:\/\/api.w.org\/{rel}","templated":true}]}}